{"id":12246,"date":"2026-01-18T10:56:29","date_gmt":"2026-01-18T09:56:29","guid":{"rendered":"https:\/\/www.bobooaza.pl\/index.php\/produkt\/b-o-835-04-miekki-sliniak-z-kieszonka-i-regulowanym-zapieciem\/"},"modified":"2026-01-18T11:01:22","modified_gmt":"2026-01-18T10:01:22","slug":"b-o-835-04-miekki-sliniak-z-kieszonka-i-regulowanym-zapieciem","status":"publish","type":"product","link":"https:\/\/www.bobooaza.pl\/index.php\/produkt\/b-o-835-04-miekki-sliniak-z-kieszonka-i-regulowanym-zapieciem\/","title":{"rendered":"B.O.835\/04 Mi\u0119kki \u015bliniak z kieszonk\u0105 i regulowanym zapi\u0119ciem"},"content":{"rendered":"<p>B.O.835\/04 to mi\u0119kki \u015bliniak z pojemn\u0105 kieszonk\u0105 i regulowanym zapi\u0119ciem, kt\u00f3ry chroni ubranko dziecka podczas nauki jedzenia i poznawania nowych smak\u00f3w. Kieszonka skutecznie zbiera resztki pokarmu, minimalizuj\u0105c zabrudzenia i u\u0142atwiaj\u0105c utrzymanie porz\u0105dku podczas posi\u0142k\u00f3w.<\/p>\n<p>\u015aliniak wykonano z mi\u0119kkiego, bezpiecznego tworzywa, wolnego od bisfenolu A, o\u0142owiu, ftalan\u00f3w i innych szkodliwych substancji, zapewniaj\u0105c komfort i bezpiecze\u0144stwo malucha. Regulowane zapi\u0119cie pozwala \u0142atwo dopasowa\u0107 \u015bliniak do szyi dziecka, a jego zak\u0142adanie i zdejmowanie jest szybkie i wygodne. Produkt idealnie sprawdza si\u0119 zar\u00f3wno w domu, jak i w podr\u00f3\u017cy, u\u0142atwiaj\u0105c codzienne karmienie i nauk\u0119 samodzielnego jedzenia.<\/p>\n","protected":false},"excerpt":{"rendered":"<p>B.O.835\/04 to mi\u0119kki \u015bliniak z pojemn\u0105 kieszonk\u0105 i regulowanym zapi\u0119ciem, kt\u00f3ry chroni ubranko dziecka podczas nauki jedzenia i poznawania nowych smak\u00f3w. Kieszonka skutecznie zbiera resztki pokarmu, minimalizuj\u0105c zabrudzenia i u\u0142atwiaj\u0105c utrzymanie porz\u0105dku podczas posi\u0142k\u00f3w. \u015aliniak wykonano z mi\u0119kkiego, bezpiecznego tworzywa, wolnego od bisfenolu A, o\u0142owiu, ftalan\u00f3w i innych szkodliwych substancji, zapewniaj\u0105c komfort i bezpiecze\u0144stwo malucha. [&hellip;]<\/p>\n","protected":false},"featured_media":12245,"comment_status":"open","ping_status":"closed","template":"","meta":[],"product_brand":[],"product_cat":[76,63,112,115],"product_tag":[],"class_list":{"0":"post-12246","1":"product","2":"type-product","3":"status-publish","4":"has-post-thumbnail","6":"product_cat-dziecko","7":"product_cat-karmienie","8":"product_cat-sliniaki","9":"product_cat-sliniaki-silikonowe","11":"first","12":"instock","13":"taxable","14":"shipping-taxable","15":"purchasable","16":"product-type-simple"},"_links":{"self":[{"href":"https:\/\/www.bobooaza.pl\/index.php\/wp-json\/wp\/v2\/product\/12246","targetHints":{"allow":["GET"]}}],"collection":[{"href":"https:\/\/www.bobooaza.pl\/index.php\/wp-json\/wp\/v2\/product"}],"about":[{"href":"https:\/\/www.bobooaza.pl\/index.php\/wp-json\/wp\/v2\/types\/product"}],"replies":[{"embeddable":true,"href":"https:\/\/www.bobooaza.pl\/index.php\/wp-json\/wp\/v2\/comments?post=12246"}],"wp:featuredmedia":[{"embeddable":true,"href":"https:\/\/www.bobooaza.pl\/index.php\/wp-json\/wp\/v2\/media\/12245"}],"wp:attachment":[{"href":"https:\/\/www.bobooaza.pl\/index.php\/wp-json\/wp\/v2\/media?parent=12246"}],"wp:term":[{"taxonomy":"product_brand","embeddable":true,"href":"https:\/\/www.bobooaza.pl\/index.php\/wp-json\/wp\/v2\/product_brand?post=12246"},{"taxonomy":"product_cat","embeddable":true,"href":"https:\/\/www.bobooaza.pl\/index.php\/wp-json\/wp\/v2\/product_cat?post=12246"},{"taxonomy":"product_tag","embeddable":true,"href":"https:\/\/www.bobooaza.pl\/index.php\/wp-json\/wp\/v2\/product_tag?post=12246"}],"curies":[{"name":"wp","href":"https:\/\/api.w.org\/{rel}","templated":true}]}}