{"id":12250,"date":"2026-01-18T10:56:31","date_gmt":"2026-01-18T09:56:31","guid":{"rendered":"https:\/\/www.bobooaza.pl\/index.php\/produkt\/mombella-01519-silikonowy-sliniak-z-kieszonka-light-brown\/"},"modified":"2026-01-19T21:55:36","modified_gmt":"2026-01-19T20:55:36","slug":"mombella-01519-silikonowy-sliniak-z-kieszonka-light-brown","status":"publish","type":"product","link":"https:\/\/www.bobooaza.pl\/index.php\/produkt\/mombella-01519-silikonowy-sliniak-z-kieszonka-light-brown\/","title":{"rendered":"Mombella 01519 Silikonowy \u015aliniak  z Kieszonk\u0105 Light Brown"},"content":{"rendered":"<p>Mombella 01519 to silikonowy \u015bliniak z kieszonk\u0105 3D w kolorze Light Brown, zaprojektowany z my\u015bl\u0105 o wygodzie dziecka podczas posi\u0142k\u00f3w. Szeroko otwarta kieszonka skutecznie wychwytuje okruszki, chroni\u0105c ubranko i brod\u0119 malucha, a elastyczny, lekki materia\u0142 nie obci\u0105\u017ca kr\u0119gos\u0142upa dziecka. Regulacja obwodu szyi w 6 poziomach pozwala idealnie dopasowa\u0107 \u015bliniak do potrzeb malucha, zapewniaj\u0105c swobod\u0119 ruch\u00f3w i komfort noszenia.<\/p>\n<p>Silikonowy \u015bliniak jest wodoodporny oraz odporny na zabrudzenia i t\u0142uszcz, a jego czyszczenie jest bardzo proste \u2013 mo\u017cna go przetrze\u0107 lub zmy\u0107 wod\u0105. Produkt jest elastyczny i \u0142atwy do zrolowania, co u\u0142atwia transport i pozwala zawsze mie\u0107 go przy sobie, niezale\u017cnie od miejsca \u2013 w domu, podczas spaceru, u dziadk\u00f3w czy w restauracji.<\/p>\n<p>\u015aliniak wykonano z bezpiecznego, hipoalergicznego silikonu, wolnego od BPA, PVC, o\u0142owiu i ftalan\u00f3w. Przeznaczony jest dla dzieci od 6. miesi\u0105ca \u017cycia. Jego wymiary to 26 cm d\u0142ugo\u015bci ca\u0142kowitej, 16 cm d\u0142ugo\u015bci po na\u0142o\u017ceniu, 23 cm szeroko\u015bci i 5 cm g\u0142\u0119boko\u015bci, co zapewnia wygodne u\u017cytkowanie i skuteczn\u0105 ochron\u0119 ubranka.<\/p>\n","protected":false},"excerpt":{"rendered":"<p>Mombella 01519 to silikonowy \u015bliniak z kieszonk\u0105 3D w kolorze Light Brown, zaprojektowany z my\u015bl\u0105 o wygodzie dziecka podczas posi\u0142k\u00f3w. Szeroko otwarta kieszonka skutecznie wychwytuje okruszki, chroni\u0105c ubranko i brod\u0119 malucha, a elastyczny, lekki materia\u0142 nie obci\u0105\u017ca kr\u0119gos\u0142upa dziecka. Regulacja obwodu szyi w 6 poziomach pozwala idealnie dopasowa\u0107 \u015bliniak do potrzeb malucha, zapewniaj\u0105c swobod\u0119 ruch\u00f3w [&hellip;]<\/p>\n","protected":false},"featured_media":12247,"comment_status":"open","ping_status":"closed","template":"","meta":[],"product_brand":[],"product_cat":[76,63,112,115],"product_tag":[],"class_list":{"0":"post-12250","1":"product","2":"type-product","3":"status-publish","4":"has-post-thumbnail","6":"product_cat-dziecko","7":"product_cat-karmienie","8":"product_cat-sliniaki","9":"product_cat-sliniaki-silikonowe","11":"first","12":"outofstock","13":"taxable","14":"shipping-taxable","15":"purchasable","16":"product-type-simple"},"_links":{"self":[{"href":"https:\/\/www.bobooaza.pl\/index.php\/wp-json\/wp\/v2\/product\/12250","targetHints":{"allow":["GET"]}}],"collection":[{"href":"https:\/\/www.bobooaza.pl\/index.php\/wp-json\/wp\/v2\/product"}],"about":[{"href":"https:\/\/www.bobooaza.pl\/index.php\/wp-json\/wp\/v2\/types\/product"}],"replies":[{"embeddable":true,"href":"https:\/\/www.bobooaza.pl\/index.php\/wp-json\/wp\/v2\/comments?post=12250"}],"wp:featuredmedia":[{"embeddable":true,"href":"https:\/\/www.bobooaza.pl\/index.php\/wp-json\/wp\/v2\/media\/12247"}],"wp:attachment":[{"href":"https:\/\/www.bobooaza.pl\/index.php\/wp-json\/wp\/v2\/media?parent=12250"}],"wp:term":[{"taxonomy":"product_brand","embeddable":true,"href":"https:\/\/www.bobooaza.pl\/index.php\/wp-json\/wp\/v2\/product_brand?post=12250"},{"taxonomy":"product_cat","embeddable":true,"href":"https:\/\/www.bobooaza.pl\/index.php\/wp-json\/wp\/v2\/product_cat?post=12250"},{"taxonomy":"product_tag","embeddable":true,"href":"https:\/\/www.bobooaza.pl\/index.php\/wp-json\/wp\/v2\/product_tag?post=12250"}],"curies":[{"name":"wp","href":"https:\/\/api.w.org\/{rel}","templated":true}]}}