{"id":12256,"date":"2026-01-18T10:56:34","date_gmt":"2026-01-18T09:56:34","guid":{"rendered":"https:\/\/www.bobooaza.pl\/index.php\/produkt\/b-o-1639-02-silikonowy-sliniak-z-regulowanym-zapieciem\/"},"modified":"2026-01-18T11:01:26","modified_gmt":"2026-01-18T10:01:26","slug":"b-o-1639-02-silikonowy-sliniak-z-regulowanym-zapieciem","status":"publish","type":"product","link":"https:\/\/www.bobooaza.pl\/index.php\/produkt\/b-o-1639-02-silikonowy-sliniak-z-regulowanym-zapieciem\/","title":{"rendered":"B.O.1639\/02 Silikonowy \u015bliniak z regulowanym zapi\u0119ciem"},"content":{"rendered":"<p>B.O.1639\/02 to silikonowy \u015bliniak z regulowanym zapi\u0119ciem, kt\u00f3ry idealnie dopasowuje si\u0119 do cia\u0142a dziecka, zapewniaj\u0105c wygod\u0119 podczas posi\u0142k\u00f3w. Zaokr\u0105glone boki chroni\u0105 wi\u0119ksz\u0105 powierzchni\u0119 ubranka przed zabrudzeniami, co pozwala maluchowi swobodnie odkrywa\u0107 nowe smaki bez obaw o plamy.<\/p>\n<p>Wykonany z bezpiecznego silikonu, \u015bliniak przeznaczony jest dla dzieci od 6. miesi\u0105ca \u017cycia. Produkt jest \u0142atwy w czyszczeniu, a regulowane zapi\u0119cie umo\u017cliwia idealne dopasowanie do szyi dziecka. \u015aliniak nale\u017cy stosowa\u0107 pod nadzorem osoby doros\u0142ej, regularnie kontrolowa\u0107 jego stan i wyrzuci\u0107 w przypadku uszkodzenia lub zu\u017cycia. Produkt nie jest zabawk\u0105, a opakowanie warto zachowa\u0107 dla cel\u00f3w informacyjnych.<\/p>\n","protected":false},"excerpt":{"rendered":"<p>B.O.1639\/02 to silikonowy \u015bliniak z regulowanym zapi\u0119ciem, kt\u00f3ry idealnie dopasowuje si\u0119 do cia\u0142a dziecka, zapewniaj\u0105c wygod\u0119 podczas posi\u0142k\u00f3w. Zaokr\u0105glone boki chroni\u0105 wi\u0119ksz\u0105 powierzchni\u0119 ubranka przed zabrudzeniami, co pozwala maluchowi swobodnie odkrywa\u0107 nowe smaki bez obaw o plamy. Wykonany z bezpiecznego silikonu, \u015bliniak przeznaczony jest dla dzieci od 6. miesi\u0105ca \u017cycia. Produkt jest \u0142atwy w czyszczeniu, [&hellip;]<\/p>\n","protected":false},"featured_media":12254,"comment_status":"open","ping_status":"closed","template":"","meta":[],"product_brand":[],"product_cat":[76,63,112,115],"product_tag":[],"class_list":{"0":"post-12256","1":"product","2":"type-product","3":"status-publish","4":"has-post-thumbnail","6":"product_cat-dziecko","7":"product_cat-karmienie","8":"product_cat-sliniaki","9":"product_cat-sliniaki-silikonowe","11":"first","12":"instock","13":"taxable","14":"shipping-taxable","15":"purchasable","16":"product-type-simple"},"_links":{"self":[{"href":"https:\/\/www.bobooaza.pl\/index.php\/wp-json\/wp\/v2\/product\/12256","targetHints":{"allow":["GET"]}}],"collection":[{"href":"https:\/\/www.bobooaza.pl\/index.php\/wp-json\/wp\/v2\/product"}],"about":[{"href":"https:\/\/www.bobooaza.pl\/index.php\/wp-json\/wp\/v2\/types\/product"}],"replies":[{"embeddable":true,"href":"https:\/\/www.bobooaza.pl\/index.php\/wp-json\/wp\/v2\/comments?post=12256"}],"wp:featuredmedia":[{"embeddable":true,"href":"https:\/\/www.bobooaza.pl\/index.php\/wp-json\/wp\/v2\/media\/12254"}],"wp:attachment":[{"href":"https:\/\/www.bobooaza.pl\/index.php\/wp-json\/wp\/v2\/media?parent=12256"}],"wp:term":[{"taxonomy":"product_brand","embeddable":true,"href":"https:\/\/www.bobooaza.pl\/index.php\/wp-json\/wp\/v2\/product_brand?post=12256"},{"taxonomy":"product_cat","embeddable":true,"href":"https:\/\/www.bobooaza.pl\/index.php\/wp-json\/wp\/v2\/product_cat?post=12256"},{"taxonomy":"product_tag","embeddable":true,"href":"https:\/\/www.bobooaza.pl\/index.php\/wp-json\/wp\/v2\/product_tag?post=12256"}],"curies":[{"name":"wp","href":"https:\/\/api.w.org\/{rel}","templated":true}]}}