{"id":12259,"date":"2026-01-18T10:56:35","date_gmt":"2026-01-18T09:56:35","guid":{"rendered":"https:\/\/www.bobooaza.pl\/index.php\/produkt\/b-o-1639-03-silikonowy-sliniak-z-regulowanym-zapieciem\/"},"modified":"2026-01-18T11:01:27","modified_gmt":"2026-01-18T10:01:27","slug":"b-o-1639-03-silikonowy-sliniak-z-regulowanym-zapieciem","status":"publish","type":"product","link":"https:\/\/www.bobooaza.pl\/index.php\/produkt\/b-o-1639-03-silikonowy-sliniak-z-regulowanym-zapieciem\/","title":{"rendered":"B.O.1639\/03 Silikonowy \u015bliniak z regulowanym zapi\u0119ciem"},"content":{"rendered":"<p>B.O.1639\/03 to silikonowy \u015bliniak z regulowanym zapi\u0119ciem, kt\u00f3ry idealnie dopasowuje si\u0119 do kszta\u0142tu cia\u0142a dziecka, zapewniaj\u0105c komfort podczas posi\u0142k\u00f3w. Dzi\u0119ki zaokr\u0105glonym bokom chroni wi\u0119ksz\u0105 powierzchni\u0119 ubranka przed zabrudzeniami, co pozwala maluchowi swobodnie odkrywa\u0107 nowe smaki bez obaw o plamy i ba\u0142agan.<\/p>\n<p>Wykonany z bezpiecznego silikonu, produkt nadaje si\u0119 dla dzieci od 6. miesi\u0105ca \u017cycia. \u015aliniak jest \u0142atwy w czyszczeniu i odporny na zabrudzenia, a regulowane zapi\u0119cie umo\u017cliwia idealne dopasowanie do szyi dziecka. Produkt nale\u017cy u\u017cywa\u0107 pod nadzorem osoby doros\u0142ej i regularnie kontrolowa\u0107 jego stan \u2013 w przypadku oznak zu\u017cycia lub uszkodzenia nale\u017cy go wyrzuci\u0107. \u015aliniak nie jest zabawk\u0105, a opakowanie warto zachowa\u0107 w celach informacyjnych.<\/p>\n","protected":false},"excerpt":{"rendered":"<p>B.O.1639\/03 to silikonowy \u015bliniak z regulowanym zapi\u0119ciem, kt\u00f3ry idealnie dopasowuje si\u0119 do kszta\u0142tu cia\u0142a dziecka, zapewniaj\u0105c komfort podczas posi\u0142k\u00f3w. Dzi\u0119ki zaokr\u0105glonym bokom chroni wi\u0119ksz\u0105 powierzchni\u0119 ubranka przed zabrudzeniami, co pozwala maluchowi swobodnie odkrywa\u0107 nowe smaki bez obaw o plamy i ba\u0142agan. Wykonany z bezpiecznego silikonu, produkt nadaje si\u0119 dla dzieci od 6. miesi\u0105ca \u017cycia. \u015aliniak [&hellip;]<\/p>\n","protected":false},"featured_media":12257,"comment_status":"open","ping_status":"closed","template":"","meta":[],"product_brand":[],"product_cat":[76,63,112,115],"product_tag":[],"class_list":{"0":"post-12259","1":"product","2":"type-product","3":"status-publish","4":"has-post-thumbnail","6":"product_cat-dziecko","7":"product_cat-karmienie","8":"product_cat-sliniaki","9":"product_cat-sliniaki-silikonowe","11":"first","12":"instock","13":"taxable","14":"shipping-taxable","15":"purchasable","16":"product-type-simple"},"_links":{"self":[{"href":"https:\/\/www.bobooaza.pl\/index.php\/wp-json\/wp\/v2\/product\/12259","targetHints":{"allow":["GET"]}}],"collection":[{"href":"https:\/\/www.bobooaza.pl\/index.php\/wp-json\/wp\/v2\/product"}],"about":[{"href":"https:\/\/www.bobooaza.pl\/index.php\/wp-json\/wp\/v2\/types\/product"}],"replies":[{"embeddable":true,"href":"https:\/\/www.bobooaza.pl\/index.php\/wp-json\/wp\/v2\/comments?post=12259"}],"wp:featuredmedia":[{"embeddable":true,"href":"https:\/\/www.bobooaza.pl\/index.php\/wp-json\/wp\/v2\/media\/12257"}],"wp:attachment":[{"href":"https:\/\/www.bobooaza.pl\/index.php\/wp-json\/wp\/v2\/media?parent=12259"}],"wp:term":[{"taxonomy":"product_brand","embeddable":true,"href":"https:\/\/www.bobooaza.pl\/index.php\/wp-json\/wp\/v2\/product_brand?post=12259"},{"taxonomy":"product_cat","embeddable":true,"href":"https:\/\/www.bobooaza.pl\/index.php\/wp-json\/wp\/v2\/product_cat?post=12259"},{"taxonomy":"product_tag","embeddable":true,"href":"https:\/\/www.bobooaza.pl\/index.php\/wp-json\/wp\/v2\/product_tag?post=12259"}],"curies":[{"name":"wp","href":"https:\/\/api.w.org\/{rel}","templated":true}]}}