{"id":12280,"date":"2026-01-18T11:07:30","date_gmt":"2026-01-18T10:07:30","guid":{"rendered":"https:\/\/www.bobooaza.pl\/index.php\/produkt\/b-o-1476-02-sliniak-z-dlugim-rekawem-toukans\/"},"modified":"2026-01-19T21:55:38","modified_gmt":"2026-01-19T20:55:38","slug":"b-o-1476-02-sliniak-z-dlugim-rekawem-toukans","status":"publish","type":"product","link":"https:\/\/www.bobooaza.pl\/index.php\/produkt\/b-o-1476-02-sliniak-z-dlugim-rekawem-toukans\/","title":{"rendered":"B.O.1476\/02 \u015aliniak z d\u0142ugim r\u0119kawem TOUKANS"},"content":{"rendered":"<p>B.O.1476\/02 to \u015bliniak z d\u0142ugim r\u0119kawem TOUKANS, kt\u00f3ry skutecznie chroni ubranie dziecka podczas posi\u0142k\u00f3w. Zabezpiecza prz\u00f3d i r\u0119kawy, a elastyczne gumki zapewniaj\u0105 wygodne dopasowanie do ma\u0142ych r\u0105czek. Wyposa\u017cony w praktyczn\u0105 kieszonk\u0119 na okruszki zatrzymuje resztki jedzenia, a wodoodporny materia\u0142 z pow\u0142ok\u0105 PU u\u0142atwia utrzymanie \u015bliniaka w czysto\u015bci. Regulowane zapi\u0119cie pozwala idealnie dopasowa\u0107 \u015bliniak do szyi dziecka, zapewniaj\u0105c komfort podczas jedzenia. Produkt przeznaczony dla dzieci w wieku od 6 miesi\u0119cy do 2 lat, wymiary 74 x 36 cm.<\/p>\n","protected":false},"excerpt":{"rendered":"<p>B.O.1476\/02 to \u015bliniak z d\u0142ugim r\u0119kawem TOUKANS, kt\u00f3ry skutecznie chroni ubranie dziecka podczas posi\u0142k\u00f3w. Zabezpiecza prz\u00f3d i r\u0119kawy, a elastyczne gumki zapewniaj\u0105 wygodne dopasowanie do ma\u0142ych r\u0105czek. Wyposa\u017cony w praktyczn\u0105 kieszonk\u0119 na okruszki zatrzymuje resztki jedzenia, a wodoodporny materia\u0142 z pow\u0142ok\u0105 PU u\u0142atwia utrzymanie \u015bliniaka w czysto\u015bci. Regulowane zapi\u0119cie pozwala idealnie dopasowa\u0107 \u015bliniak do szyi [&hellip;]<\/p>\n","protected":false},"featured_media":12273,"comment_status":"open","ping_status":"closed","template":"","meta":[],"product_brand":[],"product_cat":[76,63,112,114],"product_tag":[],"class_list":{"0":"post-12280","1":"product","2":"type-product","3":"status-publish","4":"has-post-thumbnail","6":"product_cat-dziecko","7":"product_cat-karmienie","8":"product_cat-sliniaki","9":"product_cat-sliniaki-z-rekawkami","11":"first","12":"instock","13":"taxable","14":"shipping-taxable","15":"purchasable","16":"product-type-simple"},"_links":{"self":[{"href":"https:\/\/www.bobooaza.pl\/index.php\/wp-json\/wp\/v2\/product\/12280","targetHints":{"allow":["GET"]}}],"collection":[{"href":"https:\/\/www.bobooaza.pl\/index.php\/wp-json\/wp\/v2\/product"}],"about":[{"href":"https:\/\/www.bobooaza.pl\/index.php\/wp-json\/wp\/v2\/types\/product"}],"replies":[{"embeddable":true,"href":"https:\/\/www.bobooaza.pl\/index.php\/wp-json\/wp\/v2\/comments?post=12280"}],"wp:featuredmedia":[{"embeddable":true,"href":"https:\/\/www.bobooaza.pl\/index.php\/wp-json\/wp\/v2\/media\/12273"}],"wp:attachment":[{"href":"https:\/\/www.bobooaza.pl\/index.php\/wp-json\/wp\/v2\/media?parent=12280"}],"wp:term":[{"taxonomy":"product_brand","embeddable":true,"href":"https:\/\/www.bobooaza.pl\/index.php\/wp-json\/wp\/v2\/product_brand?post=12280"},{"taxonomy":"product_cat","embeddable":true,"href":"https:\/\/www.bobooaza.pl\/index.php\/wp-json\/wp\/v2\/product_cat?post=12280"},{"taxonomy":"product_tag","embeddable":true,"href":"https:\/\/www.bobooaza.pl\/index.php\/wp-json\/wp\/v2\/product_tag?post=12280"}],"curies":[{"name":"wp","href":"https:\/\/api.w.org\/{rel}","templated":true}]}}