{"id":12286,"date":"2026-01-18T11:07:34","date_gmt":"2026-01-18T10:07:34","guid":{"rendered":"https:\/\/www.bobooaza.pl\/index.php\/produkt\/b-o-1477-01-sliniak-z-dlugim-rekawem-floral\/"},"modified":"2026-01-18T11:10:52","modified_gmt":"2026-01-18T10:10:52","slug":"b-o-1477-01-sliniak-z-dlugim-rekawem-floral","status":"publish","type":"product","link":"https:\/\/www.bobooaza.pl\/index.php\/produkt\/b-o-1477-01-sliniak-z-dlugim-rekawem-floral\/","title":{"rendered":"B.O.1477\/01 \u015aliniak z d\u0142ugim r\u0119kawem FLORAL"},"content":{"rendered":"<p>B.O.1477\/01 to \u015bliniak z d\u0142ugim r\u0119kawem FLORAL, kt\u00f3ry skutecznie chroni ubranie dziecka podczas posi\u0142k\u00f3w. Zabezpiecza prz\u00f3d i r\u0119kawy, a elastyczne gumki zapewniaj\u0105 dopasowanie do ma\u0142ych r\u0105czek. Wyposa\u017cony w praktyczn\u0105 kieszonk\u0119 na okruszki zatrzymuje resztki jedzenia, a wodoodporny materia\u0142 z pow\u0142ok\u0105 PU u\u0142atwia utrzymanie \u015bliniaka w czysto\u015bci. Regulowane zapi\u0119cie pozwala idealnie dopasowa\u0107 \u015bliniak do obwodu szyi dziecka, zapewniaj\u0105c komfort podczas jedzenia. Produkt przeznaczony dla dzieci w wieku 2-4 lata, wymiary 85 x 42 cm.<\/p>\n","protected":false},"excerpt":{"rendered":"<p>B.O.1477\/01 to \u015bliniak z d\u0142ugim r\u0119kawem FLORAL, kt\u00f3ry skutecznie chroni ubranie dziecka podczas posi\u0142k\u00f3w. Zabezpiecza prz\u00f3d i r\u0119kawy, a elastyczne gumki zapewniaj\u0105 dopasowanie do ma\u0142ych r\u0105czek. Wyposa\u017cony w praktyczn\u0105 kieszonk\u0119 na okruszki zatrzymuje resztki jedzenia, a wodoodporny materia\u0142 z pow\u0142ok\u0105 PU u\u0142atwia utrzymanie \u015bliniaka w czysto\u015bci. Regulowane zapi\u0119cie pozwala idealnie dopasowa\u0107 \u015bliniak do obwodu szyi [&hellip;]<\/p>\n","protected":false},"featured_media":12281,"comment_status":"open","ping_status":"closed","template":"","meta":[],"product_brand":[],"product_cat":[76,63,112,114],"product_tag":[],"class_list":{"0":"post-12286","1":"product","2":"type-product","3":"status-publish","4":"has-post-thumbnail","6":"product_cat-dziecko","7":"product_cat-karmienie","8":"product_cat-sliniaki","9":"product_cat-sliniaki-z-rekawkami","11":"first","12":"instock","13":"taxable","14":"shipping-taxable","15":"purchasable","16":"product-type-simple"},"_links":{"self":[{"href":"https:\/\/www.bobooaza.pl\/index.php\/wp-json\/wp\/v2\/product\/12286","targetHints":{"allow":["GET"]}}],"collection":[{"href":"https:\/\/www.bobooaza.pl\/index.php\/wp-json\/wp\/v2\/product"}],"about":[{"href":"https:\/\/www.bobooaza.pl\/index.php\/wp-json\/wp\/v2\/types\/product"}],"replies":[{"embeddable":true,"href":"https:\/\/www.bobooaza.pl\/index.php\/wp-json\/wp\/v2\/comments?post=12286"}],"wp:featuredmedia":[{"embeddable":true,"href":"https:\/\/www.bobooaza.pl\/index.php\/wp-json\/wp\/v2\/media\/12281"}],"wp:attachment":[{"href":"https:\/\/www.bobooaza.pl\/index.php\/wp-json\/wp\/v2\/media?parent=12286"}],"wp:term":[{"taxonomy":"product_brand","embeddable":true,"href":"https:\/\/www.bobooaza.pl\/index.php\/wp-json\/wp\/v2\/product_brand?post=12286"},{"taxonomy":"product_cat","embeddable":true,"href":"https:\/\/www.bobooaza.pl\/index.php\/wp-json\/wp\/v2\/product_cat?post=12286"},{"taxonomy":"product_tag","embeddable":true,"href":"https:\/\/www.bobooaza.pl\/index.php\/wp-json\/wp\/v2\/product_tag?post=12286"}],"curies":[{"name":"wp","href":"https:\/\/api.w.org\/{rel}","templated":true}]}}