{"id":12291,"date":"2026-01-18T11:07:37","date_gmt":"2026-01-18T10:07:37","guid":{"rendered":"https:\/\/www.bobooaza.pl\/index.php\/produkt\/b-o-1477-02-sliniak-z-dlugim-rekawem-jungle\/"},"modified":"2026-01-18T11:10:53","modified_gmt":"2026-01-18T10:10:53","slug":"b-o-1477-02-sliniak-z-dlugim-rekawem-jungle","status":"publish","type":"product","link":"https:\/\/www.bobooaza.pl\/index.php\/produkt\/b-o-1477-02-sliniak-z-dlugim-rekawem-jungle\/","title":{"rendered":"B.O.1477\/02 \u015aliniak z d\u0142ugim r\u0119kawem JUNGLE"},"content":{"rendered":"<p>B.O.1477\/02 to \u015bliniak z d\u0142ugim r\u0119kawem JUNGLE, kt\u00f3ry dzia\u0142a jak praktyczny fartuszek chroni\u0105cy ubranie dziecka podczas posi\u0142k\u00f3w. Zabezpiecza prz\u00f3d ubrania oraz r\u0119kawy, a dzi\u0119ki elastycznym gumkom dobrze dopasowuje si\u0119 do ma\u0142ych r\u0105czek. Wyposa\u017cony jest w kieszonk\u0119 na okruszki, kt\u00f3ra zatrzymuje resztki jedzenia, a wodoodporny materia\u0142 i pow\u0142oka PU u\u0142atwiaj\u0105 utrzymanie go w czysto\u015bci. Regulowane zapi\u0119cie pozwala dopasowa\u0107 \u015bliniak do obwodu szyi dziecka, zapewniaj\u0105c komfort podczas jedzenia. Produkt przeznaczony dla dzieci w wieku 2-4 lata, wymiary 85 x 42 cm.<\/p>\n","protected":false},"excerpt":{"rendered":"<p>B.O.1477\/02 to \u015bliniak z d\u0142ugim r\u0119kawem JUNGLE, kt\u00f3ry dzia\u0142a jak praktyczny fartuszek chroni\u0105cy ubranie dziecka podczas posi\u0142k\u00f3w. Zabezpiecza prz\u00f3d ubrania oraz r\u0119kawy, a dzi\u0119ki elastycznym gumkom dobrze dopasowuje si\u0119 do ma\u0142ych r\u0105czek. Wyposa\u017cony jest w kieszonk\u0119 na okruszki, kt\u00f3ra zatrzymuje resztki jedzenia, a wodoodporny materia\u0142 i pow\u0142oka PU u\u0142atwiaj\u0105 utrzymanie go w czysto\u015bci. Regulowane zapi\u0119cie [&hellip;]<\/p>\n","protected":false},"featured_media":12287,"comment_status":"open","ping_status":"closed","template":"","meta":[],"product_brand":[],"product_cat":[76,63,112,114],"product_tag":[],"class_list":{"0":"post-12291","1":"product","2":"type-product","3":"status-publish","4":"has-post-thumbnail","6":"product_cat-dziecko","7":"product_cat-karmienie","8":"product_cat-sliniaki","9":"product_cat-sliniaki-z-rekawkami","11":"first","12":"instock","13":"taxable","14":"shipping-taxable","15":"purchasable","16":"product-type-simple"},"_links":{"self":[{"href":"https:\/\/www.bobooaza.pl\/index.php\/wp-json\/wp\/v2\/product\/12291","targetHints":{"allow":["GET"]}}],"collection":[{"href":"https:\/\/www.bobooaza.pl\/index.php\/wp-json\/wp\/v2\/product"}],"about":[{"href":"https:\/\/www.bobooaza.pl\/index.php\/wp-json\/wp\/v2\/types\/product"}],"replies":[{"embeddable":true,"href":"https:\/\/www.bobooaza.pl\/index.php\/wp-json\/wp\/v2\/comments?post=12291"}],"wp:featuredmedia":[{"embeddable":true,"href":"https:\/\/www.bobooaza.pl\/index.php\/wp-json\/wp\/v2\/media\/12287"}],"wp:attachment":[{"href":"https:\/\/www.bobooaza.pl\/index.php\/wp-json\/wp\/v2\/media?parent=12291"}],"wp:term":[{"taxonomy":"product_brand","embeddable":true,"href":"https:\/\/www.bobooaza.pl\/index.php\/wp-json\/wp\/v2\/product_brand?post=12291"},{"taxonomy":"product_cat","embeddable":true,"href":"https:\/\/www.bobooaza.pl\/index.php\/wp-json\/wp\/v2\/product_cat?post=12291"},{"taxonomy":"product_tag","embeddable":true,"href":"https:\/\/www.bobooaza.pl\/index.php\/wp-json\/wp\/v2\/product_tag?post=12291"}],"curies":[{"name":"wp","href":"https:\/\/api.w.org\/{rel}","templated":true}]}}