{"id":12294,"date":"2026-01-18T11:07:38","date_gmt":"2026-01-18T10:07:38","guid":{"rendered":"https:\/\/www.bobooaza.pl\/index.php\/produkt\/b-o-1476-03-sliniak-z-dlugim-rekawem-plane\/"},"modified":"2026-01-19T21:55:38","modified_gmt":"2026-01-19T20:55:38","slug":"b-o-1476-03-sliniak-z-dlugim-rekawem-plane","status":"publish","type":"product","link":"https:\/\/www.bobooaza.pl\/index.php\/produkt\/b-o-1476-03-sliniak-z-dlugim-rekawem-plane\/","title":{"rendered":"B.O.1476\/03 \u015aliniak z d\u0142ugim r\u0119kawem PLANE"},"content":{"rendered":"<p>B.O.1476\/03 to \u015bliniak z d\u0142ugim r\u0119kawem PLANE, kt\u00f3ry dzia\u0142a jak praktyczny fartuszek, chroni\u0105cy ubranie dziecka podczas posi\u0142k\u00f3w, zabaw i zaj\u0119\u0107 plastycznych. \u015aliniak zabezpiecza zar\u00f3wno prz\u00f3d ubrania, jak i r\u0119kawy, a dzi\u0119ki elastycznym gumkom dobrze przylega do ma\u0142ych r\u0105czek. Wyposa\u017cony jest w kieszonk\u0119 na okruszki, kt\u00f3ra skutecznie zatrzymuje resztki jedzenia. Zapi\u0119cie na rzep jest regulowane, co umo\u017cliwia komfortowe dopasowanie \u015bliniaka do szyi dziecka. Produkt jest wodoodporny i \u0142atwy w utrzymaniu czysto\u015bci. Nale\u017cy stosowa\u0107 go pod nadzorem doros\u0142ych i pami\u0119ta\u0107, \u017ce nie jest zabawk\u0105.<\/p>\n","protected":false},"excerpt":{"rendered":"<p>B.O.1476\/03 to \u015bliniak z d\u0142ugim r\u0119kawem PLANE, kt\u00f3ry dzia\u0142a jak praktyczny fartuszek, chroni\u0105cy ubranie dziecka podczas posi\u0142k\u00f3w, zabaw i zaj\u0119\u0107 plastycznych. \u015aliniak zabezpiecza zar\u00f3wno prz\u00f3d ubrania, jak i r\u0119kawy, a dzi\u0119ki elastycznym gumkom dobrze przylega do ma\u0142ych r\u0105czek. Wyposa\u017cony jest w kieszonk\u0119 na okruszki, kt\u00f3ra skutecznie zatrzymuje resztki jedzenia. Zapi\u0119cie na rzep jest regulowane, co [&hellip;]<\/p>\n","protected":false},"featured_media":12292,"comment_status":"open","ping_status":"closed","template":"","meta":[],"product_brand":[],"product_cat":[76,63,112,114],"product_tag":[],"class_list":{"0":"post-12294","1":"product","2":"type-product","3":"status-publish","4":"has-post-thumbnail","6":"product_cat-dziecko","7":"product_cat-karmienie","8":"product_cat-sliniaki","9":"product_cat-sliniaki-z-rekawkami","11":"first","12":"instock","13":"taxable","14":"shipping-taxable","15":"purchasable","16":"product-type-simple"},"_links":{"self":[{"href":"https:\/\/www.bobooaza.pl\/index.php\/wp-json\/wp\/v2\/product\/12294","targetHints":{"allow":["GET"]}}],"collection":[{"href":"https:\/\/www.bobooaza.pl\/index.php\/wp-json\/wp\/v2\/product"}],"about":[{"href":"https:\/\/www.bobooaza.pl\/index.php\/wp-json\/wp\/v2\/types\/product"}],"replies":[{"embeddable":true,"href":"https:\/\/www.bobooaza.pl\/index.php\/wp-json\/wp\/v2\/comments?post=12294"}],"wp:featuredmedia":[{"embeddable":true,"href":"https:\/\/www.bobooaza.pl\/index.php\/wp-json\/wp\/v2\/media\/12292"}],"wp:attachment":[{"href":"https:\/\/www.bobooaza.pl\/index.php\/wp-json\/wp\/v2\/media?parent=12294"}],"wp:term":[{"taxonomy":"product_brand","embeddable":true,"href":"https:\/\/www.bobooaza.pl\/index.php\/wp-json\/wp\/v2\/product_brand?post=12294"},{"taxonomy":"product_cat","embeddable":true,"href":"https:\/\/www.bobooaza.pl\/index.php\/wp-json\/wp\/v2\/product_cat?post=12294"},{"taxonomy":"product_tag","embeddable":true,"href":"https:\/\/www.bobooaza.pl\/index.php\/wp-json\/wp\/v2\/product_tag?post=12294"}],"curies":[{"name":"wp","href":"https:\/\/api.w.org\/{rel}","templated":true}]}}