{"id":12297,"date":"2026-01-18T11:07:41","date_gmt":"2026-01-18T10:07:41","guid":{"rendered":"https:\/\/www.bobooaza.pl\/index.php\/produkt\/b-o-1477-03-sliniak-z-dlugim-rekawem-fox\/"},"modified":"2026-01-19T21:55:39","modified_gmt":"2026-01-19T20:55:39","slug":"b-o-1477-03-sliniak-z-dlugim-rekawem-fox","status":"publish","type":"product","link":"https:\/\/www.bobooaza.pl\/index.php\/produkt\/b-o-1477-03-sliniak-z-dlugim-rekawem-fox\/","title":{"rendered":"B.O.1477\/03 \u015aliniak z d\u0142ugim r\u0119kawem FOX"},"content":{"rendered":"<p>B.O.1477\/03 to \u015bliniak z d\u0142ugim r\u0119kawem FOX, kt\u00f3ry dzia\u0142a jak praktyczny fartuszek, chroni\u0105cy ubranie dziecka podczas posi\u0142k\u00f3w, zabaw czy zaj\u0119\u0107 plastycznych. Dzi\u0119ki pe\u0142nemu pokryciu r\u0119kaw\u00f3w oraz elastycznym gumkom dobrze przylega do ma\u0142ych r\u0105czek, a dodatkowa kieszonka na okruszki skutecznie zatrzymuje resztki jedzenia. Zapi\u0119cie na rzep jest regulowane, co pozwala komfortowo dopasowa\u0107 \u015bliniak do szyi dziecka. Produkt jest wodoodporny i \u0142atwy w czyszczeniu, a elastyczne gumki na r\u0119kawach zapewniaj\u0105 dobre dopasowanie do dzieci\u0119cych r\u0105czek. Wykonany jest w 100% z poliestru z pow\u0142ok\u0105 PU, przeznaczony dla dzieci w wieku od 2 do 4 lat.<\/p>\n","protected":false},"excerpt":{"rendered":"<p>B.O.1477\/03 to \u015bliniak z d\u0142ugim r\u0119kawem FOX, kt\u00f3ry dzia\u0142a jak praktyczny fartuszek, chroni\u0105cy ubranie dziecka podczas posi\u0142k\u00f3w, zabaw czy zaj\u0119\u0107 plastycznych. Dzi\u0119ki pe\u0142nemu pokryciu r\u0119kaw\u00f3w oraz elastycznym gumkom dobrze przylega do ma\u0142ych r\u0105czek, a dodatkowa kieszonka na okruszki skutecznie zatrzymuje resztki jedzenia. Zapi\u0119cie na rzep jest regulowane, co pozwala komfortowo dopasowa\u0107 \u015bliniak do szyi dziecka. [&hellip;]<\/p>\n","protected":false},"featured_media":12295,"comment_status":"open","ping_status":"closed","template":"","meta":[],"product_brand":[],"product_cat":[76,63,112,114],"product_tag":[],"class_list":{"0":"post-12297","1":"product","2":"type-product","3":"status-publish","4":"has-post-thumbnail","6":"product_cat-dziecko","7":"product_cat-karmienie","8":"product_cat-sliniaki","9":"product_cat-sliniaki-z-rekawkami","11":"first","12":"instock","13":"taxable","14":"shipping-taxable","15":"purchasable","16":"product-type-simple"},"_links":{"self":[{"href":"https:\/\/www.bobooaza.pl\/index.php\/wp-json\/wp\/v2\/product\/12297","targetHints":{"allow":["GET"]}}],"collection":[{"href":"https:\/\/www.bobooaza.pl\/index.php\/wp-json\/wp\/v2\/product"}],"about":[{"href":"https:\/\/www.bobooaza.pl\/index.php\/wp-json\/wp\/v2\/types\/product"}],"replies":[{"embeddable":true,"href":"https:\/\/www.bobooaza.pl\/index.php\/wp-json\/wp\/v2\/comments?post=12297"}],"wp:featuredmedia":[{"embeddable":true,"href":"https:\/\/www.bobooaza.pl\/index.php\/wp-json\/wp\/v2\/media\/12295"}],"wp:attachment":[{"href":"https:\/\/www.bobooaza.pl\/index.php\/wp-json\/wp\/v2\/media?parent=12297"}],"wp:term":[{"taxonomy":"product_brand","embeddable":true,"href":"https:\/\/www.bobooaza.pl\/index.php\/wp-json\/wp\/v2\/product_brand?post=12297"},{"taxonomy":"product_cat","embeddable":true,"href":"https:\/\/www.bobooaza.pl\/index.php\/wp-json\/wp\/v2\/product_cat?post=12297"},{"taxonomy":"product_tag","embeddable":true,"href":"https:\/\/www.bobooaza.pl\/index.php\/wp-json\/wp\/v2\/product_tag?post=12297"}],"curies":[{"name":"wp","href":"https:\/\/api.w.org\/{rel}","templated":true}]}}