{"id":12299,"date":"2026-01-18T11:10:44","date_gmt":"2026-01-18T10:10:44","guid":{"rendered":"https:\/\/www.bobooaza.pl\/index.php\/produkt\/akuku-a1744-sliniak-rekawek-okulary\/"},"modified":"2026-01-19T20:21:43","modified_gmt":"2026-01-19T19:21:43","slug":"akuku-a1744-sliniak-rekawek-okulary","status":"publish","type":"product","link":"https:\/\/www.bobooaza.pl\/index.php\/produkt\/akuku-a1744-sliniak-rekawek-okulary\/","title":{"rendered":"AKUKU A1744 \u015aliniak r\u0119kawek okulary"},"content":{"rendered":"<p>Fartuszek wi\u0105zany wykonany jest w ca\u0142o\u015bci z wysokiej jako\u015bci bawe\u0142ny, a jego wewn\u0119trzna cz\u0119\u015b\u0107 zosta\u0142a podszyta mi\u0119kk\u0105, wodoodporn\u0105 ceratk\u0105, kt\u00f3ra chroni ubranie dziecka przed zabrudzeniem. Kolorowe aplikacje sprawiaj\u0105, \u017ce posi\u0142ek lub zabawa staj\u0105 si\u0119 przyjemniejsze, a ca\u0142o\u015b\u0107 jest bezpieczna i komfortowa w u\u017cyciu. Produkt wyprodukowano w Polsce. Fartuszek ma wymiary 34 cm szeroko\u015bci i 34 cm d\u0142ugo\u015bci od szyi. Sk\u0142ad materia\u0142u: 100% bawe\u0142na z warstw\u0105 zmi\u0119kczonej ceratki PVC.<\/p>\n","protected":false},"excerpt":{"rendered":"<p>Fartuszek wi\u0105zany wykonany jest w ca\u0142o\u015bci z wysokiej jako\u015bci bawe\u0142ny, a jego wewn\u0119trzna cz\u0119\u015b\u0107 zosta\u0142a podszyta mi\u0119kk\u0105, wodoodporn\u0105 ceratk\u0105, kt\u00f3ra chroni ubranie dziecka przed zabrudzeniem. Kolorowe aplikacje sprawiaj\u0105, \u017ce posi\u0142ek lub zabawa staj\u0105 si\u0119 przyjemniejsze, a ca\u0142o\u015b\u0107 jest bezpieczna i komfortowa w u\u017cyciu. Produkt wyprodukowano w Polsce. Fartuszek ma wymiary 34 cm szeroko\u015bci i 34 [&hellip;]<\/p>\n","protected":false},"featured_media":12298,"comment_status":"open","ping_status":"closed","template":"","meta":[],"product_brand":[],"product_cat":[76,63,112,114],"product_tag":[],"class_list":{"0":"post-12299","1":"product","2":"type-product","3":"status-publish","4":"has-post-thumbnail","6":"product_cat-dziecko","7":"product_cat-karmienie","8":"product_cat-sliniaki","9":"product_cat-sliniaki-z-rekawkami","11":"first","12":"instock","13":"taxable","14":"shipping-taxable","15":"purchasable","16":"product-type-simple"},"_links":{"self":[{"href":"https:\/\/www.bobooaza.pl\/index.php\/wp-json\/wp\/v2\/product\/12299","targetHints":{"allow":["GET"]}}],"collection":[{"href":"https:\/\/www.bobooaza.pl\/index.php\/wp-json\/wp\/v2\/product"}],"about":[{"href":"https:\/\/www.bobooaza.pl\/index.php\/wp-json\/wp\/v2\/types\/product"}],"replies":[{"embeddable":true,"href":"https:\/\/www.bobooaza.pl\/index.php\/wp-json\/wp\/v2\/comments?post=12299"}],"wp:featuredmedia":[{"embeddable":true,"href":"https:\/\/www.bobooaza.pl\/index.php\/wp-json\/wp\/v2\/media\/12298"}],"wp:attachment":[{"href":"https:\/\/www.bobooaza.pl\/index.php\/wp-json\/wp\/v2\/media?parent=12299"}],"wp:term":[{"taxonomy":"product_brand","embeddable":true,"href":"https:\/\/www.bobooaza.pl\/index.php\/wp-json\/wp\/v2\/product_brand?post=12299"},{"taxonomy":"product_cat","embeddable":true,"href":"https:\/\/www.bobooaza.pl\/index.php\/wp-json\/wp\/v2\/product_cat?post=12299"},{"taxonomy":"product_tag","embeddable":true,"href":"https:\/\/www.bobooaza.pl\/index.php\/wp-json\/wp\/v2\/product_tag?post=12299"}],"curies":[{"name":"wp","href":"https:\/\/api.w.org\/{rel}","templated":true}]}}