{"id":12301,"date":"2026-01-18T12:35:56","date_gmt":"2026-01-18T11:35:56","guid":{"rendered":"https:\/\/www.bobooaza.pl\/index.php\/produkt\/avent-scd838-11-zestaw-4-butelek-responsywnychszczotka-do-buteleksmoczek-do-butelki\/"},"modified":"2026-01-19T21:55:39","modified_gmt":"2026-01-19T20:55:39","slug":"avent-scd838-11-zestaw-4-butelek-responsywnychszczotka-do-buteleksmoczek-do-butelki","status":"publish","type":"product","link":"https:\/\/www.bobooaza.pl\/index.php\/produkt\/avent-scd838-11-zestaw-4-butelek-responsywnychszczotka-do-buteleksmoczek-do-butelki\/","title":{"rendered":"AVENT SCD838\/11 Zestaw 4 Butelek Responsywnych+szczotka do butelek+smoczek do butelki"},"content":{"rendered":"<p>Philips Avent SCD838\/11 to zestaw zawieraj\u0105cy 4 responsywne butelki Natural, smoczek ultra soft oraz szczotk\u0119 do czyszczenia butelek. Butelki zaprojektowano tak, aby u\u0142atwia\u0142y naturalne karmienie dziecka i minimalizowa\u0142y ryzyko kolki. Smoczek jest mi\u0119kki i delikatny dla wra\u017cliwych dzi\u0105se\u0142 malucha, a do\u0142\u0105czona szczotka umo\u017cliwia wygodne i dok\u0142adne czyszczenie butelek. Zestaw zapewnia kompletne wyposa\u017cenie do codziennego karmienia niemowl\u0119cia.<\/p>\n","protected":false},"excerpt":{"rendered":"<p>Philips Avent SCD838\/11 to zestaw zawieraj\u0105cy 4 responsywne butelki Natural, smoczek ultra soft oraz szczotk\u0119 do czyszczenia butelek. Butelki zaprojektowano tak, aby u\u0142atwia\u0142y naturalne karmienie dziecka i minimalizowa\u0142y ryzyko kolki. Smoczek jest mi\u0119kki i delikatny dla wra\u017cliwych dzi\u0105se\u0142 malucha, a do\u0142\u0105czona szczotka umo\u017cliwia wygodne i dok\u0142adne czyszczenie butelek. Zestaw zapewnia kompletne wyposa\u017cenie do codziennego karmienia [&hellip;]<\/p>\n","protected":false},"featured_media":12300,"comment_status":"open","ping_status":"closed","template":"","meta":[],"product_brand":[],"product_cat":[64,76,63],"product_tag":[],"class_list":{"0":"post-12301","1":"product","2":"type-product","3":"status-publish","4":"has-post-thumbnail","6":"product_cat-butelki-i-akcesoria","7":"product_cat-dziecko","8":"product_cat-karmienie","10":"first","11":"instock","12":"taxable","13":"shipping-taxable","14":"purchasable","15":"product-type-simple"},"_links":{"self":[{"href":"https:\/\/www.bobooaza.pl\/index.php\/wp-json\/wp\/v2\/product\/12301","targetHints":{"allow":["GET"]}}],"collection":[{"href":"https:\/\/www.bobooaza.pl\/index.php\/wp-json\/wp\/v2\/product"}],"about":[{"href":"https:\/\/www.bobooaza.pl\/index.php\/wp-json\/wp\/v2\/types\/product"}],"replies":[{"embeddable":true,"href":"https:\/\/www.bobooaza.pl\/index.php\/wp-json\/wp\/v2\/comments?post=12301"}],"wp:featuredmedia":[{"embeddable":true,"href":"https:\/\/www.bobooaza.pl\/index.php\/wp-json\/wp\/v2\/media\/12300"}],"wp:attachment":[{"href":"https:\/\/www.bobooaza.pl\/index.php\/wp-json\/wp\/v2\/media?parent=12301"}],"wp:term":[{"taxonomy":"product_brand","embeddable":true,"href":"https:\/\/www.bobooaza.pl\/index.php\/wp-json\/wp\/v2\/product_brand?post=12301"},{"taxonomy":"product_cat","embeddable":true,"href":"https:\/\/www.bobooaza.pl\/index.php\/wp-json\/wp\/v2\/product_cat?post=12301"},{"taxonomy":"product_tag","embeddable":true,"href":"https:\/\/www.bobooaza.pl\/index.php\/wp-json\/wp\/v2\/product_tag?post=12301"}],"curies":[{"name":"wp","href":"https:\/\/api.w.org\/{rel}","templated":true}]}}