{"id":12311,"date":"2026-01-18T12:59:25","date_gmt":"2026-01-18T11:59:25","guid":{"rendered":"https:\/\/www.bobooaza.pl\/index.php\/produkt\/avent-scy903-11-butelka-natural-responsywna-rozowa-260-ml\/"},"modified":"2026-01-18T13:02:19","modified_gmt":"2026-01-18T12:02:19","slug":"avent-scy903-11-butelka-natural-responsywna-rozowa-260-ml","status":"publish","type":"product","link":"https:\/\/www.bobooaza.pl\/index.php\/produkt\/avent-scy903-11-butelka-natural-responsywna-rozowa-260-ml\/","title":{"rendered":"AVENT SCY903\/11 Butelka Natural Responsywna r\u00f3\u017cowa 260 ml"},"content":{"rendered":"<p>AVENT SCY903\/11 Butelka Natural Responsywna 260 ml w r\u00f3\u017cowym kolorze wspiera naturalny rytm ssania niemowl\u0119cia, umo\u017cliwiaj\u0105c dziecku picie, po\u0142ykanie i oddychanie w spos\u00f3b naturalny, jak przy piersi. Smoczek Natural Response wypuszcza mleko tylko podczas aktywnego ssania, co u\u0142atwia \u0142\u0105czenie karmienia piersi\u0105 i butelk\u0105. Butelka posiada regulowany przep\u0142yw pokarmu w trzech pr\u0119dko\u015bciach, nak\u0142adk\u0119 antykolkow\u0105 ograniczaj\u0105c\u0105 dostawanie si\u0119 powietrza do brzuszka oraz specjaln\u0105 konstrukcj\u0119 smoczka zapobiegaj\u0105c\u0105 kapaniu. Ergonomiczna forma u\u0142atwia trzymanie nawet ma\u0142ym r\u0105czkom, a produkt jest \u0142atwy w myciu i sk\u0142adaniu. Smoczek i butelka wykonane s\u0105 z silikonu wolnego od bisfenolu A. Zestaw zawiera butelk\u0119 o pojemno\u015bci 260 ml oraz smoczek z regulacj\u0105 przep\u0142ywu.<\/p>\n","protected":false},"excerpt":{"rendered":"<p>AVENT SCY903\/11 Butelka Natural Responsywna 260 ml w r\u00f3\u017cowym kolorze wspiera naturalny rytm ssania niemowl\u0119cia, umo\u017cliwiaj\u0105c dziecku picie, po\u0142ykanie i oddychanie w spos\u00f3b naturalny, jak przy piersi. Smoczek Natural Response wypuszcza mleko tylko podczas aktywnego ssania, co u\u0142atwia \u0142\u0105czenie karmienia piersi\u0105 i butelk\u0105. Butelka posiada regulowany przep\u0142yw pokarmu w trzech pr\u0119dko\u015bciach, nak\u0142adk\u0119 antykolkow\u0105 ograniczaj\u0105c\u0105 dostawanie [&hellip;]<\/p>\n","protected":false},"featured_media":12310,"comment_status":"open","ping_status":"closed","template":"","meta":[],"product_brand":[],"product_cat":[64,76,63],"product_tag":[],"class_list":{"0":"post-12311","1":"product","2":"type-product","3":"status-publish","4":"has-post-thumbnail","6":"product_cat-butelki-i-akcesoria","7":"product_cat-dziecko","8":"product_cat-karmienie","10":"first","11":"instock","12":"taxable","13":"shipping-taxable","14":"purchasable","15":"product-type-simple"},"_links":{"self":[{"href":"https:\/\/www.bobooaza.pl\/index.php\/wp-json\/wp\/v2\/product\/12311","targetHints":{"allow":["GET"]}}],"collection":[{"href":"https:\/\/www.bobooaza.pl\/index.php\/wp-json\/wp\/v2\/product"}],"about":[{"href":"https:\/\/www.bobooaza.pl\/index.php\/wp-json\/wp\/v2\/types\/product"}],"replies":[{"embeddable":true,"href":"https:\/\/www.bobooaza.pl\/index.php\/wp-json\/wp\/v2\/comments?post=12311"}],"wp:featuredmedia":[{"embeddable":true,"href":"https:\/\/www.bobooaza.pl\/index.php\/wp-json\/wp\/v2\/media\/12310"}],"wp:attachment":[{"href":"https:\/\/www.bobooaza.pl\/index.php\/wp-json\/wp\/v2\/media?parent=12311"}],"wp:term":[{"taxonomy":"product_brand","embeddable":true,"href":"https:\/\/www.bobooaza.pl\/index.php\/wp-json\/wp\/v2\/product_brand?post=12311"},{"taxonomy":"product_cat","embeddable":true,"href":"https:\/\/www.bobooaza.pl\/index.php\/wp-json\/wp\/v2\/product_cat?post=12311"},{"taxonomy":"product_tag","embeddable":true,"href":"https:\/\/www.bobooaza.pl\/index.php\/wp-json\/wp\/v2\/product_tag?post=12311"}],"curies":[{"name":"wp","href":"https:\/\/api.w.org\/{rel}","templated":true}]}}