{"id":12313,"date":"2026-01-18T12:59:26","date_gmt":"2026-01-18T11:59:26","guid":{"rendered":"https:\/\/www.bobooaza.pl\/index.php\/produkt\/avent-scy900-01-butelka-natural-responsywna-125-ml\/"},"modified":"2026-01-18T13:02:20","modified_gmt":"2026-01-18T12:02:20","slug":"avent-scy900-01-butelka-natural-responsywna-125-ml","status":"publish","type":"product","link":"https:\/\/www.bobooaza.pl\/index.php\/produkt\/avent-scy900-01-butelka-natural-responsywna-125-ml\/","title":{"rendered":"AVENT SCY900\/01 Butelka Natural Responsywna 125 ml"},"content":{"rendered":"<p>AVENT SCY900\/01 Butelka Natural Responsywna 125 ml wspiera naturalny rytm ssania niemowl\u0119cia, umo\u017cliwiaj\u0105c picie, po\u0142ykanie i oddychanie w spos\u00f3b naturalny, jak przy piersi. Smoczek Natural Response wypuszcza mleko tylko podczas aktywnego ssania, co u\u0142atwia \u0142\u0105czenie karmienia piersi\u0105 i butelk\u0105. Produkt posiada regulowany przep\u0142yw pokarmu w dw\u00f3ch pr\u0119dko\u015bciach, nak\u0142adk\u0119 antykolkow\u0105 ograniczaj\u0105c\u0105 dostawanie si\u0119 powietrza do brzuszka oraz konstrukcj\u0119 smoczka zapobiegaj\u0105c\u0105 kapaniu. Ergonomiczna forma u\u0142atwia trzymanie nawet ma\u0142ym r\u0105czkom, a butelka jest \u0142atwa w myciu i sk\u0142adaniu. Smoczek i butelka wykonane s\u0105 z silikonu wolnego od bisfenolu A. Zestaw zawiera butelk\u0119 125 ml oraz smoczek z regulacj\u0105 przep\u0142ywu.<\/p>\n","protected":false},"excerpt":{"rendered":"<p>AVENT SCY900\/01 Butelka Natural Responsywna 125 ml wspiera naturalny rytm ssania niemowl\u0119cia, umo\u017cliwiaj\u0105c picie, po\u0142ykanie i oddychanie w spos\u00f3b naturalny, jak przy piersi. Smoczek Natural Response wypuszcza mleko tylko podczas aktywnego ssania, co u\u0142atwia \u0142\u0105czenie karmienia piersi\u0105 i butelk\u0105. Produkt posiada regulowany przep\u0142yw pokarmu w dw\u00f3ch pr\u0119dko\u015bciach, nak\u0142adk\u0119 antykolkow\u0105 ograniczaj\u0105c\u0105 dostawanie si\u0119 powietrza do brzuszka [&hellip;]<\/p>\n","protected":false},"featured_media":12312,"comment_status":"open","ping_status":"closed","template":"","meta":[],"product_brand":[],"product_cat":[64,76,63],"product_tag":[],"class_list":{"0":"post-12313","1":"product","2":"type-product","3":"status-publish","4":"has-post-thumbnail","6":"product_cat-butelki-i-akcesoria","7":"product_cat-dziecko","8":"product_cat-karmienie","10":"first","11":"instock","12":"taxable","13":"shipping-taxable","14":"purchasable","15":"product-type-simple"},"_links":{"self":[{"href":"https:\/\/www.bobooaza.pl\/index.php\/wp-json\/wp\/v2\/product\/12313","targetHints":{"allow":["GET"]}}],"collection":[{"href":"https:\/\/www.bobooaza.pl\/index.php\/wp-json\/wp\/v2\/product"}],"about":[{"href":"https:\/\/www.bobooaza.pl\/index.php\/wp-json\/wp\/v2\/types\/product"}],"replies":[{"embeddable":true,"href":"https:\/\/www.bobooaza.pl\/index.php\/wp-json\/wp\/v2\/comments?post=12313"}],"wp:featuredmedia":[{"embeddable":true,"href":"https:\/\/www.bobooaza.pl\/index.php\/wp-json\/wp\/v2\/media\/12312"}],"wp:attachment":[{"href":"https:\/\/www.bobooaza.pl\/index.php\/wp-json\/wp\/v2\/media?parent=12313"}],"wp:term":[{"taxonomy":"product_brand","embeddable":true,"href":"https:\/\/www.bobooaza.pl\/index.php\/wp-json\/wp\/v2\/product_brand?post=12313"},{"taxonomy":"product_cat","embeddable":true,"href":"https:\/\/www.bobooaza.pl\/index.php\/wp-json\/wp\/v2\/product_cat?post=12313"},{"taxonomy":"product_tag","embeddable":true,"href":"https:\/\/www.bobooaza.pl\/index.php\/wp-json\/wp\/v2\/product_tag?post=12313"}],"curies":[{"name":"wp","href":"https:\/\/api.w.org\/{rel}","templated":true}]}}