{"id":12315,"date":"2026-01-18T12:59:28","date_gmt":"2026-01-18T11:59:28","guid":{"rendered":"https:\/\/www.bobooaza.pl\/index.php\/produkt\/avent-scy673-81-butelka-natural-responsywna-dekor-260-ml\/"},"modified":"2026-01-18T13:02:20","modified_gmt":"2026-01-18T12:02:20","slug":"avent-scy673-81-butelka-natural-responsywna-dekor-260-ml","status":"publish","type":"product","link":"https:\/\/www.bobooaza.pl\/index.php\/produkt\/avent-scy673-81-butelka-natural-responsywna-dekor-260-ml\/","title":{"rendered":"AVENT SCY673\/81 Butelka Natural Responsywna dekor 260 ml"},"content":{"rendered":"<p>AVENT SCY673\/81 Butelka Natural Responsywna dekor 260 ml zapewnia karmienie, kt\u00f3re imituje naturalny rytm ssania piersi, wspieraj\u0105c prawid\u0142owe po\u0142ykanie i oddychanie niemowl\u0119cia. Smoczek Natural Response wypuszcza mleko tylko podczas aktywnego ssania, co u\u0142atwia \u0142\u0105czenie karmienia piersi\u0105 i butelk\u0105. Nak\u0142adka antykolkowa AirFree ogranicza dostawanie si\u0119 powietrza do brzuszka, zmniejszaj\u0105c ryzyko kolek, gaz\u00f3w i ulew. Butelka posiada regulowany przep\u0142yw pokarmu, specjaln\u0105 konstrukcj\u0119 smoczka zapobiegaj\u0105c\u0105 kapaniu, jest \u0142atwa do trzymania nawet dla ma\u0142ych r\u0105czek, a jej czyszczenie i sk\u0142adanie jest proste. Produkt jest kompatybilny z innymi akcesoriami Philips Avent i wykonany z materia\u0142\u00f3w wolnych od bisfenolu A. Zestaw zawiera butelk\u0119 260 ml oraz smoczek z regulacj\u0105 przep\u0142ywu.<\/p>\n","protected":false},"excerpt":{"rendered":"<p>AVENT SCY673\/81 Butelka Natural Responsywna dekor 260 ml zapewnia karmienie, kt\u00f3re imituje naturalny rytm ssania piersi, wspieraj\u0105c prawid\u0142owe po\u0142ykanie i oddychanie niemowl\u0119cia. Smoczek Natural Response wypuszcza mleko tylko podczas aktywnego ssania, co u\u0142atwia \u0142\u0105czenie karmienia piersi\u0105 i butelk\u0105. Nak\u0142adka antykolkowa AirFree ogranicza dostawanie si\u0119 powietrza do brzuszka, zmniejszaj\u0105c ryzyko kolek, gaz\u00f3w i ulew. Butelka posiada [&hellip;]<\/p>\n","protected":false},"featured_media":12314,"comment_status":"open","ping_status":"closed","template":"","meta":[],"product_brand":[],"product_cat":[64,76,63],"product_tag":[],"class_list":{"0":"post-12315","1":"product","2":"type-product","3":"status-publish","4":"has-post-thumbnail","6":"product_cat-butelki-i-akcesoria","7":"product_cat-dziecko","8":"product_cat-karmienie","10":"first","11":"instock","12":"taxable","13":"shipping-taxable","14":"purchasable","15":"product-type-simple"},"_links":{"self":[{"href":"https:\/\/www.bobooaza.pl\/index.php\/wp-json\/wp\/v2\/product\/12315","targetHints":{"allow":["GET"]}}],"collection":[{"href":"https:\/\/www.bobooaza.pl\/index.php\/wp-json\/wp\/v2\/product"}],"about":[{"href":"https:\/\/www.bobooaza.pl\/index.php\/wp-json\/wp\/v2\/types\/product"}],"replies":[{"embeddable":true,"href":"https:\/\/www.bobooaza.pl\/index.php\/wp-json\/wp\/v2\/comments?post=12315"}],"wp:featuredmedia":[{"embeddable":true,"href":"https:\/\/www.bobooaza.pl\/index.php\/wp-json\/wp\/v2\/media\/12314"}],"wp:attachment":[{"href":"https:\/\/www.bobooaza.pl\/index.php\/wp-json\/wp\/v2\/media?parent=12315"}],"wp:term":[{"taxonomy":"product_brand","embeddable":true,"href":"https:\/\/www.bobooaza.pl\/index.php\/wp-json\/wp\/v2\/product_brand?post=12315"},{"taxonomy":"product_cat","embeddable":true,"href":"https:\/\/www.bobooaza.pl\/index.php\/wp-json\/wp\/v2\/product_cat?post=12315"},{"taxonomy":"product_tag","embeddable":true,"href":"https:\/\/www.bobooaza.pl\/index.php\/wp-json\/wp\/v2\/product_tag?post=12315"}],"curies":[{"name":"wp","href":"https:\/\/api.w.org\/{rel}","templated":true}]}}