{"id":12319,"date":"2026-01-18T12:59:30","date_gmt":"2026-01-18T11:59:30","guid":{"rendered":"https:\/\/www.bobooaza.pl\/index.php\/produkt\/avent-scy673-01-butelka-natural-responsywna-260-ml\/"},"modified":"2026-01-18T13:02:21","modified_gmt":"2026-01-18T12:02:21","slug":"avent-scy673-01-butelka-natural-responsywna-260-ml","status":"publish","type":"product","link":"https:\/\/www.bobooaza.pl\/index.php\/produkt\/avent-scy673-01-butelka-natural-responsywna-260-ml\/","title":{"rendered":"AVENT SCY673\/01 Butelka Natural Responsywna 260 ml"},"content":{"rendered":"<p>AVENT SCY673\/01 Butelka Natural Responsywna 260 ml wspiera naturalny rytm ssania niemowl\u0119cia i umo\u017cliwia \u0142atwe \u0142\u0105czenie karmienia piersi\u0105 i butelk\u0105. Szeroki, mi\u0119kki i elastyczny smoczek Natural Response na\u015bladuje kszta\u0142t i faktur\u0119 piersi, wypuszczaj\u0105c mleko tylko podczas aktywnego ssania dziecka, co ogranicza rozlewanie si\u0119 pokarmu. Nak\u0142adka antykolkowa AirFree zapobiega przedostawaniu si\u0119 powietrza do brzuszka, zmniejszaj\u0105c ryzyko kolek i ulew. Smoczek posiada regulacj\u0119 przep\u0142ywu pokarmu w dw\u00f3ch pr\u0119dko\u015bciach, dopasowuj\u0105c karmienie do indywidualnego tempa dziecka. Butelka jest \u0142atwa w trzymaniu nawet przez ma\u0142e r\u0105czki, prosta w nape\u0142nianiu, myciu i sk\u0142adaniu, a wszystkie elementy wykonano z mi\u0119kkiego silikonu wolnego od bisfenolu A. Zestaw zawiera butelk\u0119 260 ml oraz smoczek z regulacj\u0105 przep\u0142ywu w dw\u00f3ch pr\u0119dko\u015bciach.<\/p>\n","protected":false},"excerpt":{"rendered":"<p>AVENT SCY673\/01 Butelka Natural Responsywna 260 ml wspiera naturalny rytm ssania niemowl\u0119cia i umo\u017cliwia \u0142atwe \u0142\u0105czenie karmienia piersi\u0105 i butelk\u0105. Szeroki, mi\u0119kki i elastyczny smoczek Natural Response na\u015bladuje kszta\u0142t i faktur\u0119 piersi, wypuszczaj\u0105c mleko tylko podczas aktywnego ssania dziecka, co ogranicza rozlewanie si\u0119 pokarmu. Nak\u0142adka antykolkowa AirFree zapobiega przedostawaniu si\u0119 powietrza do brzuszka, zmniejszaj\u0105c ryzyko [&hellip;]<\/p>\n","protected":false},"featured_media":12318,"comment_status":"open","ping_status":"closed","template":"","meta":[],"product_brand":[],"product_cat":[64,76,63],"product_tag":[],"class_list":{"0":"post-12319","1":"product","2":"type-product","3":"status-publish","4":"has-post-thumbnail","6":"product_cat-butelki-i-akcesoria","7":"product_cat-dziecko","8":"product_cat-karmienie","10":"first","11":"instock","12":"taxable","13":"shipping-taxable","14":"purchasable","15":"product-type-simple"},"_links":{"self":[{"href":"https:\/\/www.bobooaza.pl\/index.php\/wp-json\/wp\/v2\/product\/12319","targetHints":{"allow":["GET"]}}],"collection":[{"href":"https:\/\/www.bobooaza.pl\/index.php\/wp-json\/wp\/v2\/product"}],"about":[{"href":"https:\/\/www.bobooaza.pl\/index.php\/wp-json\/wp\/v2\/types\/product"}],"replies":[{"embeddable":true,"href":"https:\/\/www.bobooaza.pl\/index.php\/wp-json\/wp\/v2\/comments?post=12319"}],"wp:featuredmedia":[{"embeddable":true,"href":"https:\/\/www.bobooaza.pl\/index.php\/wp-json\/wp\/v2\/media\/12318"}],"wp:attachment":[{"href":"https:\/\/www.bobooaza.pl\/index.php\/wp-json\/wp\/v2\/media?parent=12319"}],"wp:term":[{"taxonomy":"product_brand","embeddable":true,"href":"https:\/\/www.bobooaza.pl\/index.php\/wp-json\/wp\/v2\/product_brand?post=12319"},{"taxonomy":"product_cat","embeddable":true,"href":"https:\/\/www.bobooaza.pl\/index.php\/wp-json\/wp\/v2\/product_cat?post=12319"},{"taxonomy":"product_tag","embeddable":true,"href":"https:\/\/www.bobooaza.pl\/index.php\/wp-json\/wp\/v2\/product_tag?post=12319"}],"curies":[{"name":"wp","href":"https:\/\/api.w.org\/{rel}","templated":true}]}}