{"id":12325,"date":"2026-01-18T12:59:33","date_gmt":"2026-01-18T11:59:33","guid":{"rendered":"https:\/\/www.bobooaza.pl\/index.php\/produkt\/avent-scy903-67-butelka-responsywna-natural-dekor-260-ml\/"},"modified":"2026-01-18T13:02:23","modified_gmt":"2026-01-18T12:02:23","slug":"avent-scy903-67-butelka-responsywna-natural-dekor-260-ml","status":"publish","type":"product","link":"https:\/\/www.bobooaza.pl\/index.php\/produkt\/avent-scy903-67-butelka-responsywna-natural-dekor-260-ml\/","title":{"rendered":"AVENT SCY903\/67 Butelka Responsywna Natural dekor 260 ml"},"content":{"rendered":"<p>AVENT SCY903\/67 Butelka Responsywna Natural dekor 260 ml wspiera naturalny rytm ssania niemowl\u0119cia i u\u0142atwia \u0142\u0105czenie karmienia piersi\u0105 i butelk\u0105. Smoczek Natural Response na\u015bladuje kszta\u0142t piersi, umo\u017cliwiaj\u0105c wyp\u0142ywanie mleka tylko podczas aktywnego ssania dziecka, co zapewnia naturalny spos\u00f3b picia i chroni przed rozlewaniem pokarmu. Nak\u0142adka antykolkowa ogranicza przedostawanie si\u0119 powietrza do brzuszka i zmniejsza ryzyko kolki, a ergonomiczny kszta\u0142t butelki u\u0142atwia jej trzymanie nawet przez ma\u0142e r\u0105czki. Produkt jest prosty w myciu i sk\u0142adaniu, a wszystkie elementy wykonano z materia\u0142\u00f3w wolnych od bisfenolu A. Zestaw zawiera butelk\u0119 o pojemno\u015bci 260 ml.<\/p>\n","protected":false},"excerpt":{"rendered":"<p>AVENT SCY903\/67 Butelka Responsywna Natural dekor 260 ml wspiera naturalny rytm ssania niemowl\u0119cia i u\u0142atwia \u0142\u0105czenie karmienia piersi\u0105 i butelk\u0105. Smoczek Natural Response na\u015bladuje kszta\u0142t piersi, umo\u017cliwiaj\u0105c wyp\u0142ywanie mleka tylko podczas aktywnego ssania dziecka, co zapewnia naturalny spos\u00f3b picia i chroni przed rozlewaniem pokarmu. Nak\u0142adka antykolkowa ogranicza przedostawanie si\u0119 powietrza do brzuszka i zmniejsza ryzyko [&hellip;]<\/p>\n","protected":false},"featured_media":12324,"comment_status":"open","ping_status":"closed","template":"","meta":[],"product_brand":[],"product_cat":[64,76,63],"product_tag":[],"class_list":{"0":"post-12325","1":"product","2":"type-product","3":"status-publish","4":"has-post-thumbnail","6":"product_cat-butelki-i-akcesoria","7":"product_cat-dziecko","8":"product_cat-karmienie","10":"first","11":"instock","12":"taxable","13":"shipping-taxable","14":"purchasable","15":"product-type-simple"},"_links":{"self":[{"href":"https:\/\/www.bobooaza.pl\/index.php\/wp-json\/wp\/v2\/product\/12325","targetHints":{"allow":["GET"]}}],"collection":[{"href":"https:\/\/www.bobooaza.pl\/index.php\/wp-json\/wp\/v2\/product"}],"about":[{"href":"https:\/\/www.bobooaza.pl\/index.php\/wp-json\/wp\/v2\/types\/product"}],"replies":[{"embeddable":true,"href":"https:\/\/www.bobooaza.pl\/index.php\/wp-json\/wp\/v2\/comments?post=12325"}],"wp:featuredmedia":[{"embeddable":true,"href":"https:\/\/www.bobooaza.pl\/index.php\/wp-json\/wp\/v2\/media\/12324"}],"wp:attachment":[{"href":"https:\/\/www.bobooaza.pl\/index.php\/wp-json\/wp\/v2\/media?parent=12325"}],"wp:term":[{"taxonomy":"product_brand","embeddable":true,"href":"https:\/\/www.bobooaza.pl\/index.php\/wp-json\/wp\/v2\/product_brand?post=12325"},{"taxonomy":"product_cat","embeddable":true,"href":"https:\/\/www.bobooaza.pl\/index.php\/wp-json\/wp\/v2\/product_cat?post=12325"},{"taxonomy":"product_tag","embeddable":true,"href":"https:\/\/www.bobooaza.pl\/index.php\/wp-json\/wp\/v2\/product_tag?post=12325"}],"curies":[{"name":"wp","href":"https:\/\/api.w.org\/{rel}","templated":true}]}}