{"id":12331,"date":"2026-01-18T12:59:37","date_gmt":"2026-01-18T11:59:37","guid":{"rendered":"https:\/\/www.bobooaza.pl\/index.php\/produkt\/avent-scy933-01-butelka-responsywna-natural-szklana-240-ml\/"},"modified":"2026-01-18T13:02:25","modified_gmt":"2026-01-18T12:02:25","slug":"avent-scy933-01-butelka-responsywna-natural-szklana-240-ml","status":"publish","type":"product","link":"https:\/\/www.bobooaza.pl\/index.php\/produkt\/avent-scy933-01-butelka-responsywna-natural-szklana-240-ml\/","title":{"rendered":"AVENT SCY933\/01 Butelka Responsywna Natural szklana 240 ml"},"content":{"rendered":"<p>AVENT SCY933\/01 Butelka Responsywna Natural szklana 240 ml wspiera naturalny rytm ssania niemowl\u0119cia. Smoczek Natural Response umo\u017cliwia wyp\u0142ywanie mleka wy\u0142\u0105cznie podczas aktywnego ssania dziecka, co pozwala pi\u0107, po\u0142yka\u0107 i oddycha\u0107 w spos\u00f3b naturalny, u\u0142atwiaj\u0105c \u0142\u0105czenie karmienia piersi\u0105 i butelk\u0105. Butelka posiada smoczek w kszta\u0142cie sutka, regulacj\u0119 przep\u0142ywu pokarmu, nak\u0142adk\u0119 antykolkow\u0105 ograniczaj\u0105c\u0105 po\u0142ykanie powietrza i specjaln\u0105 konstrukcj\u0119 zapobiegaj\u0105c\u0105 kapaniu. Wykonana jest z wysokiej jako\u015bci szk\u0142a klasy farmaceutycznej, odpornego na wysokie temperatury. Produkt nie zawiera bisfenolu A i jest \u0142atwy w myciu oraz sk\u0142adaniu. Zestaw zawiera 1 szklan\u0105 butelk\u0119 o pojemno\u015bci 240 ml.<\/p>\n","protected":false},"excerpt":{"rendered":"<p>AVENT SCY933\/01 Butelka Responsywna Natural szklana 240 ml wspiera naturalny rytm ssania niemowl\u0119cia. Smoczek Natural Response umo\u017cliwia wyp\u0142ywanie mleka wy\u0142\u0105cznie podczas aktywnego ssania dziecka, co pozwala pi\u0107, po\u0142yka\u0107 i oddycha\u0107 w spos\u00f3b naturalny, u\u0142atwiaj\u0105c \u0142\u0105czenie karmienia piersi\u0105 i butelk\u0105. Butelka posiada smoczek w kszta\u0142cie sutka, regulacj\u0119 przep\u0142ywu pokarmu, nak\u0142adk\u0119 antykolkow\u0105 ograniczaj\u0105c\u0105 po\u0142ykanie powietrza i specjaln\u0105 [&hellip;]<\/p>\n","protected":false},"featured_media":12330,"comment_status":"open","ping_status":"closed","template":"","meta":[],"product_brand":[],"product_cat":[64,76,63],"product_tag":[],"class_list":{"0":"post-12331","1":"product","2":"type-product","3":"status-publish","4":"has-post-thumbnail","6":"product_cat-butelki-i-akcesoria","7":"product_cat-dziecko","8":"product_cat-karmienie","10":"first","11":"instock","12":"taxable","13":"shipping-taxable","14":"purchasable","15":"product-type-simple"},"_links":{"self":[{"href":"https:\/\/www.bobooaza.pl\/index.php\/wp-json\/wp\/v2\/product\/12331","targetHints":{"allow":["GET"]}}],"collection":[{"href":"https:\/\/www.bobooaza.pl\/index.php\/wp-json\/wp\/v2\/product"}],"about":[{"href":"https:\/\/www.bobooaza.pl\/index.php\/wp-json\/wp\/v2\/types\/product"}],"replies":[{"embeddable":true,"href":"https:\/\/www.bobooaza.pl\/index.php\/wp-json\/wp\/v2\/comments?post=12331"}],"wp:featuredmedia":[{"embeddable":true,"href":"https:\/\/www.bobooaza.pl\/index.php\/wp-json\/wp\/v2\/media\/12330"}],"wp:attachment":[{"href":"https:\/\/www.bobooaza.pl\/index.php\/wp-json\/wp\/v2\/media?parent=12331"}],"wp:term":[{"taxonomy":"product_brand","embeddable":true,"href":"https:\/\/www.bobooaza.pl\/index.php\/wp-json\/wp\/v2\/product_brand?post=12331"},{"taxonomy":"product_cat","embeddable":true,"href":"https:\/\/www.bobooaza.pl\/index.php\/wp-json\/wp\/v2\/product_cat?post=12331"},{"taxonomy":"product_tag","embeddable":true,"href":"https:\/\/www.bobooaza.pl\/index.php\/wp-json\/wp\/v2\/product_tag?post=12331"}],"curies":[{"name":"wp","href":"https:\/\/api.w.org\/{rel}","templated":true}]}}