{"id":12333,"date":"2026-01-18T12:59:39","date_gmt":"2026-01-18T11:59:39","guid":{"rendered":"https:\/\/www.bobooaza.pl\/index.php\/produkt\/lovi-21-591-butelka-trends-120-ml-harmony\/"},"modified":"2026-01-18T13:02:26","modified_gmt":"2026-01-18T12:02:26","slug":"lovi-21-591-butelka-trends-120-ml-harmony","status":"publish","type":"product","link":"https:\/\/www.bobooaza.pl\/index.php\/produkt\/lovi-21-591-butelka-trends-120-ml-harmony\/","title":{"rendered":"LOVI 21\/591 Butelka Trends 120 ml Harmony"},"content":{"rendered":"<p>LOVI 21\/591 Butelka Trends 120 ml Harmony pozwala na bezpieczne podawanie odci\u0105gni\u0119tego mleka mamy, nie zaburzaj\u0105c naturalnego odruchu ssania ani karmienia piersi\u0105. Wyposa\u017cona jest w profesjonalny smoczek Dynamiczny\u00ae wykonany z warstw silikonu o zr\u00f3\u017cnicowanej twardo\u015bci, co wymaga aktywnej pracy warg i j\u0119zyka dziecka oraz zachowuje naturalny rytm ssania. Butelka u\u0142atwia \u0142\u0105czenie karmienia piersi\u0105 i butelk\u0105 oraz jest kompatybilna z laktatorami LOVI. Design butelki Trends Harmony wyr\u00f3\u017cnia si\u0119 delikatnym, nowoczesnym wzorem, zgodnym z aktualnymi trendami.<\/p>\n","protected":false},"excerpt":{"rendered":"<p>LOVI 21\/591 Butelka Trends 120 ml Harmony pozwala na bezpieczne podawanie odci\u0105gni\u0119tego mleka mamy, nie zaburzaj\u0105c naturalnego odruchu ssania ani karmienia piersi\u0105. Wyposa\u017cona jest w profesjonalny smoczek Dynamiczny\u00ae wykonany z warstw silikonu o zr\u00f3\u017cnicowanej twardo\u015bci, co wymaga aktywnej pracy warg i j\u0119zyka dziecka oraz zachowuje naturalny rytm ssania. Butelka u\u0142atwia \u0142\u0105czenie karmienia piersi\u0105 i butelk\u0105 [&hellip;]<\/p>\n","protected":false},"featured_media":12332,"comment_status":"open","ping_status":"closed","template":"","meta":[],"product_brand":[],"product_cat":[64,76,63],"product_tag":[],"class_list":{"0":"post-12333","1":"product","2":"type-product","3":"status-publish","4":"has-post-thumbnail","6":"product_cat-butelki-i-akcesoria","7":"product_cat-dziecko","8":"product_cat-karmienie","10":"first","11":"instock","12":"taxable","13":"shipping-taxable","14":"purchasable","15":"product-type-simple"},"_links":{"self":[{"href":"https:\/\/www.bobooaza.pl\/index.php\/wp-json\/wp\/v2\/product\/12333","targetHints":{"allow":["GET"]}}],"collection":[{"href":"https:\/\/www.bobooaza.pl\/index.php\/wp-json\/wp\/v2\/product"}],"about":[{"href":"https:\/\/www.bobooaza.pl\/index.php\/wp-json\/wp\/v2\/types\/product"}],"replies":[{"embeddable":true,"href":"https:\/\/www.bobooaza.pl\/index.php\/wp-json\/wp\/v2\/comments?post=12333"}],"wp:featuredmedia":[{"embeddable":true,"href":"https:\/\/www.bobooaza.pl\/index.php\/wp-json\/wp\/v2\/media\/12332"}],"wp:attachment":[{"href":"https:\/\/www.bobooaza.pl\/index.php\/wp-json\/wp\/v2\/media?parent=12333"}],"wp:term":[{"taxonomy":"product_brand","embeddable":true,"href":"https:\/\/www.bobooaza.pl\/index.php\/wp-json\/wp\/v2\/product_brand?post=12333"},{"taxonomy":"product_cat","embeddable":true,"href":"https:\/\/www.bobooaza.pl\/index.php\/wp-json\/wp\/v2\/product_cat?post=12333"},{"taxonomy":"product_tag","embeddable":true,"href":"https:\/\/www.bobooaza.pl\/index.php\/wp-json\/wp\/v2\/product_tag?post=12333"}],"curies":[{"name":"wp","href":"https:\/\/api.w.org\/{rel}","templated":true}]}}