{"id":12335,"date":"2026-01-18T12:59:41","date_gmt":"2026-01-18T11:59:41","guid":{"rendered":"https:\/\/www.bobooaza.pl\/index.php\/produkt\/lovi-21-592-butelka-trends-250-ml-harmony\/"},"modified":"2026-01-18T13:02:27","modified_gmt":"2026-01-18T12:02:27","slug":"lovi-21-592-butelka-trends-250-ml-harmony","status":"publish","type":"product","link":"https:\/\/www.bobooaza.pl\/index.php\/produkt\/lovi-21-592-butelka-trends-250-ml-harmony\/","title":{"rendered":"LOVI 21\/592 Butelka Trends 250 ml Harmony"},"content":{"rendered":"<p>LOVI 21\/592 Butelka Trends 250 ml Harmony to bezpieczna butelka do podawania odci\u0105gni\u0119tego mleka mamy, kt\u00f3ra nie zaburza naturalnego odruchu ssania ani karmienia piersi\u0105. Wyposa\u017cona jest w profesjonalny smoczek Dynamiczny\u00ae z warstw silikonu o r\u00f3\u017cnej twardo\u015bci \u2013 cienka, dynamiczna ko\u0144c\u00f3wka i twarda, profilowana podstawa \u2013 co wymaga aktywnej pracy warg i j\u0119zyka dziecka oraz zachowuje naturalny rytm ssania. Butelka u\u0142atwia \u0142atwe \u0142\u0105czenie karmienia piersi\u0105 i butelk\u0105, jest kompatybilna z laktatorami LOVI i ozdobiona delikatnym, nowoczesnym wzorem w kolekcji Trends Harmony.<\/p>\n","protected":false},"excerpt":{"rendered":"<p>LOVI 21\/592 Butelka Trends 250 ml Harmony to bezpieczna butelka do podawania odci\u0105gni\u0119tego mleka mamy, kt\u00f3ra nie zaburza naturalnego odruchu ssania ani karmienia piersi\u0105. Wyposa\u017cona jest w profesjonalny smoczek Dynamiczny\u00ae z warstw silikonu o r\u00f3\u017cnej twardo\u015bci \u2013 cienka, dynamiczna ko\u0144c\u00f3wka i twarda, profilowana podstawa \u2013 co wymaga aktywnej pracy warg i j\u0119zyka dziecka oraz zachowuje [&hellip;]<\/p>\n","protected":false},"featured_media":12334,"comment_status":"open","ping_status":"closed","template":"","meta":[],"product_brand":[],"product_cat":[64,76,63],"product_tag":[],"class_list":{"0":"post-12335","1":"product","2":"type-product","3":"status-publish","4":"has-post-thumbnail","6":"product_cat-butelki-i-akcesoria","7":"product_cat-dziecko","8":"product_cat-karmienie","10":"first","11":"instock","12":"taxable","13":"shipping-taxable","14":"purchasable","15":"product-type-simple"},"_links":{"self":[{"href":"https:\/\/www.bobooaza.pl\/index.php\/wp-json\/wp\/v2\/product\/12335","targetHints":{"allow":["GET"]}}],"collection":[{"href":"https:\/\/www.bobooaza.pl\/index.php\/wp-json\/wp\/v2\/product"}],"about":[{"href":"https:\/\/www.bobooaza.pl\/index.php\/wp-json\/wp\/v2\/types\/product"}],"replies":[{"embeddable":true,"href":"https:\/\/www.bobooaza.pl\/index.php\/wp-json\/wp\/v2\/comments?post=12335"}],"wp:featuredmedia":[{"embeddable":true,"href":"https:\/\/www.bobooaza.pl\/index.php\/wp-json\/wp\/v2\/media\/12334"}],"wp:attachment":[{"href":"https:\/\/www.bobooaza.pl\/index.php\/wp-json\/wp\/v2\/media?parent=12335"}],"wp:term":[{"taxonomy":"product_brand","embeddable":true,"href":"https:\/\/www.bobooaza.pl\/index.php\/wp-json\/wp\/v2\/product_brand?post=12335"},{"taxonomy":"product_cat","embeddable":true,"href":"https:\/\/www.bobooaza.pl\/index.php\/wp-json\/wp\/v2\/product_cat?post=12335"},{"taxonomy":"product_tag","embeddable":true,"href":"https:\/\/www.bobooaza.pl\/index.php\/wp-json\/wp\/v2\/product_tag?post=12335"}],"curies":[{"name":"wp","href":"https:\/\/api.w.org\/{rel}","templated":true}]}}