{"id":12339,"date":"2026-01-18T13:15:29","date_gmt":"2026-01-18T12:15:29","guid":{"rendered":"https:\/\/www.bobooaza.pl\/index.php\/produkt\/lovi-35-368_gre-kubek-treningowy-genius-150-ml-pistachio\/"},"modified":"2026-01-23T15:44:50","modified_gmt":"2026-01-23T14:44:50","slug":"lovi-35-368_gre-kubek-treningowy-genius-150-ml-pistachio","status":"publish","type":"product","link":"https:\/\/www.bobooaza.pl\/index.php\/produkt\/lovi-35-368_gre-kubek-treningowy-genius-150-ml-pistachio\/","title":{"rendered":"LOVI 35\/368_gre Kubek treningowy Genius 150 ml pistachio"},"content":{"rendered":"<p>Kubek treningowy LOVI Genius 150 ml Pistachio to innowacyjne naczynie do nauki samodzielnego picia, opracowane we wsp\u00f3\u0142pracy z neurologoped\u0105. Kubek wspiera prawid\u0142owy spos\u00f3b picia jak z kubka otwartego, a dzi\u0119ki wewn\u0119trznej wk\u0142adce spowalniaj\u0105cej przep\u0142yw p\u0142ynu minimalizuje ryzyko zach\u0142y\u015bni\u0119cia. Specjalnie wyci\u0119ta kraw\u0119d\u017a pozwala dziecku widzie\u0107 nadchodz\u0105cy p\u0142yn i pi\u0107 w naturalnej, bezpiecznej pozycji, bez przechylania g\u0142owy. Kubek ma pojemno\u015b\u0107 130 ml przy u\u017cyciu wk\u0142adki i 150 ml po jej wyj\u0119ciu, a ergonomiczne uchwyty u\u0142atwiaj\u0105 trzymanie i nauk\u0119 picia dla dzieci od 6. miesi\u0105ca \u017cycia. Wk\u0142adk\u0119 mo\u017cna wyj\u0105\u0107, aby kubek s\u0142u\u017cy\u0142 jak standardowe naczynie, dopasowuj\u0105c si\u0119 do rozwoju dziecka. Kubek LOVI Genius jest bezpieczny do dezynfekcji, mycia w zmywarce i podgrzewania w mikrofal\u00f3wce przy otwartym naczyniu, nie nale\u017cy u\u017cywa\u0107 go w nagrzanym piekarniku ani na kuchence gazowej czy elektrycznej.<\/p>\n","protected":false},"excerpt":{"rendered":"<p>Kubek treningowy LOVI Genius 150 ml Pistachio to innowacyjne naczynie do nauki samodzielnego picia, opracowane we wsp\u00f3\u0142pracy z neurologoped\u0105. Kubek wspiera prawid\u0142owy spos\u00f3b picia jak z kubka otwartego, a dzi\u0119ki wewn\u0119trznej wk\u0142adce spowalniaj\u0105cej przep\u0142yw p\u0142ynu minimalizuje ryzyko zach\u0142y\u015bni\u0119cia. Specjalnie wyci\u0119ta kraw\u0119d\u017a pozwala dziecku widzie\u0107 nadchodz\u0105cy p\u0142yn i pi\u0107 w naturalnej, bezpiecznej pozycji, bez przechylania g\u0142owy. [&hellip;]<\/p>\n","protected":false},"featured_media":12337,"comment_status":"open","ping_status":"closed","template":"","meta":[],"product_brand":[],"product_cat":[76,63,161,99],"product_tag":[],"class_list":{"0":"post-12339","1":"product","2":"type-product","3":"status-publish","4":"has-post-thumbnail","6":"product_cat-dziecko","7":"product_cat-karmienie","8":"product_cat-kubeczki","9":"product_cat-naczynia-i-sztucce","11":"first","12":"instock","13":"taxable","14":"shipping-taxable","15":"purchasable","16":"product-type-simple"},"_links":{"self":[{"href":"https:\/\/www.bobooaza.pl\/index.php\/wp-json\/wp\/v2\/product\/12339","targetHints":{"allow":["GET"]}}],"collection":[{"href":"https:\/\/www.bobooaza.pl\/index.php\/wp-json\/wp\/v2\/product"}],"about":[{"href":"https:\/\/www.bobooaza.pl\/index.php\/wp-json\/wp\/v2\/types\/product"}],"replies":[{"embeddable":true,"href":"https:\/\/www.bobooaza.pl\/index.php\/wp-json\/wp\/v2\/comments?post=12339"}],"wp:featuredmedia":[{"embeddable":true,"href":"https:\/\/www.bobooaza.pl\/index.php\/wp-json\/wp\/v2\/media\/12337"}],"wp:attachment":[{"href":"https:\/\/www.bobooaza.pl\/index.php\/wp-json\/wp\/v2\/media?parent=12339"}],"wp:term":[{"taxonomy":"product_brand","embeddable":true,"href":"https:\/\/www.bobooaza.pl\/index.php\/wp-json\/wp\/v2\/product_brand?post=12339"},{"taxonomy":"product_cat","embeddable":true,"href":"https:\/\/www.bobooaza.pl\/index.php\/wp-json\/wp\/v2\/product_cat?post=12339"},{"taxonomy":"product_tag","embeddable":true,"href":"https:\/\/www.bobooaza.pl\/index.php\/wp-json\/wp\/v2\/product_tag?post=12339"}],"curies":[{"name":"wp","href":"https:\/\/api.w.org\/{rel}","templated":true}]}}