{"id":12343,"date":"2026-01-18T15:25:16","date_gmt":"2026-01-18T14:25:16","guid":{"rendered":"https:\/\/www.bobooaza.pl\/index.php\/produkt\/lovi-21-596-butelka-mammafeel-250-ml\/"},"modified":"2026-01-18T15:45:46","modified_gmt":"2026-01-18T14:45:46","slug":"lovi-21-596-butelka-mammafeel-250-ml","status":"publish","type":"product","link":"https:\/\/www.bobooaza.pl\/index.php\/produkt\/lovi-21-596-butelka-mammafeel-250-ml\/","title":{"rendered":"LOVI 21\/596 Butelka Mammafeel 250 ml"},"content":{"rendered":"<p>Butelka LOVI Mammafeel 250 ml zosta\u0142a stworzona z my\u015bl\u0105 o jak najwierniejszym odwzorowaniu karmienia piersi\u0105. Innowacyjny, dynamiczny smoczek wykonany w technologii dw\u00f3ch rodzaj\u00f3w silikonu na\u015bladuje kszta\u0142t, spr\u0119\u017cysto\u015b\u0107 i mi\u0119kko\u015b\u0107 piersi mamy, wspieraj\u0105c naturalny odruch ssania i prawid\u0142owe u\u0142o\u017cenie warg dziecka. Matowa, aksamitna powierzchnia smoczka zapewnia komfort i naturalne doznania dotykowe, a antykolkowa konstrukcja umo\u017cliwia swobodne oddychanie przez nos, zmniejszaj\u0105c ryzyko kolki.<\/p>\n<p>Butelka Mammafeel doskonale sprawdza si\u0119 do podawania odci\u0105gni\u0119tego mleka, pozwalaj\u0105c dziecku zachowa\u0107 poczucie blisko\u015bci, a mamie bez przeszk\u00f3d wr\u00f3ci\u0107 do karmienia piersi\u0105. Wi\u0119ksza pojemno\u015b\u0107 250 ml czyni j\u0105 idealnym wyborem na kolejne etapy karmienia, \u0142\u0105cz\u0105c wygod\u0119, bezpiecze\u0144stwo i naturalno\u015b\u0107.<\/p>\n<p>Marka LOVI rekomenduje karmienie piersi\u0105 jako najzdrowsz\u0105 form\u0119 \u017cywienia niemowl\u0105t, a butelka Mammafeel stanowi przemy\u015blane wsparcie w sytuacjach, gdy karmienie alternatywne jest konieczne.<\/p>\n","protected":false},"excerpt":{"rendered":"<p>Butelka LOVI Mammafeel 250 ml zosta\u0142a stworzona z my\u015bl\u0105 o jak najwierniejszym odwzorowaniu karmienia piersi\u0105. Innowacyjny, dynamiczny smoczek wykonany w technologii dw\u00f3ch rodzaj\u00f3w silikonu na\u015bladuje kszta\u0142t, spr\u0119\u017cysto\u015b\u0107 i mi\u0119kko\u015b\u0107 piersi mamy, wspieraj\u0105c naturalny odruch ssania i prawid\u0142owe u\u0142o\u017cenie warg dziecka. Matowa, aksamitna powierzchnia smoczka zapewnia komfort i naturalne doznania dotykowe, a antykolkowa konstrukcja umo\u017cliwia swobodne [&hellip;]<\/p>\n","protected":false},"featured_media":12342,"comment_status":"open","ping_status":"closed","template":"","meta":[],"product_brand":[],"product_cat":[64,76,63],"product_tag":[],"class_list":{"0":"post-12343","1":"product","2":"type-product","3":"status-publish","4":"has-post-thumbnail","6":"product_cat-butelki-i-akcesoria","7":"product_cat-dziecko","8":"product_cat-karmienie","10":"first","11":"instock","12":"taxable","13":"shipping-taxable","14":"purchasable","15":"product-type-simple"},"_links":{"self":[{"href":"https:\/\/www.bobooaza.pl\/index.php\/wp-json\/wp\/v2\/product\/12343","targetHints":{"allow":["GET"]}}],"collection":[{"href":"https:\/\/www.bobooaza.pl\/index.php\/wp-json\/wp\/v2\/product"}],"about":[{"href":"https:\/\/www.bobooaza.pl\/index.php\/wp-json\/wp\/v2\/types\/product"}],"replies":[{"embeddable":true,"href":"https:\/\/www.bobooaza.pl\/index.php\/wp-json\/wp\/v2\/comments?post=12343"}],"wp:featuredmedia":[{"embeddable":true,"href":"https:\/\/www.bobooaza.pl\/index.php\/wp-json\/wp\/v2\/media\/12342"}],"wp:attachment":[{"href":"https:\/\/www.bobooaza.pl\/index.php\/wp-json\/wp\/v2\/media?parent=12343"}],"wp:term":[{"taxonomy":"product_brand","embeddable":true,"href":"https:\/\/www.bobooaza.pl\/index.php\/wp-json\/wp\/v2\/product_brand?post=12343"},{"taxonomy":"product_cat","embeddable":true,"href":"https:\/\/www.bobooaza.pl\/index.php\/wp-json\/wp\/v2\/product_cat?post=12343"},{"taxonomy":"product_tag","embeddable":true,"href":"https:\/\/www.bobooaza.pl\/index.php\/wp-json\/wp\/v2\/product_tag?post=12343"}],"curies":[{"name":"wp","href":"https:\/\/api.w.org\/{rel}","templated":true}]}}