{"id":12349,"date":"2026-01-18T15:35:14","date_gmt":"2026-01-18T14:35:14","guid":{"rendered":"https:\/\/www.bobooaza.pl\/index.php\/produkt\/lovi-21-586-butelka-trends-120ml-botanic\/"},"modified":"2026-01-18T15:45:49","modified_gmt":"2026-01-18T14:45:49","slug":"lovi-21-586-butelka-trends-120ml-botanic","status":"publish","type":"product","link":"https:\/\/www.bobooaza.pl\/index.php\/produkt\/lovi-21-586-butelka-trends-120ml-botanic\/","title":{"rendered":"LOVI 21\/586 Butelka Trends 120ml Botanic"},"content":{"rendered":"<p>Butelka LOVI Trends Botanic 120 ml to po\u0142\u0105czenie modnego wzornictwa i bezpiecznej funkcjonalno\u015bci, stworzone do podawania odci\u0105gni\u0119tego mleka mamy. Subtelne, botaniczne zdobienia inspirowane aktualnymi trendami nadaj\u0105 butelce nowoczesny i estetyczny wygl\u0105d, jednocze\u015bnie zachowuj\u0105c pe\u0142en komfort u\u017cytkowania. Model jest odpowiedni dla dzieci karmionych piersi\u0105, poniewa\u017c nie zaburza naturalnego odruchu ssania i nie koliduje z karmieniem naturalnym.<\/p>\n<p>Butelka wyposa\u017cona zosta\u0142a w profesjonalny dynamiczny smoczek LOVI, wykonany z niejednorodnych warstw silikonu. Elastyczna, wyd\u0142u\u017caj\u0105ca si\u0119 ko\u0144c\u00f3wka oraz stabilna, profilowana podstawa wymagaj\u0105 od dziecka aktywnej pracy mi\u0119\u015bni warg i j\u0119zyka, wspieraj\u0105c prawid\u0142owy rytm ssania oraz w\u0142a\u015bciw\u0105 koordynacj\u0119 ssania, po\u0142ykania i oddychania. Zastosowany system odpowietrzania SUPER vent zapobiega zapadaniu si\u0119 smoczka i ogranicza po\u0142ykanie powietrza, zwi\u0119kszaj\u0105c komfort karmienia.<\/p>\n<p>Butelka LOVI Trends 120 ml jest kompatybilna z laktatorami LOVI, co czyni j\u0105 praktycznym wyborem do codziennego karmienia. To idealne rozwi\u0105zanie dla rodzic\u00f3w, kt\u00f3rzy ceni\u0105 bezpiecze\u0144stwo, funkcjonalno\u015b\u0107 i stylowy design.<\/p>\n","protected":false},"excerpt":{"rendered":"<p>Butelka LOVI Trends Botanic 120 ml to po\u0142\u0105czenie modnego wzornictwa i bezpiecznej funkcjonalno\u015bci, stworzone do podawania odci\u0105gni\u0119tego mleka mamy. Subtelne, botaniczne zdobienia inspirowane aktualnymi trendami nadaj\u0105 butelce nowoczesny i estetyczny wygl\u0105d, jednocze\u015bnie zachowuj\u0105c pe\u0142en komfort u\u017cytkowania. Model jest odpowiedni dla dzieci karmionych piersi\u0105, poniewa\u017c nie zaburza naturalnego odruchu ssania i nie koliduje z karmieniem naturalnym. [&hellip;]<\/p>\n","protected":false},"featured_media":12348,"comment_status":"open","ping_status":"closed","template":"","meta":[],"product_brand":[],"product_cat":[64,76,63],"product_tag":[],"class_list":{"0":"post-12349","1":"product","2":"type-product","3":"status-publish","4":"has-post-thumbnail","6":"product_cat-butelki-i-akcesoria","7":"product_cat-dziecko","8":"product_cat-karmienie","10":"first","11":"instock","12":"taxable","13":"shipping-taxable","14":"purchasable","15":"product-type-simple"},"_links":{"self":[{"href":"https:\/\/www.bobooaza.pl\/index.php\/wp-json\/wp\/v2\/product\/12349","targetHints":{"allow":["GET"]}}],"collection":[{"href":"https:\/\/www.bobooaza.pl\/index.php\/wp-json\/wp\/v2\/product"}],"about":[{"href":"https:\/\/www.bobooaza.pl\/index.php\/wp-json\/wp\/v2\/types\/product"}],"replies":[{"embeddable":true,"href":"https:\/\/www.bobooaza.pl\/index.php\/wp-json\/wp\/v2\/comments?post=12349"}],"wp:featuredmedia":[{"embeddable":true,"href":"https:\/\/www.bobooaza.pl\/index.php\/wp-json\/wp\/v2\/media\/12348"}],"wp:attachment":[{"href":"https:\/\/www.bobooaza.pl\/index.php\/wp-json\/wp\/v2\/media?parent=12349"}],"wp:term":[{"taxonomy":"product_brand","embeddable":true,"href":"https:\/\/www.bobooaza.pl\/index.php\/wp-json\/wp\/v2\/product_brand?post=12349"},{"taxonomy":"product_cat","embeddable":true,"href":"https:\/\/www.bobooaza.pl\/index.php\/wp-json\/wp\/v2\/product_cat?post=12349"},{"taxonomy":"product_tag","embeddable":true,"href":"https:\/\/www.bobooaza.pl\/index.php\/wp-json\/wp\/v2\/product_tag?post=12349"}],"curies":[{"name":"wp","href":"https:\/\/api.w.org\/{rel}","templated":true}]}}