{"id":12353,"date":"2026-01-18T15:35:18","date_gmt":"2026-01-18T14:35:18","guid":{"rendered":"https:\/\/www.bobooaza.pl\/index.php\/produkt\/lovi-21-565-butelka-medical-150ml\/"},"modified":"2026-01-18T15:45:50","modified_gmt":"2026-01-18T14:45:50","slug":"lovi-21-565-butelka-medical-150ml","status":"publish","type":"product","link":"https:\/\/www.bobooaza.pl\/index.php\/produkt\/lovi-21-565-butelka-medical-150ml\/","title":{"rendered":"LOVI 21\/565 Butelka Medical+ 150ml"},"content":{"rendered":"<p>Butelka LOVI Medical+ 150 ml zosta\u0142a zaprojektowana do bezpiecznego podawania odci\u0105gni\u0119tego mleka mamy, szczeg\u00f3lnie z my\u015bl\u0105 o dzieciach karmionych piersi\u0105. Jej konstrukcja nie zaburza naturalnego odruchu ssania, co zosta\u0142o potwierdzone badaniami medycznymi, umo\u017cliwiaj\u0105c harmonijne \u0142\u0105czenie karmienia piersi\u0105 i butelk\u0105.<\/p>\n<p>Wykonana z wysokiej jako\u015bci polipropylenu wolnego od BPA, butelka wyposa\u017cona jest w profesjonalny dynamiczny smoczek zbudowany z niejednorodnych warstw silikonu. Elastyczna, wyd\u0142u\u017caj\u0105ca si\u0119 ko\u0144c\u00f3wka oraz stabilna, profilowana podstawa wymagaj\u0105 od dziecka aktywnej pracy mi\u0119\u015bni warg i j\u0119zyka, wspieraj\u0105c prawid\u0142owy rytm ssania oraz w\u0142a\u015bciw\u0105 koordynacj\u0119 ssania, po\u0142ykania i oddychania. Zastosowany system odpowietrzania SUPER vent ogranicza po\u0142ykanie powietrza i zwi\u0119ksza komfort karmienia.<\/p>\n<p>Model Medical+ 150 ml jest kompatybilny z laktatorami LOVI Prolactis i Protect, co czyni go praktycznym rozwi\u0105zaniem zar\u00f3wno do codziennego u\u017cytku, jak i w pierwszych miesi\u0105cach \u017cycia dziecka. Butelka LOVI Medical+ to po\u0142\u0105czenie bezpiecze\u0144stwa, medycznie potwierdzonej skuteczno\u015bci i wsparcia naturalnego rozwoju niemowl\u0119cia.<\/p>\n","protected":false},"excerpt":{"rendered":"<p>Butelka LOVI Medical+ 150 ml zosta\u0142a zaprojektowana do bezpiecznego podawania odci\u0105gni\u0119tego mleka mamy, szczeg\u00f3lnie z my\u015bl\u0105 o dzieciach karmionych piersi\u0105. Jej konstrukcja nie zaburza naturalnego odruchu ssania, co zosta\u0142o potwierdzone badaniami medycznymi, umo\u017cliwiaj\u0105c harmonijne \u0142\u0105czenie karmienia piersi\u0105 i butelk\u0105. Wykonana z wysokiej jako\u015bci polipropylenu wolnego od BPA, butelka wyposa\u017cona jest w profesjonalny dynamiczny smoczek zbudowany [&hellip;]<\/p>\n","protected":false},"featured_media":12352,"comment_status":"open","ping_status":"closed","template":"","meta":[],"product_brand":[],"product_cat":[64,76,63],"product_tag":[],"class_list":{"0":"post-12353","1":"product","2":"type-product","3":"status-publish","4":"has-post-thumbnail","6":"product_cat-butelki-i-akcesoria","7":"product_cat-dziecko","8":"product_cat-karmienie","10":"first","11":"instock","12":"taxable","13":"shipping-taxable","14":"purchasable","15":"product-type-simple"},"_links":{"self":[{"href":"https:\/\/www.bobooaza.pl\/index.php\/wp-json\/wp\/v2\/product\/12353","targetHints":{"allow":["GET"]}}],"collection":[{"href":"https:\/\/www.bobooaza.pl\/index.php\/wp-json\/wp\/v2\/product"}],"about":[{"href":"https:\/\/www.bobooaza.pl\/index.php\/wp-json\/wp\/v2\/types\/product"}],"replies":[{"embeddable":true,"href":"https:\/\/www.bobooaza.pl\/index.php\/wp-json\/wp\/v2\/comments?post=12353"}],"wp:featuredmedia":[{"embeddable":true,"href":"https:\/\/www.bobooaza.pl\/index.php\/wp-json\/wp\/v2\/media\/12352"}],"wp:attachment":[{"href":"https:\/\/www.bobooaza.pl\/index.php\/wp-json\/wp\/v2\/media?parent=12353"}],"wp:term":[{"taxonomy":"product_brand","embeddable":true,"href":"https:\/\/www.bobooaza.pl\/index.php\/wp-json\/wp\/v2\/product_brand?post=12353"},{"taxonomy":"product_cat","embeddable":true,"href":"https:\/\/www.bobooaza.pl\/index.php\/wp-json\/wp\/v2\/product_cat?post=12353"},{"taxonomy":"product_tag","embeddable":true,"href":"https:\/\/www.bobooaza.pl\/index.php\/wp-json\/wp\/v2\/product_tag?post=12353"}],"curies":[{"name":"wp","href":"https:\/\/api.w.org\/{rel}","templated":true}]}}