{"id":12355,"date":"2026-01-18T15:35:21","date_gmt":"2026-01-18T14:35:21","guid":{"rendered":"https:\/\/www.bobooaza.pl\/index.php\/produkt\/lovi-21-563-butelka-medical-250ml\/"},"modified":"2026-01-19T21:55:43","modified_gmt":"2026-01-19T20:55:43","slug":"lovi-21-563-butelka-medical-250ml","status":"publish","type":"product","link":"https:\/\/www.bobooaza.pl\/index.php\/produkt\/lovi-21-563-butelka-medical-250ml\/","title":{"rendered":"LOVI 21\/563 Butelka Medical+ 250ml"},"content":{"rendered":"<p>Butelka LOVI Medical+ 250 ml zosta\u0142a stworzona do bezpiecznego podawania odci\u0105gni\u0119tego mleka mamy, z my\u015bl\u0105 o dzieciach karmionych piersi\u0105. Jej konstrukcja nie zaburza naturalnego odruchu ssania, co zosta\u0142o potwierdzone badaniami medycznymi, dzi\u0119ki czemu umo\u017cliwia swobodne \u0142\u0105czenie karmienia piersi\u0105 i butelk\u0105.<\/p>\n<p>Wykonana z wysokiej jako\u015bci polipropylenu wolnego od BPA, butelka wyposa\u017cona jest w profesjonalny dynamiczny smoczek zbudowany z niejednorodnych warstw silikonu. Elastyczna, wyd\u0142u\u017caj\u0105ca si\u0119 ko\u0144c\u00f3wka oraz stabilna, profilowana podstawa wymagaj\u0105 od dziecka aktywnej pracy mi\u0119\u015bni warg i j\u0119zyka, wspieraj\u0105c prawid\u0142owy rytm ssania oraz w\u0142a\u015bciw\u0105 koordynacj\u0119 ssania, po\u0142ykania i oddychania. Nowoczesny system odpowietrzania SUPER vent ogranicza po\u0142ykanie powietrza i zwi\u0119ksza komfort karmienia.<\/p>\n<p>Model Medical+ 250 ml jest kompatybilny z laktatorami LOVI Prolactis i Protect, co czyni go praktycznym i funkcjonalnym rozwi\u0105zaniem do codziennego u\u017cytkowania. Butelka LOVI Medical+ \u0142\u0105czy bezpiecze\u0144stwo, medycznie potwierdzon\u0105 skuteczno\u015b\u0107 i wsparcie naturalnego rozwoju dziecka.<\/p>\n","protected":false},"excerpt":{"rendered":"<p>Butelka LOVI Medical+ 250 ml zosta\u0142a stworzona do bezpiecznego podawania odci\u0105gni\u0119tego mleka mamy, z my\u015bl\u0105 o dzieciach karmionych piersi\u0105. Jej konstrukcja nie zaburza naturalnego odruchu ssania, co zosta\u0142o potwierdzone badaniami medycznymi, dzi\u0119ki czemu umo\u017cliwia swobodne \u0142\u0105czenie karmienia piersi\u0105 i butelk\u0105. Wykonana z wysokiej jako\u015bci polipropylenu wolnego od BPA, butelka wyposa\u017cona jest w profesjonalny dynamiczny smoczek [&hellip;]<\/p>\n","protected":false},"featured_media":12354,"comment_status":"open","ping_status":"closed","template":"","meta":[],"product_brand":[],"product_cat":[64,76,63],"product_tag":[],"class_list":{"0":"post-12355","1":"product","2":"type-product","3":"status-publish","4":"has-post-thumbnail","6":"product_cat-butelki-i-akcesoria","7":"product_cat-dziecko","8":"product_cat-karmienie","10":"first","11":"instock","12":"taxable","13":"shipping-taxable","14":"purchasable","15":"product-type-simple"},"_links":{"self":[{"href":"https:\/\/www.bobooaza.pl\/index.php\/wp-json\/wp\/v2\/product\/12355","targetHints":{"allow":["GET"]}}],"collection":[{"href":"https:\/\/www.bobooaza.pl\/index.php\/wp-json\/wp\/v2\/product"}],"about":[{"href":"https:\/\/www.bobooaza.pl\/index.php\/wp-json\/wp\/v2\/types\/product"}],"replies":[{"embeddable":true,"href":"https:\/\/www.bobooaza.pl\/index.php\/wp-json\/wp\/v2\/comments?post=12355"}],"wp:featuredmedia":[{"embeddable":true,"href":"https:\/\/www.bobooaza.pl\/index.php\/wp-json\/wp\/v2\/media\/12354"}],"wp:attachment":[{"href":"https:\/\/www.bobooaza.pl\/index.php\/wp-json\/wp\/v2\/media?parent=12355"}],"wp:term":[{"taxonomy":"product_brand","embeddable":true,"href":"https:\/\/www.bobooaza.pl\/index.php\/wp-json\/wp\/v2\/product_brand?post=12355"},{"taxonomy":"product_cat","embeddable":true,"href":"https:\/\/www.bobooaza.pl\/index.php\/wp-json\/wp\/v2\/product_cat?post=12355"},{"taxonomy":"product_tag","embeddable":true,"href":"https:\/\/www.bobooaza.pl\/index.php\/wp-json\/wp\/v2\/product_tag?post=12355"}],"curies":[{"name":"wp","href":"https:\/\/api.w.org\/{rel}","templated":true}]}}