{"id":12357,"date":"2026-01-18T15:35:25","date_gmt":"2026-01-18T14:35:25","guid":{"rendered":"https:\/\/www.bobooaza.pl\/index.php\/produkt\/lovi-21-561-butelka-medical-330ml\/"},"modified":"2026-01-18T15:45:52","modified_gmt":"2026-01-18T14:45:52","slug":"lovi-21-561-butelka-medical-330ml","status":"publish","type":"product","link":"https:\/\/www.bobooaza.pl\/index.php\/produkt\/lovi-21-561-butelka-medical-330ml\/","title":{"rendered":"LOVI 21\/561 Butelka Medical+ 330ml"},"content":{"rendered":"<p>Butelka LOVI Medical+ 330 ml zosta\u0142a zaprojektowana z my\u015bl\u0105 o dzieciach karmionych piersi\u0105, zapewniaj\u0105c bezpieczne i komfortowe podawanie odci\u0105gni\u0119tego mleka. Jej konstrukcja nie zaburza naturalnego odruchu ssania, co zosta\u0142o potwierdzone badaniami medycznymi, dzi\u0119ki czemu umo\u017cliwia swobodne \u0142\u0105czenie karmienia piersi\u0105 i butelk\u0105.<\/p>\n<p>Butelka wykonana jest z wysokiej jako\u015bci polipropylenu wolnego od BPA i wyposa\u017cona w profesjonalny, dynamiczny smoczek zbudowany z warstw silikonu o zr\u00f3\u017cnicowanej twardo\u015bci. Elastyczna, wyd\u0142u\u017caj\u0105ca si\u0119 ko\u0144c\u00f3wka oraz stabilna, profilowana podstawa wymagaj\u0105 od dziecka aktywnej pracy mi\u0119\u015bni warg i j\u0119zyka, wspieraj\u0105c prawid\u0142owy rytm ssania oraz koordynacj\u0119 ssania, po\u0142ykania i oddychania. Zastosowany system odpowietrzania SUPER vent zmniejsza ryzyko po\u0142ykania powietrza i zwi\u0119ksza komfort karmienia.<\/p>\n<p>Model Medical+ 330 ml jest kompatybilny z laktatorami LOVI Prolactis i Protect, co czyni go praktycznym wyborem zar\u00f3wno do codziennego u\u017cytku, jak i przechowywania pokarmu. Butelka LOVI Medical+ to po\u0142\u0105czenie bezpiecze\u0144stwa, funkcjonalno\u015bci i wsparcia naturalnego rozwoju dziecka.<\/p>\n","protected":false},"excerpt":{"rendered":"<p>Butelka LOVI Medical+ 330 ml zosta\u0142a zaprojektowana z my\u015bl\u0105 o dzieciach karmionych piersi\u0105, zapewniaj\u0105c bezpieczne i komfortowe podawanie odci\u0105gni\u0119tego mleka. Jej konstrukcja nie zaburza naturalnego odruchu ssania, co zosta\u0142o potwierdzone badaniami medycznymi, dzi\u0119ki czemu umo\u017cliwia swobodne \u0142\u0105czenie karmienia piersi\u0105 i butelk\u0105. Butelka wykonana jest z wysokiej jako\u015bci polipropylenu wolnego od BPA i wyposa\u017cona w profesjonalny, [&hellip;]<\/p>\n","protected":false},"featured_media":12356,"comment_status":"open","ping_status":"closed","template":"","meta":[],"product_brand":[],"product_cat":[64,76,63],"product_tag":[],"class_list":{"0":"post-12357","1":"product","2":"type-product","3":"status-publish","4":"has-post-thumbnail","6":"product_cat-butelki-i-akcesoria","7":"product_cat-dziecko","8":"product_cat-karmienie","10":"first","11":"instock","12":"taxable","13":"shipping-taxable","14":"purchasable","15":"product-type-simple"},"_links":{"self":[{"href":"https:\/\/www.bobooaza.pl\/index.php\/wp-json\/wp\/v2\/product\/12357","targetHints":{"allow":["GET"]}}],"collection":[{"href":"https:\/\/www.bobooaza.pl\/index.php\/wp-json\/wp\/v2\/product"}],"about":[{"href":"https:\/\/www.bobooaza.pl\/index.php\/wp-json\/wp\/v2\/types\/product"}],"replies":[{"embeddable":true,"href":"https:\/\/www.bobooaza.pl\/index.php\/wp-json\/wp\/v2\/comments?post=12357"}],"wp:featuredmedia":[{"embeddable":true,"href":"https:\/\/www.bobooaza.pl\/index.php\/wp-json\/wp\/v2\/media\/12356"}],"wp:attachment":[{"href":"https:\/\/www.bobooaza.pl\/index.php\/wp-json\/wp\/v2\/media?parent=12357"}],"wp:term":[{"taxonomy":"product_brand","embeddable":true,"href":"https:\/\/www.bobooaza.pl\/index.php\/wp-json\/wp\/v2\/product_brand?post=12357"},{"taxonomy":"product_cat","embeddable":true,"href":"https:\/\/www.bobooaza.pl\/index.php\/wp-json\/wp\/v2\/product_cat?post=12357"},{"taxonomy":"product_tag","embeddable":true,"href":"https:\/\/www.bobooaza.pl\/index.php\/wp-json\/wp\/v2\/product_tag?post=12357"}],"curies":[{"name":"wp","href":"https:\/\/api.w.org\/{rel}","templated":true}]}}