{"id":12359,"date":"2026-01-18T15:35:26","date_gmt":"2026-01-18T14:35:26","guid":{"rendered":"https:\/\/www.bobooaza.pl\/index.php\/produkt\/lovi-21-573-butelka-samosterylizujaca-150ml\/"},"modified":"2026-01-18T15:45:53","modified_gmt":"2026-01-18T14:45:53","slug":"lovi-21-573-butelka-samosterylizujaca-150ml","status":"publish","type":"product","link":"https:\/\/www.bobooaza.pl\/index.php\/produkt\/lovi-21-573-butelka-samosterylizujaca-150ml\/","title":{"rendered":"LOVI 21\/573 Butelka samosterylizuj\u0105ca 150ml"},"content":{"rendered":"<p>Butelka samosterylizuj\u0105ca LOVI 21\/573 o pojemno\u015bci 150 ml to praktyczne rozwi\u0105zanie stworzone z my\u015bl\u0105 o codziennym, bezpiecznym karmieniu niemowl\u0105t. Specjalnie zaprojektowany kapsel umo\u017cliwia szybk\u0105 i skuteczn\u0105 sterylizacj\u0119 wszystkich element\u00f3w butelki w kuchence mikrofalowej w zaledwie 90 sekund, bez potrzeby u\u017cywania dodatkowych urz\u0105dze\u0144. Po zako\u0144czeniu procesu butelka jest od razu gotowa do karmienia, co znacz\u0105co u\u0142atwia organizacj\u0119 dnia.<\/p>\n<p>Model wyposa\u017cony jest w dynamiczny smoczek przeznaczony do podawania odci\u0105gni\u0119tego mleka mamy, kt\u00f3ry wspiera naturalny rytm ssania i nie zaburza odruchu ssania, umo\u017cliwiaj\u0105c bezproblemowe \u0142\u0105czenie karmienia piersi\u0105 i butelk\u0105. Zastosowany system odpowietrzania SUPER vent ogranicza po\u0142ykanie powietrza i zwi\u0119ksza komfort dziecka podczas karmienia. Butelka jest kompatybilna z laktatorami LOVI Prolactis i Protect, dzi\u0119ki czemu sprawdzi si\u0119 zar\u00f3wno w domu, jak i w podr\u00f3\u017cy.<\/p>\n<p>Butelka samosterylizuj\u0105ca LOVI 150 ml to po\u0142\u0105czenie higieny, funkcjonalno\u015bci i wsparcia naturalnego karmienia ju\u017c od pierwszych miesi\u0119cy \u017cycia dziecka.<\/p>\n","protected":false},"excerpt":{"rendered":"<p>Butelka samosterylizuj\u0105ca LOVI 21\/573 o pojemno\u015bci 150 ml to praktyczne rozwi\u0105zanie stworzone z my\u015bl\u0105 o codziennym, bezpiecznym karmieniu niemowl\u0105t. Specjalnie zaprojektowany kapsel umo\u017cliwia szybk\u0105 i skuteczn\u0105 sterylizacj\u0119 wszystkich element\u00f3w butelki w kuchence mikrofalowej w zaledwie 90 sekund, bez potrzeby u\u017cywania dodatkowych urz\u0105dze\u0144. Po zako\u0144czeniu procesu butelka jest od razu gotowa do karmienia, co znacz\u0105co u\u0142atwia [&hellip;]<\/p>\n","protected":false},"featured_media":12358,"comment_status":"open","ping_status":"closed","template":"","meta":[],"product_brand":[],"product_cat":[64,76,63],"product_tag":[],"class_list":{"0":"post-12359","1":"product","2":"type-product","3":"status-publish","4":"has-post-thumbnail","6":"product_cat-butelki-i-akcesoria","7":"product_cat-dziecko","8":"product_cat-karmienie","10":"first","11":"instock","12":"taxable","13":"shipping-taxable","14":"purchasable","15":"product-type-simple"},"_links":{"self":[{"href":"https:\/\/www.bobooaza.pl\/index.php\/wp-json\/wp\/v2\/product\/12359","targetHints":{"allow":["GET"]}}],"collection":[{"href":"https:\/\/www.bobooaza.pl\/index.php\/wp-json\/wp\/v2\/product"}],"about":[{"href":"https:\/\/www.bobooaza.pl\/index.php\/wp-json\/wp\/v2\/types\/product"}],"replies":[{"embeddable":true,"href":"https:\/\/www.bobooaza.pl\/index.php\/wp-json\/wp\/v2\/comments?post=12359"}],"wp:featuredmedia":[{"embeddable":true,"href":"https:\/\/www.bobooaza.pl\/index.php\/wp-json\/wp\/v2\/media\/12358"}],"wp:attachment":[{"href":"https:\/\/www.bobooaza.pl\/index.php\/wp-json\/wp\/v2\/media?parent=12359"}],"wp:term":[{"taxonomy":"product_brand","embeddable":true,"href":"https:\/\/www.bobooaza.pl\/index.php\/wp-json\/wp\/v2\/product_brand?post=12359"},{"taxonomy":"product_cat","embeddable":true,"href":"https:\/\/www.bobooaza.pl\/index.php\/wp-json\/wp\/v2\/product_cat?post=12359"},{"taxonomy":"product_tag","embeddable":true,"href":"https:\/\/www.bobooaza.pl\/index.php\/wp-json\/wp\/v2\/product_tag?post=12359"}],"curies":[{"name":"wp","href":"https:\/\/api.w.org\/{rel}","templated":true}]}}