{"id":12361,"date":"2026-01-18T15:35:27","date_gmt":"2026-01-18T14:35:27","guid":{"rendered":"https:\/\/www.bobooaza.pl\/index.php\/produkt\/lovi-21-571-butelka-samosterylizujaca-250ml\/"},"modified":"2026-01-19T21:55:43","modified_gmt":"2026-01-19T20:55:43","slug":"lovi-21-571-butelka-samosterylizujaca-250ml","status":"publish","type":"product","link":"https:\/\/www.bobooaza.pl\/index.php\/produkt\/lovi-21-571-butelka-samosterylizujaca-250ml\/","title":{"rendered":"LOVI 21\/571 Butelka samosterylizuj\u0105ca 250ml"},"content":{"rendered":"<p>Butelka samosterylizuj\u0105ca LOVI 21\/571 o pojemno\u015bci 250 ml to wygodne i bezpieczne rozwi\u0105zanie dla rodzic\u00f3w ceni\u0105cych higien\u0119 i oszcz\u0119dno\u015b\u0107 czasu. Specjalnie zaprojektowany kapsel umo\u017cliwia szybk\u0105 sterylizacj\u0119 wszystkich element\u00f3w butelki w kuchence mikrofalowej w zaledwie 90 sekund. Wystarczy doda\u0107 wod\u0119, po\u0142\u0105czy\u0107 elementy i umie\u015bci\u0107 zestaw w mikrofal\u00f3wce, aby butelka by\u0142a gotowa do u\u017cycia bez konieczno\u015bci stosowania dodatkowych akcesori\u00f3w.<\/p>\n<p>Butelka zosta\u0142a wyposa\u017cona w dynamiczny smoczek do podawania odci\u0105gni\u0119tego mleka mamy, kt\u00f3ry wspiera naturalny rytm ssania i nie zaburza odruchu ssania, umo\u017cliwiaj\u0105c swobodne \u0142\u0105czenie karmienia piersi\u0105 i butelk\u0105. Nowoczesny system odpowietrzania SUPER vent zmniejsza ryzyko po\u0142ykania powietrza i zwi\u0119ksza komfort karmienia. Model jest kompatybilny z laktatorami LOVI Prolactis i Protect, co czyni go praktycznym wyborem na co dzie\u0144 i w podr\u00f3\u017cy.<\/p>\n<p>Butelka samosterylizuj\u0105ca LOVI 250 ml \u0142\u0105czy funkcjonalno\u015b\u0107, bezpiecze\u0144stwo i wsparcie naturalnego karmienia, stanowi\u0105c niezawodne rozwi\u0105zanie dla rodzic\u00f3w niemowl\u0105t.<\/p>\n","protected":false},"excerpt":{"rendered":"<p>Butelka samosterylizuj\u0105ca LOVI 21\/571 o pojemno\u015bci 250 ml to wygodne i bezpieczne rozwi\u0105zanie dla rodzic\u00f3w ceni\u0105cych higien\u0119 i oszcz\u0119dno\u015b\u0107 czasu. Specjalnie zaprojektowany kapsel umo\u017cliwia szybk\u0105 sterylizacj\u0119 wszystkich element\u00f3w butelki w kuchence mikrofalowej w zaledwie 90 sekund. Wystarczy doda\u0107 wod\u0119, po\u0142\u0105czy\u0107 elementy i umie\u015bci\u0107 zestaw w mikrofal\u00f3wce, aby butelka by\u0142a gotowa do u\u017cycia bez konieczno\u015bci stosowania [&hellip;]<\/p>\n","protected":false},"featured_media":12360,"comment_status":"open","ping_status":"closed","template":"","meta":[],"product_brand":[],"product_cat":[64,76,63],"product_tag":[],"class_list":{"0":"post-12361","1":"product","2":"type-product","3":"status-publish","4":"has-post-thumbnail","6":"product_cat-butelki-i-akcesoria","7":"product_cat-dziecko","8":"product_cat-karmienie","10":"first","11":"instock","12":"taxable","13":"shipping-taxable","14":"purchasable","15":"product-type-simple"},"_links":{"self":[{"href":"https:\/\/www.bobooaza.pl\/index.php\/wp-json\/wp\/v2\/product\/12361","targetHints":{"allow":["GET"]}}],"collection":[{"href":"https:\/\/www.bobooaza.pl\/index.php\/wp-json\/wp\/v2\/product"}],"about":[{"href":"https:\/\/www.bobooaza.pl\/index.php\/wp-json\/wp\/v2\/types\/product"}],"replies":[{"embeddable":true,"href":"https:\/\/www.bobooaza.pl\/index.php\/wp-json\/wp\/v2\/comments?post=12361"}],"wp:featuredmedia":[{"embeddable":true,"href":"https:\/\/www.bobooaza.pl\/index.php\/wp-json\/wp\/v2\/media\/12360"}],"wp:attachment":[{"href":"https:\/\/www.bobooaza.pl\/index.php\/wp-json\/wp\/v2\/media?parent=12361"}],"wp:term":[{"taxonomy":"product_brand","embeddable":true,"href":"https:\/\/www.bobooaza.pl\/index.php\/wp-json\/wp\/v2\/product_brand?post=12361"},{"taxonomy":"product_cat","embeddable":true,"href":"https:\/\/www.bobooaza.pl\/index.php\/wp-json\/wp\/v2\/product_cat?post=12361"},{"taxonomy":"product_tag","embeddable":true,"href":"https:\/\/www.bobooaza.pl\/index.php\/wp-json\/wp\/v2\/product_tag?post=12361"}],"curies":[{"name":"wp","href":"https:\/\/api.w.org\/{rel}","templated":true}]}}