{"id":12365,"date":"2026-01-18T15:45:58","date_gmt":"2026-01-18T14:45:58","guid":{"rendered":"https:\/\/www.bobooaza.pl\/index.php\/produkt\/lovi-74-204-butelka-szklana-diamond-glass-250-ml-baby-shower-girl\/"},"modified":"2026-01-18T15:54:36","modified_gmt":"2026-01-18T14:54:36","slug":"lovi-74-204-butelka-szklana-diamond-glass-250-ml-baby-shower-girl","status":"publish","type":"product","link":"https:\/\/www.bobooaza.pl\/index.php\/produkt\/lovi-74-204-butelka-szklana-diamond-glass-250-ml-baby-shower-girl\/","title":{"rendered":"LOVI 74\/204 Butelka szklana Diamond Glass 250 ml Baby Shower girl"},"content":{"rendered":"<p>Szklana butelka LOVI Diamond Glass 250 ml Baby Shower Girl to bezpieczne i komfortowe rozwi\u0105zanie do karmienia niemowl\u0105t, kt\u00f3re nie zaburza naturalnego odruchu ssania. Wyposa\u017cona w dynamiczny smoczek z niejednorodnych warstw silikonu wspiera prawid\u0142owy rytm ssania i aktywn\u0105 prac\u0119 mi\u0119\u015bni warg oraz j\u0119zyka.<\/p>\n<p>Wykonana z wysokiej jako\u015bci szk\u0142a borowo-krzemowego (BPA 0%), butelka jest wyj\u0105tkowo trwa\u0142a, odporna na zarysowania oraz zapewnia d\u0142ugie utrzymanie ciep\u0142a pokarmu. Mo\u017ce by\u0107 u\u017cywana do odgrzewania i mro\u017cenia mleka, a dysk uszczelniaj\u0105cy pozwala przekszta\u0142ci\u0107 j\u0105 w pojemnik do przechowywania.<\/p>\n<p>Model Baby Shower Girl posiada skal\u0119, wysuni\u0119ty rant dla bezpiecznego podawania posi\u0142ku oraz jest \u0142atwy w utrzymaniu czysto\u015bci. Zestaw zawiera butelk\u0119, smoczek wolny (3m+) SUPERvent, elastyczny dysk uszczelniaj\u0105cy, nakr\u0119tk\u0119 i kubek do pojenia, co czyni go praktycznym rozwi\u0105zaniem dla codziennego karmienia.<\/p>\n","protected":false},"excerpt":{"rendered":"<p>Szklana butelka LOVI Diamond Glass 250 ml Baby Shower Girl to bezpieczne i komfortowe rozwi\u0105zanie do karmienia niemowl\u0105t, kt\u00f3re nie zaburza naturalnego odruchu ssania. Wyposa\u017cona w dynamiczny smoczek z niejednorodnych warstw silikonu wspiera prawid\u0142owy rytm ssania i aktywn\u0105 prac\u0119 mi\u0119\u015bni warg oraz j\u0119zyka. Wykonana z wysokiej jako\u015bci szk\u0142a borowo-krzemowego (BPA 0%), butelka jest wyj\u0105tkowo trwa\u0142a, [&hellip;]<\/p>\n","protected":false},"featured_media":12364,"comment_status":"open","ping_status":"closed","template":"","meta":[],"product_brand":[],"product_cat":[64,76,63],"product_tag":[],"class_list":{"0":"post-12365","1":"product","2":"type-product","3":"status-publish","4":"has-post-thumbnail","6":"product_cat-butelki-i-akcesoria","7":"product_cat-dziecko","8":"product_cat-karmienie","10":"first","11":"instock","12":"taxable","13":"shipping-taxable","14":"purchasable","15":"product-type-simple"},"_links":{"self":[{"href":"https:\/\/www.bobooaza.pl\/index.php\/wp-json\/wp\/v2\/product\/12365","targetHints":{"allow":["GET"]}}],"collection":[{"href":"https:\/\/www.bobooaza.pl\/index.php\/wp-json\/wp\/v2\/product"}],"about":[{"href":"https:\/\/www.bobooaza.pl\/index.php\/wp-json\/wp\/v2\/types\/product"}],"replies":[{"embeddable":true,"href":"https:\/\/www.bobooaza.pl\/index.php\/wp-json\/wp\/v2\/comments?post=12365"}],"wp:featuredmedia":[{"embeddable":true,"href":"https:\/\/www.bobooaza.pl\/index.php\/wp-json\/wp\/v2\/media\/12364"}],"wp:attachment":[{"href":"https:\/\/www.bobooaza.pl\/index.php\/wp-json\/wp\/v2\/media?parent=12365"}],"wp:term":[{"taxonomy":"product_brand","embeddable":true,"href":"https:\/\/www.bobooaza.pl\/index.php\/wp-json\/wp\/v2\/product_brand?post=12365"},{"taxonomy":"product_cat","embeddable":true,"href":"https:\/\/www.bobooaza.pl\/index.php\/wp-json\/wp\/v2\/product_cat?post=12365"},{"taxonomy":"product_tag","embeddable":true,"href":"https:\/\/www.bobooaza.pl\/index.php\/wp-json\/wp\/v2\/product_tag?post=12365"}],"curies":[{"name":"wp","href":"https:\/\/api.w.org\/{rel}","templated":true}]}}