{"id":12367,"date":"2026-01-18T15:46:00","date_gmt":"2026-01-18T14:46:00","guid":{"rendered":"https:\/\/www.bobooaza.pl\/index.php\/produkt\/lovi-74-205-butelka-szklana-diamond-glass-250-ml-botanic\/"},"modified":"2026-01-19T21:55:44","modified_gmt":"2026-01-19T20:55:44","slug":"lovi-74-205-butelka-szklana-diamond-glass-250-ml-botanic","status":"publish","type":"product","link":"https:\/\/www.bobooaza.pl\/index.php\/produkt\/lovi-74-205-butelka-szklana-diamond-glass-250-ml-botanic\/","title":{"rendered":"LOVI 74\/205 Butelka szklana Diamond Glass 250 ml Botanic"},"content":{"rendered":"<p>Szklana butelka LOVI Diamond Glass 250 ml Botanic to bezpieczne i komfortowe rozwi\u0105zanie do karmienia niemowl\u0105t, kt\u00f3re nie zaburza naturalnego odruchu ssania. Wyposa\u017cona w dynamiczny smoczek wspiera prawid\u0142owy rytm ssania, zachowuj\u0105c blisko\u015b\u0107 karmienia piersi\u0105.<\/p>\n<p>Butelka wykonana jest z wysokiej jako\u015bci szk\u0142a borowo-krzemowego (BPA 0%), dzi\u0119ki czemu jest wyj\u0105tkowo trwa\u0142a, odporna na zarysowania i zachowuje ciep\u0142o pokarmu na d\u0142u\u017cej. Model Diamond Glass zapewnia wysoki poziom higieny i jest w pe\u0142ni bezpieczny w kontakcie z \u017cywno\u015bci\u0105.<\/p>\n<p>Butelk\u0119 mo\u017cna u\u017cywa\u0107 w zmywarce, mikrofal\u00f3wce, sterylizatorze oraz zalewa\u0107 wrz\u0105c\u0105 wod\u0105, co u\u0142atwia codzienn\u0105 piel\u0119gnacj\u0119. Produkt jest kompatybilny ze wszystkimi laktatorami LOVI, umo\u017cliwiaj\u0105c wygodne i praktyczne karmienie odci\u0105gni\u0119tym mlekiem mamy.<\/p>\n","protected":false},"excerpt":{"rendered":"<p>Szklana butelka LOVI Diamond Glass 250 ml Botanic to bezpieczne i komfortowe rozwi\u0105zanie do karmienia niemowl\u0105t, kt\u00f3re nie zaburza naturalnego odruchu ssania. Wyposa\u017cona w dynamiczny smoczek wspiera prawid\u0142owy rytm ssania, zachowuj\u0105c blisko\u015b\u0107 karmienia piersi\u0105. Butelka wykonana jest z wysokiej jako\u015bci szk\u0142a borowo-krzemowego (BPA 0%), dzi\u0119ki czemu jest wyj\u0105tkowo trwa\u0142a, odporna na zarysowania i zachowuje ciep\u0142o [&hellip;]<\/p>\n","protected":false},"featured_media":12366,"comment_status":"open","ping_status":"closed","template":"","meta":[],"product_brand":[],"product_cat":[64,76,63],"product_tag":[],"class_list":{"0":"post-12367","1":"product","2":"type-product","3":"status-publish","4":"has-post-thumbnail","6":"product_cat-butelki-i-akcesoria","7":"product_cat-dziecko","8":"product_cat-karmienie","10":"first","11":"instock","12":"taxable","13":"shipping-taxable","14":"purchasable","15":"product-type-simple"},"_links":{"self":[{"href":"https:\/\/www.bobooaza.pl\/index.php\/wp-json\/wp\/v2\/product\/12367","targetHints":{"allow":["GET"]}}],"collection":[{"href":"https:\/\/www.bobooaza.pl\/index.php\/wp-json\/wp\/v2\/product"}],"about":[{"href":"https:\/\/www.bobooaza.pl\/index.php\/wp-json\/wp\/v2\/types\/product"}],"replies":[{"embeddable":true,"href":"https:\/\/www.bobooaza.pl\/index.php\/wp-json\/wp\/v2\/comments?post=12367"}],"wp:featuredmedia":[{"embeddable":true,"href":"https:\/\/www.bobooaza.pl\/index.php\/wp-json\/wp\/v2\/media\/12366"}],"wp:attachment":[{"href":"https:\/\/www.bobooaza.pl\/index.php\/wp-json\/wp\/v2\/media?parent=12367"}],"wp:term":[{"taxonomy":"product_brand","embeddable":true,"href":"https:\/\/www.bobooaza.pl\/index.php\/wp-json\/wp\/v2\/product_brand?post=12367"},{"taxonomy":"product_cat","embeddable":true,"href":"https:\/\/www.bobooaza.pl\/index.php\/wp-json\/wp\/v2\/product_cat?post=12367"},{"taxonomy":"product_tag","embeddable":true,"href":"https:\/\/www.bobooaza.pl\/index.php\/wp-json\/wp\/v2\/product_tag?post=12367"}],"curies":[{"name":"wp","href":"https:\/\/api.w.org\/{rel}","templated":true}]}}