{"id":12371,"date":"2026-01-18T15:46:03","date_gmt":"2026-01-18T14:46:03","guid":{"rendered":"https:\/\/www.bobooaza.pl\/index.php\/produkt\/lansinoh-butelka-do-karmienia-2x240-ml-ze-smoczkiem-natural-wave\/"},"modified":"2026-01-18T15:54:37","modified_gmt":"2026-01-18T14:54:37","slug":"lansinoh-butelka-do-karmienia-2x240-ml-ze-smoczkiem-natural-wave","status":"publish","type":"product","link":"https:\/\/www.bobooaza.pl\/index.php\/produkt\/lansinoh-butelka-do-karmienia-2x240-ml-ze-smoczkiem-natural-wave\/","title":{"rendered":"LANSINOH Butelka do karmienia 2&#215;240 ml ze smoczkiem Natural\/Wave"},"content":{"rendered":"<p>Zestaw Lansinoh 2&#215;240 ml ze smoczkiem NaturalWave\u2122 to bezpieczne i komfortowe rozwi\u0105zanie do karmienia niemowl\u0105t, wspieraj\u0105ce naturalny rytm ssania. Smoczek NaturalWave\u2122, wykonany w 100% z mi\u0119kkiego silikonu, posiada unikaln\u0105, stopniowo nachylon\u0105 konstrukcj\u0119, kt\u00f3ra umo\u017cliwia p\u0142ynne ruchy perystaltyczne j\u0119zyka i anga\u017cuje mi\u0119\u015bnie warg oraz jamy ustnej, wspieraj\u0105c prawid\u0142owy rozw\u00f3j.<\/p>\n<p>Szeroka baza smoczka u\u0142atwia dziecku uchwycenie i efektywne ssanie, a system Air Ventilation System (AVS\u2122) redukuje po\u0142ykanie powietrza, zmniejszaj\u0105c ryzyko kolek. Butelki zosta\u0142y klinicznie przebadane pod k\u0105tem utrwalania prawid\u0142owych wzorc\u00f3w karmienia naturalnego. Minimalna liczba element\u00f3w u\u0142atwia sk\u0142adanie, mycie i sterylizacj\u0119.<\/p>\n<p>Zestaw 2&#215;240 ml ze smoczkiem o \u015brednim przep\u0142ywie M jest kompatybilny z innymi produktami Lansinoh, co pozwala tworzy\u0107 sp\u00f3jny i praktyczny zestaw do codziennego karmienia.<\/p>\n","protected":false},"excerpt":{"rendered":"<p>Zestaw Lansinoh 2&#215;240 ml ze smoczkiem NaturalWave\u2122 to bezpieczne i komfortowe rozwi\u0105zanie do karmienia niemowl\u0105t, wspieraj\u0105ce naturalny rytm ssania. Smoczek NaturalWave\u2122, wykonany w 100% z mi\u0119kkiego silikonu, posiada unikaln\u0105, stopniowo nachylon\u0105 konstrukcj\u0119, kt\u00f3ra umo\u017cliwia p\u0142ynne ruchy perystaltyczne j\u0119zyka i anga\u017cuje mi\u0119\u015bnie warg oraz jamy ustnej, wspieraj\u0105c prawid\u0142owy rozw\u00f3j. Szeroka baza smoczka u\u0142atwia dziecku uchwycenie i [&hellip;]<\/p>\n","protected":false},"featured_media":12368,"comment_status":"open","ping_status":"closed","template":"","meta":[],"product_brand":[],"product_cat":[64,76,63],"product_tag":[],"class_list":{"0":"post-12371","1":"product","2":"type-product","3":"status-publish","4":"has-post-thumbnail","6":"product_cat-butelki-i-akcesoria","7":"product_cat-dziecko","8":"product_cat-karmienie","10":"first","11":"instock","12":"taxable","13":"shipping-taxable","14":"purchasable","15":"product-type-simple"},"_links":{"self":[{"href":"https:\/\/www.bobooaza.pl\/index.php\/wp-json\/wp\/v2\/product\/12371","targetHints":{"allow":["GET"]}}],"collection":[{"href":"https:\/\/www.bobooaza.pl\/index.php\/wp-json\/wp\/v2\/product"}],"about":[{"href":"https:\/\/www.bobooaza.pl\/index.php\/wp-json\/wp\/v2\/types\/product"}],"replies":[{"embeddable":true,"href":"https:\/\/www.bobooaza.pl\/index.php\/wp-json\/wp\/v2\/comments?post=12371"}],"wp:featuredmedia":[{"embeddable":true,"href":"https:\/\/www.bobooaza.pl\/index.php\/wp-json\/wp\/v2\/media\/12368"}],"wp:attachment":[{"href":"https:\/\/www.bobooaza.pl\/index.php\/wp-json\/wp\/v2\/media?parent=12371"}],"wp:term":[{"taxonomy":"product_brand","embeddable":true,"href":"https:\/\/www.bobooaza.pl\/index.php\/wp-json\/wp\/v2\/product_brand?post=12371"},{"taxonomy":"product_cat","embeddable":true,"href":"https:\/\/www.bobooaza.pl\/index.php\/wp-json\/wp\/v2\/product_cat?post=12371"},{"taxonomy":"product_tag","embeddable":true,"href":"https:\/\/www.bobooaza.pl\/index.php\/wp-json\/wp\/v2\/product_tag?post=12371"}],"curies":[{"name":"wp","href":"https:\/\/api.w.org\/{rel}","templated":true}]}}