{"id":12378,"date":"2026-01-18T15:46:09","date_gmt":"2026-01-18T14:46:09","guid":{"rendered":"https:\/\/www.bobooaza.pl\/index.php\/produkt\/lansinoh-butelka-do-karmienia-2x160-mlsmoczek-naturalwave\/"},"modified":"2026-01-19T21:55:45","modified_gmt":"2026-01-19T20:55:45","slug":"lansinoh-butelka-do-karmienia-2x160-mlsmoczek-naturalwave","status":"publish","type":"product","link":"https:\/\/www.bobooaza.pl\/index.php\/produkt\/lansinoh-butelka-do-karmienia-2x160-mlsmoczek-naturalwave\/","title":{"rendered":"LANSINOH Butelka do karmienia 2&#215;160 ml+smoczek NaturalWave"},"content":{"rendered":"<p>Zestaw Lansinoh 2&#215;160 ml z smoczkiem NaturalWave\u2122 to bezpieczne i komfortowe rozwi\u0105zanie do karmienia niemowl\u0105t, wspieraj\u0105ce naturalne wzorce ssania. Smoczek NaturalWave\u2122 wykonany w 100% z mi\u0119kkiego silikonu jest elastyczny, a jego unikalna, stopniowa konstrukcja umo\u017cliwia prawid\u0142owe ruchy perystaltyczne j\u0119zyka i anga\u017cuje narz\u0105dy jamy ustnej, wspieraj\u0105c ich rozw\u00f3j.<\/p>\n<p>Szeroka baza smoczka u\u0142atwia dziecku uchwycenie i efektywne ssanie, a system Air Ventilation System (AVS\u2122) ogranicza po\u0142ykanie powietrza, zmniejszaj\u0105c ryzyko kolek. Zestaw klinicznie przebadano pod k\u0105tem utrwalania prawid\u0142owych wzorc\u00f3w karmienia naturalnego. Minimalna liczba element\u00f3w u\u0142atwia sk\u0142adanie, mycie i u\u017cytkowanie.<\/p>\n<p>Butelki Lansinoh 160 ml s\u0105 kompatybilne z innymi produktami marki, co pozwala \u0142atwo tworzy\u0107 sp\u00f3jny zestaw do codziennego karmienia. W komplecie znajduj\u0105 si\u0119 dwie butelki oraz dwa smoczki o wolnym przep\u0142ywie, idealne dla niemowl\u0105t od pierwszych dni \u017cycia.<\/p>\n","protected":false},"excerpt":{"rendered":"<p>Zestaw Lansinoh 2&#215;160 ml z smoczkiem NaturalWave\u2122 to bezpieczne i komfortowe rozwi\u0105zanie do karmienia niemowl\u0105t, wspieraj\u0105ce naturalne wzorce ssania. Smoczek NaturalWave\u2122 wykonany w 100% z mi\u0119kkiego silikonu jest elastyczny, a jego unikalna, stopniowa konstrukcja umo\u017cliwia prawid\u0142owe ruchy perystaltyczne j\u0119zyka i anga\u017cuje narz\u0105dy jamy ustnej, wspieraj\u0105c ich rozw\u00f3j. Szeroka baza smoczka u\u0142atwia dziecku uchwycenie i efektywne [&hellip;]<\/p>\n","protected":false},"featured_media":12375,"comment_status":"open","ping_status":"closed","template":"","meta":[],"product_brand":[],"product_cat":[64,76,63],"product_tag":[],"class_list":{"0":"post-12378","1":"product","2":"type-product","3":"status-publish","4":"has-post-thumbnail","6":"product_cat-butelki-i-akcesoria","7":"product_cat-dziecko","8":"product_cat-karmienie","10":"first","11":"instock","12":"taxable","13":"shipping-taxable","14":"purchasable","15":"product-type-simple"},"_links":{"self":[{"href":"https:\/\/www.bobooaza.pl\/index.php\/wp-json\/wp\/v2\/product\/12378","targetHints":{"allow":["GET"]}}],"collection":[{"href":"https:\/\/www.bobooaza.pl\/index.php\/wp-json\/wp\/v2\/product"}],"about":[{"href":"https:\/\/www.bobooaza.pl\/index.php\/wp-json\/wp\/v2\/types\/product"}],"replies":[{"embeddable":true,"href":"https:\/\/www.bobooaza.pl\/index.php\/wp-json\/wp\/v2\/comments?post=12378"}],"wp:featuredmedia":[{"embeddable":true,"href":"https:\/\/www.bobooaza.pl\/index.php\/wp-json\/wp\/v2\/media\/12375"}],"wp:attachment":[{"href":"https:\/\/www.bobooaza.pl\/index.php\/wp-json\/wp\/v2\/media?parent=12378"}],"wp:term":[{"taxonomy":"product_brand","embeddable":true,"href":"https:\/\/www.bobooaza.pl\/index.php\/wp-json\/wp\/v2\/product_brand?post=12378"},{"taxonomy":"product_cat","embeddable":true,"href":"https:\/\/www.bobooaza.pl\/index.php\/wp-json\/wp\/v2\/product_cat?post=12378"},{"taxonomy":"product_tag","embeddable":true,"href":"https:\/\/www.bobooaza.pl\/index.php\/wp-json\/wp\/v2\/product_tag?post=12378"}],"curies":[{"name":"wp","href":"https:\/\/api.w.org\/{rel}","templated":true}]}}