{"id":12381,"date":"2026-01-18T15:46:10","date_gmt":"2026-01-18T14:46:10","guid":{"rendered":"https:\/\/www.bobooaza.pl\/index.php\/produkt\/lovi-21-585-butelka-240-ml-stardust\/"},"modified":"2026-01-19T21:55:46","modified_gmt":"2026-01-19T20:55:46","slug":"lovi-21-585-butelka-240-ml-stardust","status":"publish","type":"product","link":"https:\/\/www.bobooaza.pl\/index.php\/produkt\/lovi-21-585-butelka-240-ml-stardust\/","title":{"rendered":"LOVI 21\/585 Butelka 240 ml Stardust"},"content":{"rendered":"<p>Butelka LOVI Stardust 240 ml zosta\u0142a stworzona do bezpiecznego podawania odci\u0105gni\u0119tego mleka mamy, z zachowaniem naturalnego odruchu ssania. Wyposa\u017cona w profesjonalny dynamiczny smoczek, wymaga aktywnej pracy mi\u0119\u015bni warg i j\u0119zyka, wspieraj\u0105c prawid\u0142owy rytm ssania i u\u0142atwiaj\u0105c powr\u00f3t do karmienia piersi\u0105.<\/p>\n<p>Model Stardust wyr\u00f3\u017cnia si\u0119 unikaln\u0105 kolorystyk\u0105 inspirowan\u0105 nocnym, gwiezdnym niebem, sp\u00f3jn\u0105 z kolekcj\u0105 smoczk\u00f3w uspokajaj\u0105cych LOVI. Przezroczysta konstrukcja butelki umo\u017cliwia wygodne kontrolowanie ilo\u015bci mleka, a wi\u0119ksza pojemno\u015b\u0107 240 ml sprawia, \u017ce jest odpowiednia dla dzieci powy\u017cej 3. miesi\u0105ca \u017cycia.<\/p>\n<p>Butelka LOVI Stardust 240 ml jest kompatybilna z laktatorami LOVI, \u0142\u0105cz\u0105c funkcjonalno\u015b\u0107, bezpiecze\u0144stwo i atrakcyjny design. Marka LOVI rekomenduje karmienie piersi\u0105 jako najzdrowsz\u0105 form\u0119 \u017cywienia, a butelka Stardust stanowi wygodne wsparcie, gdy karmienie alternatywne jest potrzebne.<\/p>\n","protected":false},"excerpt":{"rendered":"<p>Butelka LOVI Stardust 240 ml zosta\u0142a stworzona do bezpiecznego podawania odci\u0105gni\u0119tego mleka mamy, z zachowaniem naturalnego odruchu ssania. Wyposa\u017cona w profesjonalny dynamiczny smoczek, wymaga aktywnej pracy mi\u0119\u015bni warg i j\u0119zyka, wspieraj\u0105c prawid\u0142owy rytm ssania i u\u0142atwiaj\u0105c powr\u00f3t do karmienia piersi\u0105. Model Stardust wyr\u00f3\u017cnia si\u0119 unikaln\u0105 kolorystyk\u0105 inspirowan\u0105 nocnym, gwiezdnym niebem, sp\u00f3jn\u0105 z kolekcj\u0105 smoczk\u00f3w uspokajaj\u0105cych [&hellip;]<\/p>\n","protected":false},"featured_media":12379,"comment_status":"open","ping_status":"closed","template":"","meta":[],"product_brand":[],"product_cat":[64,76,63],"product_tag":[],"class_list":{"0":"post-12381","1":"product","2":"type-product","3":"status-publish","4":"has-post-thumbnail","6":"product_cat-butelki-i-akcesoria","7":"product_cat-dziecko","8":"product_cat-karmienie","10":"first","11":"instock","12":"taxable","13":"shipping-taxable","14":"purchasable","15":"product-type-simple"},"_links":{"self":[{"href":"https:\/\/www.bobooaza.pl\/index.php\/wp-json\/wp\/v2\/product\/12381","targetHints":{"allow":["GET"]}}],"collection":[{"href":"https:\/\/www.bobooaza.pl\/index.php\/wp-json\/wp\/v2\/product"}],"about":[{"href":"https:\/\/www.bobooaza.pl\/index.php\/wp-json\/wp\/v2\/types\/product"}],"replies":[{"embeddable":true,"href":"https:\/\/www.bobooaza.pl\/index.php\/wp-json\/wp\/v2\/comments?post=12381"}],"wp:featuredmedia":[{"embeddable":true,"href":"https:\/\/www.bobooaza.pl\/index.php\/wp-json\/wp\/v2\/media\/12379"}],"wp:attachment":[{"href":"https:\/\/www.bobooaza.pl\/index.php\/wp-json\/wp\/v2\/media?parent=12381"}],"wp:term":[{"taxonomy":"product_brand","embeddable":true,"href":"https:\/\/www.bobooaza.pl\/index.php\/wp-json\/wp\/v2\/product_brand?post=12381"},{"taxonomy":"product_cat","embeddable":true,"href":"https:\/\/www.bobooaza.pl\/index.php\/wp-json\/wp\/v2\/product_cat?post=12381"},{"taxonomy":"product_tag","embeddable":true,"href":"https:\/\/www.bobooaza.pl\/index.php\/wp-json\/wp\/v2\/product_tag?post=12381"}],"curies":[{"name":"wp","href":"https:\/\/api.w.org\/{rel}","templated":true}]}}