{"id":12407,"date":"2026-01-23T13:50:30","date_gmt":"2026-01-23T12:50:30","guid":{"rendered":"https:\/\/www.bobooaza.pl\/index.php\/produkt\/b-box-bb00513-bidon-ze-slomka-240-ml-lazurowy-aqua\/"},"modified":"2026-01-23T13:59:15","modified_gmt":"2026-01-23T12:59:15","slug":"b-box-bb00513-bidon-ze-slomka-240-ml-lazurowy-aqua","status":"publish","type":"product","link":"https:\/\/www.bobooaza.pl\/index.php\/produkt\/b-box-bb00513-bidon-ze-slomka-240-ml-lazurowy-aqua\/","title":{"rendered":"B.BOX BB00513 Bidon ze s\u0142omk\u0105 240 ml lazurowy (aqua)"},"content":{"rendered":"<p>Do bidonu B.BOX BB00513 (lazurowy) mo\u017cna dokupi\u0107 wymienne cz\u0119\u015bci: pokrywk\u0119 do bidonu, zapasowe s\u0142omki wraz ze szczoteczk\u0105 do czyszczenia oraz zapasowe uszczelki. Pokrywka do kubka treningowego nie pasuje do tego bidonu.<\/p>\n","protected":false},"excerpt":{"rendered":"<p>Do bidonu B.BOX BB00513 (lazurowy) mo\u017cna dokupi\u0107 wymienne cz\u0119\u015bci: pokrywk\u0119 do bidonu, zapasowe s\u0142omki wraz ze szczoteczk\u0105 do czyszczenia oraz zapasowe uszczelki. Pokrywka do kubka treningowego nie pasuje do tego bidonu.<\/p>\n","protected":false},"featured_media":12406,"comment_status":"open","ping_status":"closed","template":"","meta":[],"product_brand":[],"product_cat":[159,76,63,99],"product_tag":[],"class_list":{"0":"post-12407","1":"product","2":"type-product","3":"status-publish","4":"has-post-thumbnail","6":"product_cat-bidony","7":"product_cat-dziecko","8":"product_cat-karmienie","9":"product_cat-naczynia-i-sztucce","11":"first","12":"instock","13":"taxable","14":"shipping-taxable","15":"purchasable","16":"product-type-simple"},"_links":{"self":[{"href":"https:\/\/www.bobooaza.pl\/index.php\/wp-json\/wp\/v2\/product\/12407","targetHints":{"allow":["GET"]}}],"collection":[{"href":"https:\/\/www.bobooaza.pl\/index.php\/wp-json\/wp\/v2\/product"}],"about":[{"href":"https:\/\/www.bobooaza.pl\/index.php\/wp-json\/wp\/v2\/types\/product"}],"replies":[{"embeddable":true,"href":"https:\/\/www.bobooaza.pl\/index.php\/wp-json\/wp\/v2\/comments?post=12407"}],"wp:featuredmedia":[{"embeddable":true,"href":"https:\/\/www.bobooaza.pl\/index.php\/wp-json\/wp\/v2\/media\/12406"}],"wp:attachment":[{"href":"https:\/\/www.bobooaza.pl\/index.php\/wp-json\/wp\/v2\/media?parent=12407"}],"wp:term":[{"taxonomy":"product_brand","embeddable":true,"href":"https:\/\/www.bobooaza.pl\/index.php\/wp-json\/wp\/v2\/product_brand?post=12407"},{"taxonomy":"product_cat","embeddable":true,"href":"https:\/\/www.bobooaza.pl\/index.php\/wp-json\/wp\/v2\/product_cat?post=12407"},{"taxonomy":"product_tag","embeddable":true,"href":"https:\/\/www.bobooaza.pl\/index.php\/wp-json\/wp\/v2\/product_tag?post=12407"}],"curies":[{"name":"wp","href":"https:\/\/api.w.org\/{rel}","templated":true}]}}