{"id":12418,"date":"2026-01-23T13:50:37","date_gmt":"2026-01-23T12:50:37","guid":{"rendered":"https:\/\/www.bobooaza.pl\/index.php\/produkt\/akuku-a0671-bidon-360-ciemny\/"},"modified":"2026-01-23T13:59:17","modified_gmt":"2026-01-23T12:59:17","slug":"akuku-a0671-bidon-360-ciemny","status":"publish","type":"product","link":"https:\/\/www.bobooaza.pl\/index.php\/produkt\/akuku-a0671-bidon-360-ciemny\/","title":{"rendered":"AKUKU A0671 Bidon 360 ciemny"},"content":{"rendered":"<p>AKUKU A0671 Bidon 360\u00b0 ciemny to praktyczny kubek niekapek stworzony z my\u015bl\u0105 o nauce samodzielnego picia. Wyposa\u017cony w zaw\u00f3r uszczelniaj\u0105cy, zapobiega wylewaniu si\u0119 p\u0142yn\u00f3w, a ustnik pozwala pi\u0107 z dowolnego miejsca wok\u00f3\u0142 kraw\u0119dzi kubka. Ergonomiczny kszta\u0142t i szerokie uchwyty zapewniaj\u0105 wygodne trzymanie w ma\u0142ych r\u0105czkach, a kapsel chroni ustnik przed zabrudzeniem. Kubek jest \u0142atwy w myciu, lekki i odporny na uszkodzenia, ca\u0142kowicie wolny od bisfenolu A (0% BPA). Pojemno\u015b\u0107 bidonu wynosi 240 ml.<\/p>\n","protected":false},"excerpt":{"rendered":"<p>AKUKU A0671 Bidon 360\u00b0 ciemny to praktyczny kubek niekapek stworzony z my\u015bl\u0105 o nauce samodzielnego picia. Wyposa\u017cony w zaw\u00f3r uszczelniaj\u0105cy, zapobiega wylewaniu si\u0119 p\u0142yn\u00f3w, a ustnik pozwala pi\u0107 z dowolnego miejsca wok\u00f3\u0142 kraw\u0119dzi kubka. Ergonomiczny kszta\u0142t i szerokie uchwyty zapewniaj\u0105 wygodne trzymanie w ma\u0142ych r\u0105czkach, a kapsel chroni ustnik przed zabrudzeniem. Kubek jest \u0142atwy w [&hellip;]<\/p>\n","protected":false},"featured_media":12415,"comment_status":"open","ping_status":"closed","template":"","meta":[],"product_brand":[],"product_cat":[159,76,63,99],"product_tag":[],"class_list":{"0":"post-12418","1":"product","2":"type-product","3":"status-publish","4":"has-post-thumbnail","6":"product_cat-bidony","7":"product_cat-dziecko","8":"product_cat-karmienie","9":"product_cat-naczynia-i-sztucce","11":"first","12":"instock","13":"taxable","14":"shipping-taxable","15":"purchasable","16":"product-type-simple"},"_links":{"self":[{"href":"https:\/\/www.bobooaza.pl\/index.php\/wp-json\/wp\/v2\/product\/12418","targetHints":{"allow":["GET"]}}],"collection":[{"href":"https:\/\/www.bobooaza.pl\/index.php\/wp-json\/wp\/v2\/product"}],"about":[{"href":"https:\/\/www.bobooaza.pl\/index.php\/wp-json\/wp\/v2\/types\/product"}],"replies":[{"embeddable":true,"href":"https:\/\/www.bobooaza.pl\/index.php\/wp-json\/wp\/v2\/comments?post=12418"}],"wp:featuredmedia":[{"embeddable":true,"href":"https:\/\/www.bobooaza.pl\/index.php\/wp-json\/wp\/v2\/media\/12415"}],"wp:attachment":[{"href":"https:\/\/www.bobooaza.pl\/index.php\/wp-json\/wp\/v2\/media?parent=12418"}],"wp:term":[{"taxonomy":"product_brand","embeddable":true,"href":"https:\/\/www.bobooaza.pl\/index.php\/wp-json\/wp\/v2\/product_brand?post=12418"},{"taxonomy":"product_cat","embeddable":true,"href":"https:\/\/www.bobooaza.pl\/index.php\/wp-json\/wp\/v2\/product_cat?post=12418"},{"taxonomy":"product_tag","embeddable":true,"href":"https:\/\/www.bobooaza.pl\/index.php\/wp-json\/wp\/v2\/product_tag?post=12418"}],"curies":[{"name":"wp","href":"https:\/\/api.w.org\/{rel}","templated":true}]}}