{"id":12420,"date":"2026-01-23T13:50:39","date_gmt":"2026-01-23T12:50:39","guid":{"rendered":"https:\/\/www.bobooaza.pl\/index.php\/produkt\/b-box-bb200210-bidon-ze-slomka-240-ml-sage\/"},"modified":"2026-01-23T13:59:17","modified_gmt":"2026-01-23T12:59:17","slug":"b-box-bb200210-bidon-ze-slomka-240-ml-sage","status":"publish","type":"product","link":"https:\/\/www.bobooaza.pl\/index.php\/produkt\/b-box-bb200210-bidon-ze-slomka-240-ml-sage\/","title":{"rendered":"B.BOX BB200210 Bidon ze s\u0142omk\u0105 240 ml sage"},"content":{"rendered":"<p>B.BOX BB200210 Bidon ze s\u0142omk\u0105 240 ml sage to bezpieczny i funkcjonalny bidon dla dzieci od 6. miesi\u0105ca \u017cycia, stworzony z my\u015bl\u0105 o nauce samodzielnego picia. Obci\u0105\u017cona s\u0142omka pod\u0105\u017ca za p\u0142ynem niezale\u017cnie od k\u0105ta nachylenia bidonu, umo\u017cliwiaj\u0105c wypicie napoju a\u017c do ostatniej kropli, nawet gdy kubek jest odwr\u00f3cony do g\u00f3ry dnem.<\/p>\n<p>Bidon jest szczelny dzi\u0119ki dwukierunkowemu zaworowi w s\u0142omce i wzmocnionej pokrywce, co zapobiega wylewaniu napoju. Wyprofilowane uchwyty i intuicyjne zamkni\u0119cie zapewniaj\u0105 wygod\u0119 obs\u0142ugi dla ma\u0142ych r\u0105czek, a wymienna s\u0142omka i mo\u017cliwo\u015b\u0107 mycia w zmywarce u\u0142atwiaj\u0105 utrzymanie higieny.<\/p>\n<p>Wykonany z wysokiej jako\u015bci materia\u0142\u00f3w wolnych od BPA, ftalan\u00f3w i PVC bidon jest trwa\u0142y i bezpieczny dla dziecka. Soczysta kolorystyka przyci\u0105ga uwag\u0119 i urozmaica dzieci\u0119c\u0105 wyprawk\u0119. Mo\u017cliwo\u015b\u0107 dokupienia cz\u0119\u015bci zamiennych, takich jak pokrywka, s\u0142omki, szczoteczka czy uszczelki, wyd\u0142u\u017ca czas u\u017cytkowania.<\/p>\n<p>B.BOX BB200210 Bidon ze s\u0142omk\u0105 240 ml sage wspiera nauk\u0119 samodzielnego picia i pozwala cieszy\u0107 si\u0119 napojem bez rozlewania, zapewniaj\u0105c wygod\u0119 i bezpiecze\u0144stwo w ka\u017cdej sytuacji. Nie nale\u017cy podawa\u0107 wrz\u0105cych, gazowanych ani napoj\u00f3w z mi\u0105\u017cszem, a dziecko nie powinno gry\u017a\u0107 ani \u017cu\u0107 s\u0142omki.<\/p>\n","protected":false},"excerpt":{"rendered":"<p>B.BOX BB200210 Bidon ze s\u0142omk\u0105 240 ml sage to bezpieczny i funkcjonalny bidon dla dzieci od 6. miesi\u0105ca \u017cycia, stworzony z my\u015bl\u0105 o nauce samodzielnego picia. Obci\u0105\u017cona s\u0142omka pod\u0105\u017ca za p\u0142ynem niezale\u017cnie od k\u0105ta nachylenia bidonu, umo\u017cliwiaj\u0105c wypicie napoju a\u017c do ostatniej kropli, nawet gdy kubek jest odwr\u00f3cony do g\u00f3ry dnem. Bidon jest szczelny dzi\u0119ki [&hellip;]<\/p>\n","protected":false},"featured_media":12419,"comment_status":"open","ping_status":"closed","template":"","meta":[],"product_brand":[],"product_cat":[159,76,63,99],"product_tag":[],"class_list":{"0":"post-12420","1":"product","2":"type-product","3":"status-publish","4":"has-post-thumbnail","6":"product_cat-bidony","7":"product_cat-dziecko","8":"product_cat-karmienie","9":"product_cat-naczynia-i-sztucce","11":"first","12":"instock","13":"taxable","14":"shipping-taxable","15":"purchasable","16":"product-type-simple"},"_links":{"self":[{"href":"https:\/\/www.bobooaza.pl\/index.php\/wp-json\/wp\/v2\/product\/12420","targetHints":{"allow":["GET"]}}],"collection":[{"href":"https:\/\/www.bobooaza.pl\/index.php\/wp-json\/wp\/v2\/product"}],"about":[{"href":"https:\/\/www.bobooaza.pl\/index.php\/wp-json\/wp\/v2\/types\/product"}],"replies":[{"embeddable":true,"href":"https:\/\/www.bobooaza.pl\/index.php\/wp-json\/wp\/v2\/comments?post=12420"}],"wp:featuredmedia":[{"embeddable":true,"href":"https:\/\/www.bobooaza.pl\/index.php\/wp-json\/wp\/v2\/media\/12419"}],"wp:attachment":[{"href":"https:\/\/www.bobooaza.pl\/index.php\/wp-json\/wp\/v2\/media?parent=12420"}],"wp:term":[{"taxonomy":"product_brand","embeddable":true,"href":"https:\/\/www.bobooaza.pl\/index.php\/wp-json\/wp\/v2\/product_brand?post=12420"},{"taxonomy":"product_cat","embeddable":true,"href":"https:\/\/www.bobooaza.pl\/index.php\/wp-json\/wp\/v2\/product_cat?post=12420"},{"taxonomy":"product_tag","embeddable":true,"href":"https:\/\/www.bobooaza.pl\/index.php\/wp-json\/wp\/v2\/product_tag?post=12420"}],"curies":[{"name":"wp","href":"https:\/\/api.w.org\/{rel}","templated":true}]}}