{"id":12432,"date":"2026-01-23T13:50:51","date_gmt":"2026-01-23T12:50:51","guid":{"rendered":"https:\/\/www.bobooaza.pl\/index.php\/produkt\/canpol-56-109_pin2-bidon-ze-skladana-rurka-silikonowa-270-ml-rozowy\/"},"modified":"2026-01-23T13:59:21","modified_gmt":"2026-01-23T12:59:21","slug":"canpol-56-109_pin2-bidon-ze-skladana-rurka-silikonowa-270-ml-rozowy","status":"publish","type":"product","link":"https:\/\/www.bobooaza.pl\/index.php\/produkt\/canpol-56-109_pin2-bidon-ze-skladana-rurka-silikonowa-270-ml-rozowy\/","title":{"rendered":"CANPOL 56\/109_pin2 Bidon ze sk\u0142adan\u0105 rurk\u0105 silikonow\u0105 270 ml r\u00f3\u017cowy"},"content":{"rendered":"<p>CANPOL 56\/109_pin2 Bidon ze sk\u0142adan\u0105 rurk\u0105 silikonow\u0105 270 ml r\u00f3\u017cowy to praktyczny i trwa\u0142y bidon dla dzieci, stworzony z my\u015bl\u0105 o starszakach, kt\u00f3re potrafi\u0105 ju\u017c samodzielnie pi\u0107, w tym dzieciach ucz\u0119szczaj\u0105cych do przedszkola. Kolorowa i funkcjonalna forma skutecznie zach\u0119ca do regularnego picia wody oraz pomaga w kszta\u0142towaniu prawid\u0142owych nawyk\u00f3w nawodnienia na co dzie\u0144.<\/p>\n<p>Bidon zosta\u0142 wykonany z bezpiecznego, niet\u0142uk\u0105cego si\u0119 plastiku, kt\u00f3ry nie zawiera BPA ani innych szkodliwych substancji. Lekka i odporna na uszkodzenia konstrukcja sprawia, \u017ce idealnie sprawdza si\u0119 zar\u00f3wno w domu, jak i poza nim. Mi\u0119kka silikonowa rurka o swobodnym przep\u0142ywie jest delikatna dla wra\u017cliwych dzi\u0105se\u0142 dziecka i zapewnia komfort picia. Sk\u0142adana konstrukcja rurki pozwala w szybki i wygodny spos\u00f3b schowa\u0107 j\u0105 do nakr\u0119tki, zapobiegaj\u0105c przypadkowemu wylewaniu napoju.<\/p>\n<p>Ergonomiczny, wyprofilowany kszta\u0142t bidonu u\u0142atwia trzymanie w ma\u0142ych d\u0142oniach, a du\u017cy otw\u00f3r umo\u017cliwia \u0142atwe nape\u0142nianie oraz dok\u0142adne mycie. Pojemno\u015b\u0107 270 ml jest odpowiednia na codzienne potrzeby dziecka w przedszkolu, na spacerze czy podczas aktywno\u015bci. Bidon przeznaczony jest do napoj\u00f3w zimnych lub w temperaturze pokojowej, mo\u017ce by\u0107 myty w zmywarce oraz podgrzewany w kuchence mikrofalowej.<\/p>\n<p>CANPOL 56\/109_pin2 Bidon ze sk\u0142adan\u0105 rurk\u0105 silikonow\u0105 270 ml w kolorze r\u00f3\u017cowym to funkcjonalne i bezpieczne rozwi\u0105zanie dla rodzic\u00f3w, kt\u00f3rzy szukaj\u0105 wygodnego bidonu wspieraj\u0105cego samodzielno\u015b\u0107 dziecka i zdrowe nawyki picia ka\u017cdego dnia.<\/p>\n","protected":false},"excerpt":{"rendered":"<p>CANPOL 56\/109_pin2 Bidon ze sk\u0142adan\u0105 rurk\u0105 silikonow\u0105 270 ml r\u00f3\u017cowy to praktyczny i trwa\u0142y bidon dla dzieci, stworzony z my\u015bl\u0105 o starszakach, kt\u00f3re potrafi\u0105 ju\u017c samodzielnie pi\u0107, w tym dzieciach ucz\u0119szczaj\u0105cych do przedszkola. Kolorowa i funkcjonalna forma skutecznie zach\u0119ca do regularnego picia wody oraz pomaga w kszta\u0142towaniu prawid\u0142owych nawyk\u00f3w nawodnienia na co dzie\u0144. Bidon zosta\u0142 [&hellip;]<\/p>\n","protected":false},"featured_media":12431,"comment_status":"open","ping_status":"closed","template":"","meta":[],"product_brand":[],"product_cat":[159,76,63,99],"product_tag":[],"class_list":{"0":"post-12432","1":"product","2":"type-product","3":"status-publish","4":"has-post-thumbnail","6":"product_cat-bidony","7":"product_cat-dziecko","8":"product_cat-karmienie","9":"product_cat-naczynia-i-sztucce","11":"first","12":"instock","13":"taxable","14":"shipping-taxable","15":"purchasable","16":"product-type-simple"},"_links":{"self":[{"href":"https:\/\/www.bobooaza.pl\/index.php\/wp-json\/wp\/v2\/product\/12432","targetHints":{"allow":["GET"]}}],"collection":[{"href":"https:\/\/www.bobooaza.pl\/index.php\/wp-json\/wp\/v2\/product"}],"about":[{"href":"https:\/\/www.bobooaza.pl\/index.php\/wp-json\/wp\/v2\/types\/product"}],"replies":[{"embeddable":true,"href":"https:\/\/www.bobooaza.pl\/index.php\/wp-json\/wp\/v2\/comments?post=12432"}],"wp:featuredmedia":[{"embeddable":true,"href":"https:\/\/www.bobooaza.pl\/index.php\/wp-json\/wp\/v2\/media\/12431"}],"wp:attachment":[{"href":"https:\/\/www.bobooaza.pl\/index.php\/wp-json\/wp\/v2\/media?parent=12432"}],"wp:term":[{"taxonomy":"product_brand","embeddable":true,"href":"https:\/\/www.bobooaza.pl\/index.php\/wp-json\/wp\/v2\/product_brand?post=12432"},{"taxonomy":"product_cat","embeddable":true,"href":"https:\/\/www.bobooaza.pl\/index.php\/wp-json\/wp\/v2\/product_cat?post=12432"},{"taxonomy":"product_tag","embeddable":true,"href":"https:\/\/www.bobooaza.pl\/index.php\/wp-json\/wp\/v2\/product_tag?post=12432"}],"curies":[{"name":"wp","href":"https:\/\/api.w.org\/{rel}","templated":true}]}}