{"id":12459,"date":"2026-01-23T13:57:44","date_gmt":"2026-01-23T12:57:44","guid":{"rendered":"https:\/\/www.bobooaza.pl\/index.php\/produkt\/akuku-a0165-bidon-ze-slomka-z-odwaznikiem-blue-yellow\/"},"modified":"2026-01-23T13:59:23","modified_gmt":"2026-01-23T12:59:23","slug":"akuku-a0165-bidon-ze-slomka-z-odwaznikiem-blue-yellow","status":"publish","type":"product","link":"https:\/\/www.bobooaza.pl\/index.php\/produkt\/akuku-a0165-bidon-ze-slomka-z-odwaznikiem-blue-yellow\/","title":{"rendered":"AKUKU A0165 Bidon ze s\u0142omk\u0105 z odwa\u017cnikiem blue\/yellow"},"content":{"rendered":"<p>Bidon ze s\u0142omk\u0105 z odwa\u017cnikiem.<\/p>\n<p>Bidon z silikonow\u0105 s\u0142omk\u0105 zako\u0144czon\u0105 odwa\u017cnikiem umo\u017cliwia picie pod ka\u017cdym k\u0105tem. Ca\u0142kowicie wolny od bisfenolu A (0% BPA). Dziecko pije do ostatniej kropelki. Tw\u00f3j maluszek mo\u017ce pi\u0107 przechylaj\u0105c kubek nawet do g\u00f3ry nogami. Niezast\u0105piony w domu i w podr\u00f3\u017cy. Szczelne zamkni\u0119cie zapobiega wylewaniu si\u0119 picia i chroni s\u0142omk\u0119 przed zabrudzeniem. Transparentno\u015b\u0107 i wyra\u017ana podzia\u0142ka pozwala na kontrolowanie ilo\u015b\u0107 p\u0142ynu. Kubek mo\u017cna my\u0107 w zmywarce na g\u00f3rnej p\u00f3\u0142ce (ale bez s\u0142omki).<\/p>\n<p>Wykonany z PP<\/p>\n<p>Pojemno\u015b\u0107 280 ml<\/p>\n<p>9m+<\/p>\n","protected":false},"excerpt":{"rendered":"<p>Bidon ze s\u0142omk\u0105 z odwa\u017cnikiem. Bidon z silikonow\u0105 s\u0142omk\u0105 zako\u0144czon\u0105 odwa\u017cnikiem umo\u017cliwia picie pod ka\u017cdym k\u0105tem. Ca\u0142kowicie wolny od bisfenolu A (0% BPA). Dziecko pije do ostatniej kropelki. Tw\u00f3j maluszek mo\u017ce pi\u0107 przechylaj\u0105c kubek nawet do g\u00f3ry nogami. Niezast\u0105piony w domu i w podr\u00f3\u017cy. Szczelne zamkni\u0119cie zapobiega wylewaniu si\u0119 picia i chroni s\u0142omk\u0119 przed zabrudzeniem. [&hellip;]<\/p>\n","protected":false},"featured_media":12456,"comment_status":"open","ping_status":"closed","template":"","meta":[],"product_brand":[],"product_cat":[159,76,63,99],"product_tag":[],"class_list":{"0":"post-12459","1":"product","2":"type-product","3":"status-publish","4":"has-post-thumbnail","6":"product_cat-bidony","7":"product_cat-dziecko","8":"product_cat-karmienie","9":"product_cat-naczynia-i-sztucce","11":"first","12":"instock","13":"taxable","14":"shipping-taxable","15":"purchasable","16":"product-type-simple"},"_links":{"self":[{"href":"https:\/\/www.bobooaza.pl\/index.php\/wp-json\/wp\/v2\/product\/12459","targetHints":{"allow":["GET"]}}],"collection":[{"href":"https:\/\/www.bobooaza.pl\/index.php\/wp-json\/wp\/v2\/product"}],"about":[{"href":"https:\/\/www.bobooaza.pl\/index.php\/wp-json\/wp\/v2\/types\/product"}],"replies":[{"embeddable":true,"href":"https:\/\/www.bobooaza.pl\/index.php\/wp-json\/wp\/v2\/comments?post=12459"}],"wp:featuredmedia":[{"embeddable":true,"href":"https:\/\/www.bobooaza.pl\/index.php\/wp-json\/wp\/v2\/media\/12456"}],"wp:attachment":[{"href":"https:\/\/www.bobooaza.pl\/index.php\/wp-json\/wp\/v2\/media?parent=12459"}],"wp:term":[{"taxonomy":"product_brand","embeddable":true,"href":"https:\/\/www.bobooaza.pl\/index.php\/wp-json\/wp\/v2\/product_brand?post=12459"},{"taxonomy":"product_cat","embeddable":true,"href":"https:\/\/www.bobooaza.pl\/index.php\/wp-json\/wp\/v2\/product_cat?post=12459"},{"taxonomy":"product_tag","embeddable":true,"href":"https:\/\/www.bobooaza.pl\/index.php\/wp-json\/wp\/v2\/product_tag?post=12459"}],"curies":[{"name":"wp","href":"https:\/\/api.w.org\/{rel}","templated":true}]}}