{"id":12476,"date":"2026-01-23T15:56:25","date_gmt":"2026-01-23T14:56:25","guid":{"rendered":"https:\/\/www.bobooaza.pl\/index.php\/produkt\/smily-play-sp84004-mata-piankowa-zwierzeta\/"},"modified":"2026-01-30T17:03:26","modified_gmt":"2026-01-30T16:03:26","slug":"smily-play-sp84004-mata-piankowa-zwierzeta","status":"publish","type":"product","link":"https:\/\/www.bobooaza.pl\/index.php\/produkt\/smily-play-sp84004-mata-piankowa-zwierzeta\/","title":{"rendered":"SMILY PLAY SP84004 Mata piankowa zwierz\u0119ta"},"content":{"rendered":"<p>Kolorowa mata piankowa Smily Play SP84004 to wszechstronne i bezpieczne miejsce do zabawy, nauki i odpoczynku dla najm\u0142odszych. Wykonana z mi\u0119kkiej, przyjemnej w dotyku pianki, sprawdza si\u0119 zar\u00f3wno jako dywanik na pod\u0142og\u0119, podk\u0142adka do zabaw i drzemki, jak i jako puzzle do uk\u0142adania, kt\u00f3re rozwijaj\u0105 kreatywno\u015b\u0107, zdolno\u015bci manualne i wyobra\u017ani\u0119 dziecka.<\/p>\n<p>Mata wspiera rozw\u00f3j spostrzegawczo\u015bci, rozpoznawania kolor\u00f3w i kszta\u0142t\u00f3w oraz my\u015blenia logiczno-przestrzennego. Elementy puzzli mo\u017cna \u0142\u0105czy\u0107 w r\u00f3\u017cnorodne figury przestrzenne, takie jak kostki, wie\u017ce czy piramidy, a tak\u017ce tworzy\u0107 stoliki i przestrzenne konstrukcje, co daje niemal nieograniczone mo\u017cliwo\u015bci zabawy. Jedna strona maty posiada interesuj\u0105cy wz\u00f3r, a druga jest g\u0142adka, dzi\u0119ki czemu mata doskonale pasuje do ka\u017cdego wn\u0119trza i stylu. Lekka i elastyczna pianka zapewnia komfort podczas zabawy, a Smily Play SP84004 \u0142\u0105czy edukacj\u0119 z przyjemno\u015bci\u0105, oferuj\u0105c dziecku bezpieczne i inspiruj\u0105ce miejsce do rozwijania wyobra\u017ani.<\/p>\n","protected":false},"excerpt":{"rendered":"<p>Kolorowa mata piankowa Smily Play SP84004 to wszechstronne i bezpieczne miejsce do zabawy, nauki i odpoczynku dla najm\u0142odszych. Wykonana z mi\u0119kkiej, przyjemnej w dotyku pianki, sprawdza si\u0119 zar\u00f3wno jako dywanik na pod\u0142og\u0119, podk\u0142adka do zabaw i drzemki, jak i jako puzzle do uk\u0142adania, kt\u00f3re rozwijaj\u0105 kreatywno\u015b\u0107, zdolno\u015bci manualne i wyobra\u017ani\u0119 dziecka. Mata wspiera rozw\u00f3j spostrzegawczo\u015bci, [&hellip;]<\/p>\n","protected":false},"featured_media":12474,"comment_status":"open","ping_status":"closed","template":"","meta":[],"product_brand":[],"product_cat":[146,160,61],"product_tag":[],"class_list":{"0":"post-12476","1":"product","2":"type-product","3":"status-publish","4":"has-post-thumbnail","6":"product_cat-maty","7":"product_cat-maty-piankowe","8":"product_cat-zabawki","10":"first","11":"instock","12":"taxable","13":"shipping-taxable","14":"purchasable","15":"product-type-simple"},"_links":{"self":[{"href":"https:\/\/www.bobooaza.pl\/index.php\/wp-json\/wp\/v2\/product\/12476","targetHints":{"allow":["GET"]}}],"collection":[{"href":"https:\/\/www.bobooaza.pl\/index.php\/wp-json\/wp\/v2\/product"}],"about":[{"href":"https:\/\/www.bobooaza.pl\/index.php\/wp-json\/wp\/v2\/types\/product"}],"replies":[{"embeddable":true,"href":"https:\/\/www.bobooaza.pl\/index.php\/wp-json\/wp\/v2\/comments?post=12476"}],"wp:featuredmedia":[{"embeddable":true,"href":"https:\/\/www.bobooaza.pl\/index.php\/wp-json\/wp\/v2\/media\/12474"}],"wp:attachment":[{"href":"https:\/\/www.bobooaza.pl\/index.php\/wp-json\/wp\/v2\/media?parent=12476"}],"wp:term":[{"taxonomy":"product_brand","embeddable":true,"href":"https:\/\/www.bobooaza.pl\/index.php\/wp-json\/wp\/v2\/product_brand?post=12476"},{"taxonomy":"product_cat","embeddable":true,"href":"https:\/\/www.bobooaza.pl\/index.php\/wp-json\/wp\/v2\/product_cat?post=12476"},{"taxonomy":"product_tag","embeddable":true,"href":"https:\/\/www.bobooaza.pl\/index.php\/wp-json\/wp\/v2\/product_tag?post=12476"}],"curies":[{"name":"wp","href":"https:\/\/api.w.org\/{rel}","templated":true}]}}