{"id":12479,"date":"2026-01-23T15:56:29","date_gmt":"2026-01-23T14:56:29","guid":{"rendered":"https:\/\/www.bobooaza.pl\/index.php\/produkt\/smily-play-sp84352-mata-piankowa-cyfry\/"},"modified":"2026-01-23T16:34:05","modified_gmt":"2026-01-23T15:34:05","slug":"smily-play-sp84352-mata-piankowa-cyfry","status":"publish","type":"product","link":"https:\/\/www.bobooaza.pl\/index.php\/produkt\/smily-play-sp84352-mata-piankowa-cyfry\/","title":{"rendered":"SMILY PLAY SP84352 Mata piankowa cyfry"},"content":{"rendered":"<p>Tr\u00f3jkolorowa mata piankowa Smily Play SP84352 w odcieniach czerni, bieli i szaro\u015bci to wszechstronne miejsce do zabawy, nauki i odpoczynku dla dzieci. Wykonana z mi\u0119kkiej i przyjemnej w dotyku pianki, mata sprawdza si\u0119 zar\u00f3wno jako dywanik na pod\u0142og\u0119, podk\u0142adka do zabaw i drzemki, jak i jako puzzle do uk\u0142adania, kt\u00f3re wspieraj\u0105 rozw\u00f3j kreatywno\u015bci i zdolno\u015bci manualnych.<\/p>\n<p>Mata Smily Play SP84352 rozwija spostrzegawczo\u015b\u0107, rozpoznawanie kolor\u00f3w i kszta\u0142t\u00f3w oraz my\u015blenie logiczno-przestrzenne. Elementy puzzli mo\u017cna \u0142\u0105czy\u0107 w r\u00f3\u017cnorodne figury przestrzenne, takie jak kostki, wie\u017ce czy piramidy, a tak\u017ce tworzy\u0107 stoliki i przestrzenne konstrukcje, co daje dziecku niemal nieograniczone mo\u017cliwo\u015bci zabawy i wspiera rozw\u00f3j wyobra\u017ani. Lekka i elastyczna pianka zapewnia komfort podczas zabawy, a prosty design sprawia, \u017ce mata pasuje do ka\u017cdego wn\u0119trza. Smily Play SP84352 to praktyczna i edukacyjna mata piankowa, kt\u00f3ra \u0142\u0105czy funkcjonalno\u015b\u0107 z zabaw\u0105 i nauk\u0105 dla najm\u0142odszych.<\/p>\n","protected":false},"excerpt":{"rendered":"<p>Tr\u00f3jkolorowa mata piankowa Smily Play SP84352 w odcieniach czerni, bieli i szaro\u015bci to wszechstronne miejsce do zabawy, nauki i odpoczynku dla dzieci. Wykonana z mi\u0119kkiej i przyjemnej w dotyku pianki, mata sprawdza si\u0119 zar\u00f3wno jako dywanik na pod\u0142og\u0119, podk\u0142adka do zabaw i drzemki, jak i jako puzzle do uk\u0142adania, kt\u00f3re wspieraj\u0105 rozw\u00f3j kreatywno\u015bci i zdolno\u015bci [&hellip;]<\/p>\n","protected":false},"featured_media":12477,"comment_status":"open","ping_status":"closed","template":"","meta":[],"product_brand":[],"product_cat":[146,160,61],"product_tag":[],"class_list":{"0":"post-12479","1":"product","2":"type-product","3":"status-publish","4":"has-post-thumbnail","6":"product_cat-maty","7":"product_cat-maty-piankowe","8":"product_cat-zabawki","10":"first","11":"outofstock","12":"taxable","13":"shipping-taxable","14":"purchasable","15":"product-type-simple"},"_links":{"self":[{"href":"https:\/\/www.bobooaza.pl\/index.php\/wp-json\/wp\/v2\/product\/12479","targetHints":{"allow":["GET"]}}],"collection":[{"href":"https:\/\/www.bobooaza.pl\/index.php\/wp-json\/wp\/v2\/product"}],"about":[{"href":"https:\/\/www.bobooaza.pl\/index.php\/wp-json\/wp\/v2\/types\/product"}],"replies":[{"embeddable":true,"href":"https:\/\/www.bobooaza.pl\/index.php\/wp-json\/wp\/v2\/comments?post=12479"}],"wp:featuredmedia":[{"embeddable":true,"href":"https:\/\/www.bobooaza.pl\/index.php\/wp-json\/wp\/v2\/media\/12477"}],"wp:attachment":[{"href":"https:\/\/www.bobooaza.pl\/index.php\/wp-json\/wp\/v2\/media?parent=12479"}],"wp:term":[{"taxonomy":"product_brand","embeddable":true,"href":"https:\/\/www.bobooaza.pl\/index.php\/wp-json\/wp\/v2\/product_brand?post=12479"},{"taxonomy":"product_cat","embeddable":true,"href":"https:\/\/www.bobooaza.pl\/index.php\/wp-json\/wp\/v2\/product_cat?post=12479"},{"taxonomy":"product_tag","embeddable":true,"href":"https:\/\/www.bobooaza.pl\/index.php\/wp-json\/wp\/v2\/product_tag?post=12479"}],"curies":[{"name":"wp","href":"https:\/\/api.w.org\/{rel}","templated":true}]}}