{"id":12482,"date":"2026-01-23T15:56:32","date_gmt":"2026-01-23T14:56:32","guid":{"rendered":"https:\/\/www.bobooaza.pl\/index.php\/produkt\/smily-play-sp84354-mata-piankowa-zwierzeta\/"},"modified":"2026-01-23T16:34:07","modified_gmt":"2026-01-23T15:34:07","slug":"smily-play-sp84354-mata-piankowa-zwierzeta","status":"publish","type":"product","link":"https:\/\/www.bobooaza.pl\/index.php\/produkt\/smily-play-sp84354-mata-piankowa-zwierzeta\/","title":{"rendered":"SMILY PLAY SP84354 Mata piankowa zwierz\u0119ta"},"content":{"rendered":"<p>Tr\u00f3jkolorowa mata piankowa Smily Play SP84354 w odcieniach czerni, bieli i szaro\u015bci to wszechstronne miejsce do zabawy, nauki i odpoczynku dla dzieci od 10. miesi\u0105ca \u017cycia. Wykonana z mi\u0119kkiej, przyjemnej w dotyku pianki, mata mo\u017ce pe\u0142ni\u0107 funkcj\u0119 dywanika na pod\u0142og\u0119, podk\u0142adki do zabaw lub drzemki, a jednocze\u015bnie sprawdza si\u0119 jako puzzle do uk\u0142adania, rozwijaj\u0105c kreatywno\u015b\u0107 i zdolno\u015bci manualne malucha.<\/p>\n<p>Mata Smily Play wspiera rozw\u00f3j dziecka na wielu p\u0142aszczyznach \u2013 uczy spostrzegawczo\u015bci, rozpoznawania kolor\u00f3w i kszta\u0142t\u00f3w oraz my\u015blenia logiczno-przestrzennego. Elementy puzzli mo\u017cna \u0142\u0105czy\u0107 w r\u00f3\u017cnorodne figury przestrzenne, takie jak kostki, wie\u017ce czy piramidy, a tak\u017ce tworzy\u0107 stoliki czy przestrzenne konstrukcje, daj\u0105c dziecku niemal nieograniczone mo\u017cliwo\u015bci zabawy i stymuluj\u0105c wyobra\u017ani\u0119.<\/p>\n<p>Elastyczna i lekka pianka zapewnia komfort podczas zabawy, a prosty design pozwala dopasowa\u0107 mat\u0119 do ka\u017cdego wn\u0119trza. Smily Play SP84354 to praktyczna i kreatywna mata edukacyjna, kt\u00f3ra \u0142\u0105czy funkcjonalno\u015b\u0107 z atrakcyjnym sposobem na rozw\u00f3j dziecka poprzez zabaw\u0119.<\/p>\n","protected":false},"excerpt":{"rendered":"<p>Tr\u00f3jkolorowa mata piankowa Smily Play SP84354 w odcieniach czerni, bieli i szaro\u015bci to wszechstronne miejsce do zabawy, nauki i odpoczynku dla dzieci od 10. miesi\u0105ca \u017cycia. Wykonana z mi\u0119kkiej, przyjemnej w dotyku pianki, mata mo\u017ce pe\u0142ni\u0107 funkcj\u0119 dywanika na pod\u0142og\u0119, podk\u0142adki do zabaw lub drzemki, a jednocze\u015bnie sprawdza si\u0119 jako puzzle do uk\u0142adania, rozwijaj\u0105c kreatywno\u015b\u0107 [&hellip;]<\/p>\n","protected":false},"featured_media":12480,"comment_status":"open","ping_status":"closed","template":"","meta":[],"product_brand":[],"product_cat":[146,160,61],"product_tag":[],"class_list":{"0":"post-12482","1":"product","2":"type-product","3":"status-publish","4":"has-post-thumbnail","6":"product_cat-maty","7":"product_cat-maty-piankowe","8":"product_cat-zabawki","10":"first","11":"outofstock","12":"taxable","13":"shipping-taxable","14":"purchasable","15":"product-type-simple"},"_links":{"self":[{"href":"https:\/\/www.bobooaza.pl\/index.php\/wp-json\/wp\/v2\/product\/12482","targetHints":{"allow":["GET"]}}],"collection":[{"href":"https:\/\/www.bobooaza.pl\/index.php\/wp-json\/wp\/v2\/product"}],"about":[{"href":"https:\/\/www.bobooaza.pl\/index.php\/wp-json\/wp\/v2\/types\/product"}],"replies":[{"embeddable":true,"href":"https:\/\/www.bobooaza.pl\/index.php\/wp-json\/wp\/v2\/comments?post=12482"}],"wp:featuredmedia":[{"embeddable":true,"href":"https:\/\/www.bobooaza.pl\/index.php\/wp-json\/wp\/v2\/media\/12480"}],"wp:attachment":[{"href":"https:\/\/www.bobooaza.pl\/index.php\/wp-json\/wp\/v2\/media?parent=12482"}],"wp:term":[{"taxonomy":"product_brand","embeddable":true,"href":"https:\/\/www.bobooaza.pl\/index.php\/wp-json\/wp\/v2\/product_brand?post=12482"},{"taxonomy":"product_cat","embeddable":true,"href":"https:\/\/www.bobooaza.pl\/index.php\/wp-json\/wp\/v2\/product_cat?post=12482"},{"taxonomy":"product_tag","embeddable":true,"href":"https:\/\/www.bobooaza.pl\/index.php\/wp-json\/wp\/v2\/product_tag?post=12482"}],"curies":[{"name":"wp","href":"https:\/\/api.w.org\/{rel}","templated":true}]}}