{"id":12490,"date":"2026-01-23T15:56:38","date_gmt":"2026-01-23T14:56:38","guid":{"rendered":"https:\/\/www.bobooaza.pl\/index.php\/produkt\/milly-mally-5070-mata-piankowa-zwijana-kinder-forest-and-city\/"},"modified":"2026-01-23T16:34:10","modified_gmt":"2026-01-23T15:34:10","slug":"milly-mally-5070-mata-piankowa-zwijana-kinder-forest-and-city","status":"publish","type":"product","link":"https:\/\/www.bobooaza.pl\/index.php\/produkt\/milly-mally-5070-mata-piankowa-zwijana-kinder-forest-and-city\/","title":{"rendered":"MILLY MALLY 5070 Mata piankowa zwijana Kinder Forest and City"},"content":{"rendered":"<p>Dwustronna, zwijana mata piankowa Milly Mally 5070 Kinder Forest and City to komfort i bezpiecze\u0144stwo dla malucha w ka\u017cdym wieku. Dzi\u0119ki antypo\u015blizgowej i antyalergicznej powierzchni zapewnia stabilne i bezpieczne miejsce do zabawy, raczkowania oraz nauki chodzenia. Mata zosta\u0142a zaprojektowana tak, aby wspiera\u0107 prawid\u0142owy rozw\u00f3j dziecka \u2013 p\u0142aska i spr\u0119\u017cysta powierzchnia pozwala maluchowi budowa\u0107 stabilny tu\u0142\u00f3w, swobodnie przekr\u0119ca\u0107 g\u0142\u00f3wk\u0119, \u0107wiczy\u0107 obroty, podpiera\u0107 si\u0119 oraz poprawnie obci\u0105\u017ca\u0107 stopy, jednocze\u015bnie zapewniaj\u0105c wygod\u0119 i bezpiecze\u0144stwo podczas siedzenia i zabawy.<\/p>\n<p>Kreatywne i kolorowe wzory maty pobudzaj\u0105 wyobra\u017ani\u0119 dziecka, zach\u0119caj\u0105c do aktywno\u015bci, a elegancka stylistyka sprawia, \u017ce mata pasuje do ka\u017cdego pokoju \u2013 zar\u00f3wno dla dziewczynki, jak i ch\u0142opca. Gruba pianka doskonale izoluje od ch\u0142odnej pod\u0142ogi i zapewnia amortyzacj\u0119 w razie upadku, a wodoodporna powierzchnia sprawia, \u017ce mata jest \u0142atwa w czyszczeniu i mo\u017cna z niej korzysta\u0107 tak\u017ce na \u015bwie\u017cym powietrzu na g\u0142adkich powierzchniach.<\/p>\n<p>Mata jest lekka, \u0142atwa do zwini\u0119cia i wyposa\u017cona w pasy z rzepem, dzi\u0119ki czemu mo\u017cna j\u0105 wygodnie zabra\u0107 w podr\u00f3\u017c. Wykonana z bezpiecznej pianki XPE, nie zawiera szkodliwych substancji takich jak PVC, ftalany, bisfenol A czy formamid, a jej produkcja spe\u0142nia europejskie normy bezpiecze\u0144stwa EN71. Milly Mally 5070 to praktyczne, funkcjonalne i estetyczne rozwi\u0105zanie, kt\u00f3re zapewnia dziecku bezpieczne miejsce do zabawy i rozwoju w ka\u017cdym domu i na \u015bwie\u017cym powietrzu.<\/p>\n","protected":false},"excerpt":{"rendered":"<p>Dwustronna, zwijana mata piankowa Milly Mally 5070 Kinder Forest and City to komfort i bezpiecze\u0144stwo dla malucha w ka\u017cdym wieku. Dzi\u0119ki antypo\u015blizgowej i antyalergicznej powierzchni zapewnia stabilne i bezpieczne miejsce do zabawy, raczkowania oraz nauki chodzenia. Mata zosta\u0142a zaprojektowana tak, aby wspiera\u0107 prawid\u0142owy rozw\u00f3j dziecka \u2013 p\u0142aska i spr\u0119\u017cysta powierzchnia pozwala maluchowi budowa\u0107 stabilny tu\u0142\u00f3w, [&hellip;]<\/p>\n","protected":false},"featured_media":12483,"comment_status":"open","ping_status":"closed","template":"","meta":[],"product_brand":[],"product_cat":[146,160,61],"product_tag":[],"class_list":{"0":"post-12490","1":"product","2":"type-product","3":"status-publish","4":"has-post-thumbnail","6":"product_cat-maty","7":"product_cat-maty-piankowe","8":"product_cat-zabawki","10":"first","11":"instock","12":"taxable","13":"shipping-taxable","14":"purchasable","15":"product-type-simple"},"_links":{"self":[{"href":"https:\/\/www.bobooaza.pl\/index.php\/wp-json\/wp\/v2\/product\/12490","targetHints":{"allow":["GET"]}}],"collection":[{"href":"https:\/\/www.bobooaza.pl\/index.php\/wp-json\/wp\/v2\/product"}],"about":[{"href":"https:\/\/www.bobooaza.pl\/index.php\/wp-json\/wp\/v2\/types\/product"}],"replies":[{"embeddable":true,"href":"https:\/\/www.bobooaza.pl\/index.php\/wp-json\/wp\/v2\/comments?post=12490"}],"wp:featuredmedia":[{"embeddable":true,"href":"https:\/\/www.bobooaza.pl\/index.php\/wp-json\/wp\/v2\/media\/12483"}],"wp:attachment":[{"href":"https:\/\/www.bobooaza.pl\/index.php\/wp-json\/wp\/v2\/media?parent=12490"}],"wp:term":[{"taxonomy":"product_brand","embeddable":true,"href":"https:\/\/www.bobooaza.pl\/index.php\/wp-json\/wp\/v2\/product_brand?post=12490"},{"taxonomy":"product_cat","embeddable":true,"href":"https:\/\/www.bobooaza.pl\/index.php\/wp-json\/wp\/v2\/product_cat?post=12490"},{"taxonomy":"product_tag","embeddable":true,"href":"https:\/\/www.bobooaza.pl\/index.php\/wp-json\/wp\/v2\/product_tag?post=12490"}],"curies":[{"name":"wp","href":"https:\/\/api.w.org\/{rel}","templated":true}]}}