{"id":12495,"date":"2026-01-23T15:56:40","date_gmt":"2026-01-23T14:56:40","guid":{"rendered":"https:\/\/www.bobooaza.pl\/index.php\/produkt\/kinderkraft-mata-xpe-matty-2\/"},"modified":"2026-01-23T16:34:12","modified_gmt":"2026-01-23T15:34:12","slug":"kinderkraft-mata-xpe-matty-2","status":"publish","type":"product","link":"https:\/\/www.bobooaza.pl\/index.php\/produkt\/kinderkraft-mata-xpe-matty-2\/","title":{"rendered":"KINDERKRAFT Mata XPE MATTY 2"},"content":{"rendered":"<p>Mata XPE MATTY 2 marki Kinderkraft to idealne miejsce do zabawy, nauki i odpoczynku dla najm\u0142odszych. Dwustronny design pozwala dostosowa\u0107 mat\u0119 do ka\u017cdej przestrzeni \u2013 jedna strona zachwyca kolorowym, kreatywnym wzorem, kt\u00f3ry stymuluje wyobra\u017ani\u0119 dziecka i zach\u0119ca do zabawy oraz wsp\u00f3lnego snucia opowie\u015bci, natomiast druga strona prezentuje stonowany, geometryczny motyw, kt\u00f3ry wkomponuje si\u0119 w wystr\u00f3j salonu, kuchni czy pokoju dzieci\u0119cego.<\/p>\n<p>MATTY 2 zapewnia bezpieczn\u0105 zabaw\u0119 ju\u017c od pierwszych dni \u017cycia. Gruba pianka doskonale izoluje od ch\u0142odnej pod\u0142ogi, umo\u017cliwiaj\u0105c komfortowe raczkowanie, pierwsze kroki i beztroskie zabawy. Antypo\u015blizgowa pow\u0142oka minimalizuje ryzyko przesuwania si\u0119 maty podczas aktywno\u015bci, co zwi\u0119ksza bezpiecze\u0144stwo malucha.<\/p>\n<p>Mata jest niezwykle praktyczna \u2013 jej sk\u0142adanie zajmuje zaledwie kilka sekund, a po z\u0142o\u017ceniu mo\u017cna j\u0105 wygodnie przenie\u015b\u0107 w do\u0142\u0105czonej torbie. Doskonale sprawdzi si\u0119 zar\u00f3wno w domu, jak i na \u015bwie\u017cym powietrzu \u2013 jako mata piknikowa, miejsce zabaw w ogrodzie czy komfortowa powierzchnia do \u0107wicze\u0144.<\/p>\n<p>Dzi\u0119ki \u0142atwej w utrzymaniu powierzchni, MATTY 2 mo\u017cna szybko wyczy\u015bci\u0107 wilgotn\u0105 szmatk\u0105, co sprawia, \u017ce mata jest odporna na zabrudzenia, b\u0142oto czy rozlane napoje. To praktyczne i bezpieczne rozwi\u0105zanie, kt\u00f3re \u0142\u0105czy funkcjonalno\u015b\u0107, wygod\u0119 i atrakcyjny design, wspieraj\u0105c rozw\u00f3j dziecka ka\u017cdego dnia.<\/p>\n","protected":false},"excerpt":{"rendered":"<p>Mata XPE MATTY 2 marki Kinderkraft to idealne miejsce do zabawy, nauki i odpoczynku dla najm\u0142odszych. Dwustronny design pozwala dostosowa\u0107 mat\u0119 do ka\u017cdej przestrzeni \u2013 jedna strona zachwyca kolorowym, kreatywnym wzorem, kt\u00f3ry stymuluje wyobra\u017ani\u0119 dziecka i zach\u0119ca do zabawy oraz wsp\u00f3lnego snucia opowie\u015bci, natomiast druga strona prezentuje stonowany, geometryczny motyw, kt\u00f3ry wkomponuje si\u0119 w wystr\u00f3j [&hellip;]<\/p>\n","protected":false},"featured_media":12491,"comment_status":"open","ping_status":"closed","template":"","meta":[],"product_brand":[],"product_cat":[146,160,61],"product_tag":[],"class_list":{"0":"post-12495","1":"product","2":"type-product","3":"status-publish","4":"has-post-thumbnail","6":"product_cat-maty","7":"product_cat-maty-piankowe","8":"product_cat-zabawki","10":"first","11":"outofstock","12":"taxable","13":"shipping-taxable","14":"purchasable","15":"product-type-simple"},"_links":{"self":[{"href":"https:\/\/www.bobooaza.pl\/index.php\/wp-json\/wp\/v2\/product\/12495","targetHints":{"allow":["GET"]}}],"collection":[{"href":"https:\/\/www.bobooaza.pl\/index.php\/wp-json\/wp\/v2\/product"}],"about":[{"href":"https:\/\/www.bobooaza.pl\/index.php\/wp-json\/wp\/v2\/types\/product"}],"replies":[{"embeddable":true,"href":"https:\/\/www.bobooaza.pl\/index.php\/wp-json\/wp\/v2\/comments?post=12495"}],"wp:featuredmedia":[{"embeddable":true,"href":"https:\/\/www.bobooaza.pl\/index.php\/wp-json\/wp\/v2\/media\/12491"}],"wp:attachment":[{"href":"https:\/\/www.bobooaza.pl\/index.php\/wp-json\/wp\/v2\/media?parent=12495"}],"wp:term":[{"taxonomy":"product_brand","embeddable":true,"href":"https:\/\/www.bobooaza.pl\/index.php\/wp-json\/wp\/v2\/product_brand?post=12495"},{"taxonomy":"product_cat","embeddable":true,"href":"https:\/\/www.bobooaza.pl\/index.php\/wp-json\/wp\/v2\/product_cat?post=12495"},{"taxonomy":"product_tag","embeddable":true,"href":"https:\/\/www.bobooaza.pl\/index.php\/wp-json\/wp\/v2\/product_tag?post=12495"}],"curies":[{"name":"wp","href":"https:\/\/api.w.org\/{rel}","templated":true}]}}