{"id":12499,"date":"2026-01-23T16:07:26","date_gmt":"2026-01-23T15:07:26","guid":{"rendered":"https:\/\/www.bobooaza.pl\/index.php\/produkt\/smily-play-sp84516-mata-wyscigi-200x100cmx3mm\/"},"modified":"2026-01-23T16:34:14","modified_gmt":"2026-01-23T15:34:14","slug":"smily-play-sp84516-mata-wyscigi-200x100cmx3mm","status":"publish","type":"product","link":"https:\/\/www.bobooaza.pl\/index.php\/produkt\/smily-play-sp84516-mata-wyscigi-200x100cmx3mm\/","title":{"rendered":"SMILY PLAY SP84516 Mata wy\u015bcigi 200x100cmx3mm"},"content":{"rendered":"<p>Jednostronna mata piankowa Wy\u015bcigi od Smily Play to doskona\u0142a przestrze\u0144 do zabawy samochodzikami dla dzieci od 0+ roku \u017cycia. Mata o wymiarach 200 \u00d7 120 cm i grubo\u015bci 3 mm chroni malucha przed ch\u0142odn\u0105 pod\u0142og\u0105, posiada antypo\u015blizgow\u0105 powierzchni\u0119 i jest \u0142atwa do czyszczenia \u2013 wystarczy delikatne mycie r\u0119czne. Lekka i praktyczna, idealna do pokoju dzieci\u0119cego, zapewnia bezpiecze\u0144stwo i komfort podczas codziennych zabaw.<\/p>\n","protected":false},"excerpt":{"rendered":"<p>Jednostronna mata piankowa Wy\u015bcigi od Smily Play to doskona\u0142a przestrze\u0144 do zabawy samochodzikami dla dzieci od 0+ roku \u017cycia. Mata o wymiarach 200 \u00d7 120 cm i grubo\u015bci 3 mm chroni malucha przed ch\u0142odn\u0105 pod\u0142og\u0105, posiada antypo\u015blizgow\u0105 powierzchni\u0119 i jest \u0142atwa do czyszczenia \u2013 wystarczy delikatne mycie r\u0119czne. Lekka i praktyczna, idealna do pokoju dzieci\u0119cego, [&hellip;]<\/p>\n","protected":false},"featured_media":12498,"comment_status":"open","ping_status":"closed","template":"","meta":[],"product_brand":[],"product_cat":[146,160,61],"product_tag":[],"class_list":{"0":"post-12499","1":"product","2":"type-product","3":"status-publish","4":"has-post-thumbnail","6":"product_cat-maty","7":"product_cat-maty-piankowe","8":"product_cat-zabawki","10":"first","11":"outofstock","12":"taxable","13":"shipping-taxable","14":"purchasable","15":"product-type-simple"},"_links":{"self":[{"href":"https:\/\/www.bobooaza.pl\/index.php\/wp-json\/wp\/v2\/product\/12499","targetHints":{"allow":["GET"]}}],"collection":[{"href":"https:\/\/www.bobooaza.pl\/index.php\/wp-json\/wp\/v2\/product"}],"about":[{"href":"https:\/\/www.bobooaza.pl\/index.php\/wp-json\/wp\/v2\/types\/product"}],"replies":[{"embeddable":true,"href":"https:\/\/www.bobooaza.pl\/index.php\/wp-json\/wp\/v2\/comments?post=12499"}],"wp:featuredmedia":[{"embeddable":true,"href":"https:\/\/www.bobooaza.pl\/index.php\/wp-json\/wp\/v2\/media\/12498"}],"wp:attachment":[{"href":"https:\/\/www.bobooaza.pl\/index.php\/wp-json\/wp\/v2\/media?parent=12499"}],"wp:term":[{"taxonomy":"product_brand","embeddable":true,"href":"https:\/\/www.bobooaza.pl\/index.php\/wp-json\/wp\/v2\/product_brand?post=12499"},{"taxonomy":"product_cat","embeddable":true,"href":"https:\/\/www.bobooaza.pl\/index.php\/wp-json\/wp\/v2\/product_cat?post=12499"},{"taxonomy":"product_tag","embeddable":true,"href":"https:\/\/www.bobooaza.pl\/index.php\/wp-json\/wp\/v2\/product_tag?post=12499"}],"curies":[{"name":"wp","href":"https:\/\/api.w.org\/{rel}","templated":true}]}}