{"id":12514,"date":"2026-01-23T16:07:42","date_gmt":"2026-01-23T15:07:42","guid":{"rendered":"https:\/\/www.bobooaza.pl\/index.php\/produkt\/milly-mally-5613-mata-piankowa-puzzle-25szt-jolly-3x3-shapes-grey\/"},"modified":"2026-01-23T16:34:19","modified_gmt":"2026-01-23T15:34:19","slug":"milly-mally-5613-mata-piankowa-puzzle-25szt-jolly-3x3-shapes-grey","status":"publish","type":"product","link":"https:\/\/www.bobooaza.pl\/index.php\/produkt\/milly-mally-5613-mata-piankowa-puzzle-25szt-jolly-3x3-shapes-grey\/","title":{"rendered":"MILLY MALLY 5613  Mata piankowa puzzle 25szt. Jolly 3&#215;3 Shapes &#8211; grey"},"content":{"rendered":"<p>Mata piankowa Jolly 3&#215;3 Shapes Grey marki Milly Mally to idealne po\u0142\u0105czenie zabawy, edukacji i bezpiecze\u0144stwa dla dzieci od 10. miesi\u0105ca \u017cycia. Sk\u0142ada si\u0119 z 25 mi\u0119kkich puzzli o grubo\u015bci 1,2 cm, kt\u00f3re mo\u017cna \u0142\u0105czy\u0107 w r\u00f3\u017cnorodne konfiguracje \u2013 jako p\u0142ask\u0105 mat\u0119 lub z bandami, tworz\u0105c funkcjonalny kojec. Wyjmowane kszta\u0142ty pomagaj\u0105 w nauce kolor\u00f3w, figur i rozwijaniu zdolno\u015bci manualnych, jednocze\u015bnie wspieraj\u0105c kreatywno\u015b\u0107 i logiczne my\u015blenie.<\/p>\n<p>Mata zapewnia mi\u0119kk\u0105, bezpieczn\u0105 powierzchni\u0119 do zabawy, izoluj\u0105c dziecko od ch\u0142odnej i twardej pod\u0142ogi. Jest wodoodporna, elastyczna, antystatyczna i \u0142atwa w czyszczeniu. Dzi\u0119ki praktycznej, prze\u017aroczystej torbie mo\u017cna j\u0105 wygodnie zabra\u0107 w podr\u00f3\u017c. Stonowane kolory i mo\u017cliwo\u015b\u0107 tworzenia r\u00f3\u017cnorodnych konstrukcji sprawiaj\u0105, \u017ce Jolly 3&#215;3 Shapes Grey to nie tylko funkcjonalny element pokoju dzieci\u0119cego, ale tak\u017ce narz\u0119dzie wspieraj\u0105ce rozw\u00f3j poprzez kreatywn\u0105 zabaw\u0119.<\/p>\n","protected":false},"excerpt":{"rendered":"<p>Mata piankowa Jolly 3&#215;3 Shapes Grey marki Milly Mally to idealne po\u0142\u0105czenie zabawy, edukacji i bezpiecze\u0144stwa dla dzieci od 10. miesi\u0105ca \u017cycia. Sk\u0142ada si\u0119 z 25 mi\u0119kkich puzzli o grubo\u015bci 1,2 cm, kt\u00f3re mo\u017cna \u0142\u0105czy\u0107 w r\u00f3\u017cnorodne konfiguracje \u2013 jako p\u0142ask\u0105 mat\u0119 lub z bandami, tworz\u0105c funkcjonalny kojec. Wyjmowane kszta\u0142ty pomagaj\u0105 w nauce kolor\u00f3w, figur [&hellip;]<\/p>\n","protected":false},"featured_media":12503,"comment_status":"open","ping_status":"closed","template":"","meta":[],"product_brand":[],"product_cat":[146,160,61],"product_tag":[],"class_list":{"0":"post-12514","1":"product","2":"type-product","3":"status-publish","4":"has-post-thumbnail","6":"product_cat-maty","7":"product_cat-maty-piankowe","8":"product_cat-zabawki","10":"first","11":"outofstock","12":"taxable","13":"shipping-taxable","14":"purchasable","15":"product-type-simple"},"_links":{"self":[{"href":"https:\/\/www.bobooaza.pl\/index.php\/wp-json\/wp\/v2\/product\/12514","targetHints":{"allow":["GET"]}}],"collection":[{"href":"https:\/\/www.bobooaza.pl\/index.php\/wp-json\/wp\/v2\/product"}],"about":[{"href":"https:\/\/www.bobooaza.pl\/index.php\/wp-json\/wp\/v2\/types\/product"}],"replies":[{"embeddable":true,"href":"https:\/\/www.bobooaza.pl\/index.php\/wp-json\/wp\/v2\/comments?post=12514"}],"wp:featuredmedia":[{"embeddable":true,"href":"https:\/\/www.bobooaza.pl\/index.php\/wp-json\/wp\/v2\/media\/12503"}],"wp:attachment":[{"href":"https:\/\/www.bobooaza.pl\/index.php\/wp-json\/wp\/v2\/media?parent=12514"}],"wp:term":[{"taxonomy":"product_brand","embeddable":true,"href":"https:\/\/www.bobooaza.pl\/index.php\/wp-json\/wp\/v2\/product_brand?post=12514"},{"taxonomy":"product_cat","embeddable":true,"href":"https:\/\/www.bobooaza.pl\/index.php\/wp-json\/wp\/v2\/product_cat?post=12514"},{"taxonomy":"product_tag","embeddable":true,"href":"https:\/\/www.bobooaza.pl\/index.php\/wp-json\/wp\/v2\/product_tag?post=12514"}],"curies":[{"name":"wp","href":"https:\/\/api.w.org\/{rel}","templated":true}]}}