{"id":12522,"date":"2026-01-23T16:07:49","date_gmt":"2026-01-23T15:07:49","guid":{"rendered":"https:\/\/www.bobooaza.pl\/index.php\/produkt\/milly-mally-5614-mata-piankowa-puzzle-jolly-3x3-shapes-pink-grey\/"},"modified":"2026-01-23T16:34:21","modified_gmt":"2026-01-23T15:34:21","slug":"milly-mally-5614-mata-piankowa-puzzle-jolly-3x3-shapes-pink-grey","status":"publish","type":"product","link":"https:\/\/www.bobooaza.pl\/index.php\/produkt\/milly-mally-5614-mata-piankowa-puzzle-jolly-3x3-shapes-pink-grey\/","title":{"rendered":"MILLY MALLY 5614 Mata piankowa puzzle Jolly 3&#215;3 Shapes &#8211; pink grey"},"content":{"rendered":"<p>Mata piankowa Jolly 3&#215;3 Shapes Pink Grey marki Milly Mally \u0142\u0105czy zabaw\u0119, edukacj\u0119 i bezpiecze\u0144stwo dla dzieci od 10. miesi\u0105ca \u017cycia. Sk\u0142ada si\u0119 z 25 element\u00f3w puzzli wykonanych z mi\u0119kkiej, wysokiej jako\u015bci pianki o grubo\u015bci 1,2 cm, kt\u00f3re mo\u017cna \u0142\u0105czy\u0107 w r\u00f3\u017cnorodne konfiguracje \u2013 jako p\u0142ask\u0105 mat\u0119 lub z bandami, tworz\u0105c mini kojec. Wyjmowane kszta\u0142ty wspieraj\u0105 nauk\u0119 kolor\u00f3w i figur oraz rozwijaj\u0105 zdolno\u015bci manualne i kreatywno\u015b\u0107 dziecka.<\/p>\n<p>Mata zapewnia mi\u0119kk\u0105, bezpieczn\u0105 powierzchni\u0119 do zabawy, izoluj\u0105c od ch\u0142odnej i twardej pod\u0142ogi. Jest wodoodporna, elastyczna i \u0142atwa w czyszczeniu, a dzi\u0119ki prze\u017aroczystej torbie mo\u017cna j\u0105 wygodnie zabra\u0107 w podr\u00f3\u017c lub na wizyt\u0119 u znajomych. Stonowana kolorystyka, antypo\u015blizgowa powierzchnia i mo\u017cliwo\u015b\u0107 tworzenia r\u00f3\u017cnorodnych konstrukcji sprawiaj\u0105, \u017ce Jolly 5614 to praktyczna i edukacyjna mata wspieraj\u0105ca rozw\u00f3j dziecka poprzez kreatywn\u0105 zabaw\u0119.<\/p>\n","protected":false},"excerpt":{"rendered":"<p>Mata piankowa Jolly 3&#215;3 Shapes Pink Grey marki Milly Mally \u0142\u0105czy zabaw\u0119, edukacj\u0119 i bezpiecze\u0144stwo dla dzieci od 10. miesi\u0105ca \u017cycia. Sk\u0142ada si\u0119 z 25 element\u00f3w puzzli wykonanych z mi\u0119kkiej, wysokiej jako\u015bci pianki o grubo\u015bci 1,2 cm, kt\u00f3re mo\u017cna \u0142\u0105czy\u0107 w r\u00f3\u017cnorodne konfiguracje \u2013 jako p\u0142ask\u0105 mat\u0119 lub z bandami, tworz\u0105c mini kojec. Wyjmowane kszta\u0142ty [&hellip;]<\/p>\n","protected":false},"featured_media":12515,"comment_status":"open","ping_status":"closed","template":"","meta":[],"product_brand":[],"product_cat":[146,160,61],"product_tag":[],"class_list":{"0":"post-12522","1":"product","2":"type-product","3":"status-publish","4":"has-post-thumbnail","6":"product_cat-maty","7":"product_cat-maty-piankowe","8":"product_cat-zabawki","10":"first","11":"outofstock","12":"taxable","13":"shipping-taxable","14":"purchasable","15":"product-type-simple"},"_links":{"self":[{"href":"https:\/\/www.bobooaza.pl\/index.php\/wp-json\/wp\/v2\/product\/12522","targetHints":{"allow":["GET"]}}],"collection":[{"href":"https:\/\/www.bobooaza.pl\/index.php\/wp-json\/wp\/v2\/product"}],"about":[{"href":"https:\/\/www.bobooaza.pl\/index.php\/wp-json\/wp\/v2\/types\/product"}],"replies":[{"embeddable":true,"href":"https:\/\/www.bobooaza.pl\/index.php\/wp-json\/wp\/v2\/comments?post=12522"}],"wp:featuredmedia":[{"embeddable":true,"href":"https:\/\/www.bobooaza.pl\/index.php\/wp-json\/wp\/v2\/media\/12515"}],"wp:attachment":[{"href":"https:\/\/www.bobooaza.pl\/index.php\/wp-json\/wp\/v2\/media?parent=12522"}],"wp:term":[{"taxonomy":"product_brand","embeddable":true,"href":"https:\/\/www.bobooaza.pl\/index.php\/wp-json\/wp\/v2\/product_brand?post=12522"},{"taxonomy":"product_cat","embeddable":true,"href":"https:\/\/www.bobooaza.pl\/index.php\/wp-json\/wp\/v2\/product_cat?post=12522"},{"taxonomy":"product_tag","embeddable":true,"href":"https:\/\/www.bobooaza.pl\/index.php\/wp-json\/wp\/v2\/product_tag?post=12522"}],"curies":[{"name":"wp","href":"https:\/\/api.w.org\/{rel}","templated":true}]}}