{"id":12549,"date":"2026-01-23T16:08:15","date_gmt":"2026-01-23T15:08:15","guid":{"rendered":"https:\/\/www.bobooaza.pl\/index.php\/produkt\/milly-mally-5617-mata-piankowa-puzzle-jolly-4x4-shapes-pink-grey\/"},"modified":"2026-01-23T16:34:30","modified_gmt":"2026-01-23T15:34:30","slug":"milly-mally-5617-mata-piankowa-puzzle-jolly-4x4-shapes-pink-grey","status":"publish","type":"product","link":"https:\/\/www.bobooaza.pl\/index.php\/produkt\/milly-mally-5617-mata-piankowa-puzzle-jolly-4x4-shapes-pink-grey\/","title":{"rendered":"MILLY MALLY 5617 Mata piankowa puzzle Jolly 4&#215;4 Shapes &#8211; pink grey"},"content":{"rendered":"<p>Mata piankowa Jolly 4&#215;4 Shapes Pink Grey marki Milly Mally to po\u0142\u0105czenie zabawy, edukacji i bezpiecze\u0144stwa dla dzieci ju\u017c od 10. miesi\u0105ca \u017cycia. Wykonana z mi\u0119kkiej, wysokiej jako\u015bci pianki o grubo\u015bci 1,2 cm, sk\u0142ada si\u0119 z 36 puzzli, kt\u00f3re mo\u017cna \u0142\u0105czy\u0107 w r\u00f3\u017cnorodne konfiguracje \u2013 jako mat\u0119 p\u0142ask\u0105 lub z bandami, tworz\u0105c mini kojec. Wyjmowane elementy puzzli wspieraj\u0105 nauk\u0119 kolor\u00f3w i kszta\u0142t\u00f3w oraz rozwijaj\u0105 zdolno\u015bci manualne i wyobra\u017ani\u0119 dziecka.<\/p>\n<p>Mata Jolly zapewnia mi\u0119kk\u0105 i bezpieczn\u0105 powierzchni\u0119 do zabawy, skutecznie izoluj\u0105c od ch\u0142odnej i twardej pod\u0142ogi. Produkt jest wodoodporny, \u0142atwy w czyszczeniu i elastyczny, co pozwala na komfortow\u0105 zabaw\u0119 w domu. Dzi\u0119ki prze\u017aroczystej torbie mo\u017cna j\u0105 wygodnie zabra\u0107 w podr\u00f3\u017c lub na wizyt\u0119 u znajomych. Mata 5617 \u0142\u0105czy funkcjonalno\u015b\u0107 z atrakcyjnym designem i edukacyjn\u0105 warto\u015bci\u0105, umo\u017cliwiaj\u0105c dziecku kreatywn\u0105 zabaw\u0119 i rozw\u00f3j poprzez r\u00f3\u017cnorodne konstrukcje przestrzenne.<\/p>\n","protected":false},"excerpt":{"rendered":"<p>Mata piankowa Jolly 4&#215;4 Shapes Pink Grey marki Milly Mally to po\u0142\u0105czenie zabawy, edukacji i bezpiecze\u0144stwa dla dzieci ju\u017c od 10. miesi\u0105ca \u017cycia. Wykonana z mi\u0119kkiej, wysokiej jako\u015bci pianki o grubo\u015bci 1,2 cm, sk\u0142ada si\u0119 z 36 puzzli, kt\u00f3re mo\u017cna \u0142\u0105czy\u0107 w r\u00f3\u017cnorodne konfiguracje \u2013 jako mat\u0119 p\u0142ask\u0105 lub z bandami, tworz\u0105c mini kojec. Wyjmowane [&hellip;]<\/p>\n","protected":false},"featured_media":12541,"comment_status":"open","ping_status":"closed","template":"","meta":[],"product_brand":[],"product_cat":[146,160,61],"product_tag":[],"class_list":{"0":"post-12549","1":"product","2":"type-product","3":"status-publish","4":"has-post-thumbnail","6":"product_cat-maty","7":"product_cat-maty-piankowe","8":"product_cat-zabawki","10":"first","11":"outofstock","12":"taxable","13":"shipping-taxable","14":"purchasable","15":"product-type-simple"},"_links":{"self":[{"href":"https:\/\/www.bobooaza.pl\/index.php\/wp-json\/wp\/v2\/product\/12549","targetHints":{"allow":["GET"]}}],"collection":[{"href":"https:\/\/www.bobooaza.pl\/index.php\/wp-json\/wp\/v2\/product"}],"about":[{"href":"https:\/\/www.bobooaza.pl\/index.php\/wp-json\/wp\/v2\/types\/product"}],"replies":[{"embeddable":true,"href":"https:\/\/www.bobooaza.pl\/index.php\/wp-json\/wp\/v2\/comments?post=12549"}],"wp:featuredmedia":[{"embeddable":true,"href":"https:\/\/www.bobooaza.pl\/index.php\/wp-json\/wp\/v2\/media\/12541"}],"wp:attachment":[{"href":"https:\/\/www.bobooaza.pl\/index.php\/wp-json\/wp\/v2\/media?parent=12549"}],"wp:term":[{"taxonomy":"product_brand","embeddable":true,"href":"https:\/\/www.bobooaza.pl\/index.php\/wp-json\/wp\/v2\/product_brand?post=12549"},{"taxonomy":"product_cat","embeddable":true,"href":"https:\/\/www.bobooaza.pl\/index.php\/wp-json\/wp\/v2\/product_cat?post=12549"},{"taxonomy":"product_tag","embeddable":true,"href":"https:\/\/www.bobooaza.pl\/index.php\/wp-json\/wp\/v2\/product_tag?post=12549"}],"curies":[{"name":"wp","href":"https:\/\/api.w.org\/{rel}","templated":true}]}}