{"id":12557,"date":"2026-01-23T16:08:21","date_gmt":"2026-01-23T15:08:21","guid":{"rendered":"https:\/\/www.bobooaza.pl\/index.php\/produkt\/milly-mally-5618-mata-piankowa-puzzle-jolly-4x4-shapes-blue\/"},"modified":"2026-01-23T16:34:32","modified_gmt":"2026-01-23T15:34:32","slug":"milly-mally-5618-mata-piankowa-puzzle-jolly-4x4-shapes-blue","status":"publish","type":"product","link":"https:\/\/www.bobooaza.pl\/index.php\/produkt\/milly-mally-5618-mata-piankowa-puzzle-jolly-4x4-shapes-blue\/","title":{"rendered":"MILLY MALLY 5618 Mata piankowa puzzle Jolly 4&#215;4 Shapes &#8211; blue"},"content":{"rendered":"<p>Mata piankowa Jolly 4&#215;4 Shapes marki Milly Mally to po\u0142\u0105czenie edukacji, zabawy i bezpiecze\u0144stwa dla dzieci ju\u017c od 10. miesi\u0105ca \u017cycia. Wykonana z mi\u0119kkiej, wysokiej jako\u015bci pianki o grubo\u015bci 1,2 cm, sk\u0142ada si\u0119 z 36 puzzli, kt\u00f3re mo\u017cna \u0142\u0105czy\u0107 w r\u00f3\u017cnorodne konfiguracje \u2013 jako mat\u0119 p\u0142ask\u0105 lub z bandami, tworz\u0105c mini kojec. Wyjmowane kszta\u0142ty pozwalaj\u0105 na nauk\u0119 kolor\u00f3w i figur, rozwijaj\u0105 zdolno\u015bci manualne oraz wspieraj\u0105 wyobra\u017ani\u0119 i logiczne my\u015blenie dziecka.<\/p>\n<p>Mata Jolly zapewnia mi\u0119kk\u0105 i bezpieczn\u0105 powierzchni\u0119 do zabawy, skutecznie izoluj\u0105c od ch\u0142odnej i twardej pod\u0142ogi. Wodoodporna i \u0142atwa w czyszczeniu, doskonale sprawdza si\u0119 w domu, a dzi\u0119ki prze\u017aroczystej torbie mo\u017cna j\u0105 wygodnie zabra\u0107 w podr\u00f3\u017c. Produkt wyr\u00f3\u017cnia si\u0119 stonowan\u0105 kolorystyk\u0105, antypo\u015blizgow\u0105 powierzchni\u0105 oraz mo\u017cliwo\u015bci\u0105 tworzenia r\u00f3\u017cnorodnych konstrukcji, co czyni j\u0105 nie tylko mat\u0105 do zabawy, ale r\u00f3wnie\u017c praktycznym narz\u0119dziem edukacyjnym wspieraj\u0105cym rozw\u00f3j dziecka poprzez kreatywn\u0105 zabaw\u0119.<\/p>\n","protected":false},"excerpt":{"rendered":"<p>Mata piankowa Jolly 4&#215;4 Shapes marki Milly Mally to po\u0142\u0105czenie edukacji, zabawy i bezpiecze\u0144stwa dla dzieci ju\u017c od 10. miesi\u0105ca \u017cycia. Wykonana z mi\u0119kkiej, wysokiej jako\u015bci pianki o grubo\u015bci 1,2 cm, sk\u0142ada si\u0119 z 36 puzzli, kt\u00f3re mo\u017cna \u0142\u0105czy\u0107 w r\u00f3\u017cnorodne konfiguracje \u2013 jako mat\u0119 p\u0142ask\u0105 lub z bandami, tworz\u0105c mini kojec. Wyjmowane kszta\u0142ty pozwalaj\u0105 [&hellip;]<\/p>\n","protected":false},"featured_media":12550,"comment_status":"open","ping_status":"closed","template":"","meta":[],"product_brand":[],"product_cat":[146,160,61],"product_tag":[],"class_list":{"0":"post-12557","1":"product","2":"type-product","3":"status-publish","4":"has-post-thumbnail","6":"product_cat-maty","7":"product_cat-maty-piankowe","8":"product_cat-zabawki","10":"first","11":"outofstock","12":"taxable","13":"shipping-taxable","14":"purchasable","15":"product-type-simple"},"_links":{"self":[{"href":"https:\/\/www.bobooaza.pl\/index.php\/wp-json\/wp\/v2\/product\/12557","targetHints":{"allow":["GET"]}}],"collection":[{"href":"https:\/\/www.bobooaza.pl\/index.php\/wp-json\/wp\/v2\/product"}],"about":[{"href":"https:\/\/www.bobooaza.pl\/index.php\/wp-json\/wp\/v2\/types\/product"}],"replies":[{"embeddable":true,"href":"https:\/\/www.bobooaza.pl\/index.php\/wp-json\/wp\/v2\/comments?post=12557"}],"wp:featuredmedia":[{"embeddable":true,"href":"https:\/\/www.bobooaza.pl\/index.php\/wp-json\/wp\/v2\/media\/12550"}],"wp:attachment":[{"href":"https:\/\/www.bobooaza.pl\/index.php\/wp-json\/wp\/v2\/media?parent=12557"}],"wp:term":[{"taxonomy":"product_brand","embeddable":true,"href":"https:\/\/www.bobooaza.pl\/index.php\/wp-json\/wp\/v2\/product_brand?post=12557"},{"taxonomy":"product_cat","embeddable":true,"href":"https:\/\/www.bobooaza.pl\/index.php\/wp-json\/wp\/v2\/product_cat?post=12557"},{"taxonomy":"product_tag","embeddable":true,"href":"https:\/\/www.bobooaza.pl\/index.php\/wp-json\/wp\/v2\/product_tag?post=12557"}],"curies":[{"name":"wp","href":"https:\/\/api.w.org\/{rel}","templated":true}]}}