{"id":12562,"date":"2026-01-23T16:15:03","date_gmt":"2026-01-23T15:15:03","guid":{"rendered":"https:\/\/www.bobooaza.pl\/index.php\/produkt\/b-o-1480-edukacyjna-mata-piankowa-xpe-180x200-cm\/"},"modified":"2026-01-23T16:34:34","modified_gmt":"2026-01-23T15:34:34","slug":"b-o-1480-edukacyjna-mata-piankowa-xpe-180x200-cm","status":"publish","type":"product","link":"https:\/\/www.bobooaza.pl\/index.php\/produkt\/b-o-1480-edukacyjna-mata-piankowa-xpe-180x200-cm\/","title":{"rendered":"B.O.1480 Edukacyjna mata piankowa XPE 180&#215;200 cm"},"content":{"rendered":"<p>Edukacyjna mata piankowa XPE 180&#215;200 cm od Babyono to produkt przeznaczony do zabawy i nauki dla dzieci. Wykonana jest z lekkiej i trwa\u0142ej pianki polietylenowej XPE, ca\u0142kowicie bezpiecznej dla maluch\u00f3w. Mata jest dwustronna i sk\u0142adana, a ka\u017cda strona prezentuje kolorowe wzory i tekstury, kt\u00f3re wspieraj\u0105 rozw\u00f3j zmys\u0142\u00f3w wzroku i dotyku oraz motoryki dziecka. Zawiera obrazki zwierz\u0105t, litery, cyfry i kszta\u0142ty, stymuluj\u0105c kreatywno\u015b\u0107 i wyobra\u017ani\u0119. Jej grubo\u015b\u0107 1 cm amortyzuje ewentualne upadki, a antypo\u015blizgowa powierzchnia sprawia, \u017ce jest bezpieczna przy raczkowaniu, chodzeniu czy odpoczynku. Mata jest wodoodporna i \u0142atwa w czyszczeniu, a mo\u017cliwo\u015b\u0107 z\u0142o\u017cenia pozwala na wygodne przechowywanie i transport<\/p>\n","protected":false},"excerpt":{"rendered":"<p>Edukacyjna mata piankowa XPE 180&#215;200 cm od Babyono to produkt przeznaczony do zabawy i nauki dla dzieci. Wykonana jest z lekkiej i trwa\u0142ej pianki polietylenowej XPE, ca\u0142kowicie bezpiecznej dla maluch\u00f3w. Mata jest dwustronna i sk\u0142adana, a ka\u017cda strona prezentuje kolorowe wzory i tekstury, kt\u00f3re wspieraj\u0105 rozw\u00f3j zmys\u0142\u00f3w wzroku i dotyku oraz motoryki dziecka. Zawiera obrazki [&hellip;]<\/p>\n","protected":false},"featured_media":12558,"comment_status":"open","ping_status":"closed","template":"","meta":[],"product_brand":[],"product_cat":[146,160,61],"product_tag":[],"class_list":{"0":"post-12562","1":"product","2":"type-product","3":"status-publish","4":"has-post-thumbnail","6":"product_cat-maty","7":"product_cat-maty-piankowe","8":"product_cat-zabawki","10":"first","11":"instock","12":"taxable","13":"shipping-taxable","14":"purchasable","15":"product-type-simple"},"_links":{"self":[{"href":"https:\/\/www.bobooaza.pl\/index.php\/wp-json\/wp\/v2\/product\/12562","targetHints":{"allow":["GET"]}}],"collection":[{"href":"https:\/\/www.bobooaza.pl\/index.php\/wp-json\/wp\/v2\/product"}],"about":[{"href":"https:\/\/www.bobooaza.pl\/index.php\/wp-json\/wp\/v2\/types\/product"}],"replies":[{"embeddable":true,"href":"https:\/\/www.bobooaza.pl\/index.php\/wp-json\/wp\/v2\/comments?post=12562"}],"wp:featuredmedia":[{"embeddable":true,"href":"https:\/\/www.bobooaza.pl\/index.php\/wp-json\/wp\/v2\/media\/12558"}],"wp:attachment":[{"href":"https:\/\/www.bobooaza.pl\/index.php\/wp-json\/wp\/v2\/media?parent=12562"}],"wp:term":[{"taxonomy":"product_brand","embeddable":true,"href":"https:\/\/www.bobooaza.pl\/index.php\/wp-json\/wp\/v2\/product_brand?post=12562"},{"taxonomy":"product_cat","embeddable":true,"href":"https:\/\/www.bobooaza.pl\/index.php\/wp-json\/wp\/v2\/product_cat?post=12562"},{"taxonomy":"product_tag","embeddable":true,"href":"https:\/\/www.bobooaza.pl\/index.php\/wp-json\/wp\/v2\/product_tag?post=12562"}],"curies":[{"name":"wp","href":"https:\/\/api.w.org\/{rel}","templated":true}]}}