{"id":12579,"date":"2026-01-23T16:15:23","date_gmt":"2026-01-23T15:15:23","guid":{"rendered":"https:\/\/www.bobooaza.pl\/index.php\/produkt\/b-o-1576-edukacyjna-mata-piankowa-xpe-150x200cm\/"},"modified":"2026-01-23T16:34:39","modified_gmt":"2026-01-23T15:34:39","slug":"b-o-1576-edukacyjna-mata-piankowa-xpe-150x200cm","status":"publish","type":"product","link":"https:\/\/www.bobooaza.pl\/index.php\/produkt\/b-o-1576-edukacyjna-mata-piankowa-xpe-150x200cm\/","title":{"rendered":"B.O.1576 Edukacyjna mata piankowa XPE 150x200cm"},"content":{"rendered":"<p>Edukacyjna mata piankowa XPE o wymiarach 150 \u00d7 200 cm to idealne miejsce do zabawy i nauki dla najm\u0142odszych. Wykonana z lekkiego i trwa\u0142ego materia\u0142u XPE, jest bezpieczna, komfortowa i \u0142atwa do utrzymania w czysto\u015bci \u2013 wystarczy przetrze\u0107 j\u0105 wilgotn\u0105 szmatk\u0105. Dwustronna i sk\u0142adana mata zawiera kolorowe obrazki zwierz\u0105t, litery, cyfry i kszta\u0142ty, kt\u00f3re wspieraj\u0105 rozw\u00f3j wzroku, dotyku oraz zdolno\u015bci motorycznych dziecka. R\u00f3\u017cnorodne tekstury i wzory stymuluj\u0105 zmys\u0142y i zach\u0119caj\u0105 do aktywno\u015bci, a du\u017ca powierzchnia pozwala na wygodne zabawy w pokoju lub na pod\u0142odze. Mata piankowa B.O.1576 \u0142\u0105czy atrakcyjny wygl\u0105d z funkcjonalno\u015bci\u0105, zapewniaj\u0105c dziecku bezpieczne i edukacyjne miejsce do zabawy.<\/p>\n","protected":false},"excerpt":{"rendered":"<p>Edukacyjna mata piankowa XPE o wymiarach 150 \u00d7 200 cm to idealne miejsce do zabawy i nauki dla najm\u0142odszych. Wykonana z lekkiego i trwa\u0142ego materia\u0142u XPE, jest bezpieczna, komfortowa i \u0142atwa do utrzymania w czysto\u015bci \u2013 wystarczy przetrze\u0107 j\u0105 wilgotn\u0105 szmatk\u0105. Dwustronna i sk\u0142adana mata zawiera kolorowe obrazki zwierz\u0105t, litery, cyfry i kszta\u0142ty, kt\u00f3re wspieraj\u0105 [&hellip;]<\/p>\n","protected":false},"featured_media":12574,"comment_status":"open","ping_status":"closed","template":"","meta":[],"product_brand":[],"product_cat":[146,160,61],"product_tag":[],"class_list":{"0":"post-12579","1":"product","2":"type-product","3":"status-publish","4":"has-post-thumbnail","6":"product_cat-maty","7":"product_cat-maty-piankowe","8":"product_cat-zabawki","10":"first","11":"instock","12":"taxable","13":"shipping-taxable","14":"purchasable","15":"product-type-simple"},"_links":{"self":[{"href":"https:\/\/www.bobooaza.pl\/index.php\/wp-json\/wp\/v2\/product\/12579","targetHints":{"allow":["GET"]}}],"collection":[{"href":"https:\/\/www.bobooaza.pl\/index.php\/wp-json\/wp\/v2\/product"}],"about":[{"href":"https:\/\/www.bobooaza.pl\/index.php\/wp-json\/wp\/v2\/types\/product"}],"replies":[{"embeddable":true,"href":"https:\/\/www.bobooaza.pl\/index.php\/wp-json\/wp\/v2\/comments?post=12579"}],"wp:featuredmedia":[{"embeddable":true,"href":"https:\/\/www.bobooaza.pl\/index.php\/wp-json\/wp\/v2\/media\/12574"}],"wp:attachment":[{"href":"https:\/\/www.bobooaza.pl\/index.php\/wp-json\/wp\/v2\/media?parent=12579"}],"wp:term":[{"taxonomy":"product_brand","embeddable":true,"href":"https:\/\/www.bobooaza.pl\/index.php\/wp-json\/wp\/v2\/product_brand?post=12579"},{"taxonomy":"product_cat","embeddable":true,"href":"https:\/\/www.bobooaza.pl\/index.php\/wp-json\/wp\/v2\/product_cat?post=12579"},{"taxonomy":"product_tag","embeddable":true,"href":"https:\/\/www.bobooaza.pl\/index.php\/wp-json\/wp\/v2\/product_tag?post=12579"}],"curies":[{"name":"wp","href":"https:\/\/api.w.org\/{rel}","templated":true}]}}