{"id":12584,"date":"2026-01-23T16:20:51","date_gmt":"2026-01-23T15:20:51","guid":{"rendered":"https:\/\/www.bobooaza.pl\/index.php\/produkt\/milly-mally-6432-mata-piankowa-skladana-play-circus-and-travel-t1\/"},"modified":"2026-01-23T16:34:40","modified_gmt":"2026-01-23T15:34:40","slug":"milly-mally-6432-mata-piankowa-skladana-play-circus-and-travel-t1","status":"publish","type":"product","link":"https:\/\/www.bobooaza.pl\/index.php\/produkt\/milly-mally-6432-mata-piankowa-skladana-play-circus-and-travel-t1\/","title":{"rendered":"MILLY MALLY 6432 Mata piankowa sk\u0142adana Play Circus and Travel T1"},"content":{"rendered":"<p>Milly Mally 6432 Mata piankowa sk\u0142adana Play Circus and Travel T1 to dwustronna mata piankowa zapewniaj\u0105ca komfort i bezpiecze\u0144stwo dziecka podczas zabawy, raczkowania i nauki chodzenia. W\u0142a\u015bciwo\u015bci antypo\u015blizgowe i antyalergiczne gwarantuj\u0105 bezpiecze\u0144stwo, a ciekawy nadruk sprawia, \u017ce mata pasuje do ka\u017cdego pokoju, dla ch\u0142opca i dziewczynki. Doskonale izoluje od ch\u0142odnej pod\u0142ogi, jest wodoodporna i \u0142atwa w czyszczeniu. Du\u017ca elastyczno\u015b\u0107 amortyzuje ewentualne upadki. Mo\u017cna jej u\u017cywa\u0107 r\u00f3wnie\u017c na zewn\u0105trz, a dzi\u0119ki torbie z suwakiem \u0142atwo zabra\u0107 j\u0105 w podr\u00f3\u017c.<\/p>\n<p>Mata jest lekka i solidna, wykonana z pianki XPE, nie zawiera formamidu, ftalan\u00f3w, PVC ani Bisfenolu A i jest obj\u0119ta roczn\u0105 gwarancj\u0105 producenta.<\/p>\n<p>Dane techniczne: grubo\u015b\u0107 1 cm, d\u0142ugo\u015b\u0107 197 cm, szeroko\u015b\u0107 177 cm, waga 1,1 kg.<\/p>\n","protected":false},"excerpt":{"rendered":"<p>Milly Mally 6432 Mata piankowa sk\u0142adana Play Circus and Travel T1 to dwustronna mata piankowa zapewniaj\u0105ca komfort i bezpiecze\u0144stwo dziecka podczas zabawy, raczkowania i nauki chodzenia. W\u0142a\u015bciwo\u015bci antypo\u015blizgowe i antyalergiczne gwarantuj\u0105 bezpiecze\u0144stwo, a ciekawy nadruk sprawia, \u017ce mata pasuje do ka\u017cdego pokoju, dla ch\u0142opca i dziewczynki. Doskonale izoluje od ch\u0142odnej pod\u0142ogi, jest wodoodporna i \u0142atwa [&hellip;]<\/p>\n","protected":false},"featured_media":12580,"comment_status":"open","ping_status":"closed","template":"","meta":[],"product_brand":[],"product_cat":[146,160,61],"product_tag":[],"class_list":{"0":"post-12584","1":"product","2":"type-product","3":"status-publish","4":"has-post-thumbnail","6":"product_cat-maty","7":"product_cat-maty-piankowe","8":"product_cat-zabawki","10":"first","11":"instock","12":"taxable","13":"shipping-taxable","14":"purchasable","15":"product-type-simple"},"_links":{"self":[{"href":"https:\/\/www.bobooaza.pl\/index.php\/wp-json\/wp\/v2\/product\/12584","targetHints":{"allow":["GET"]}}],"collection":[{"href":"https:\/\/www.bobooaza.pl\/index.php\/wp-json\/wp\/v2\/product"}],"about":[{"href":"https:\/\/www.bobooaza.pl\/index.php\/wp-json\/wp\/v2\/types\/product"}],"replies":[{"embeddable":true,"href":"https:\/\/www.bobooaza.pl\/index.php\/wp-json\/wp\/v2\/comments?post=12584"}],"wp:featuredmedia":[{"embeddable":true,"href":"https:\/\/www.bobooaza.pl\/index.php\/wp-json\/wp\/v2\/media\/12580"}],"wp:attachment":[{"href":"https:\/\/www.bobooaza.pl\/index.php\/wp-json\/wp\/v2\/media?parent=12584"}],"wp:term":[{"taxonomy":"product_brand","embeddable":true,"href":"https:\/\/www.bobooaza.pl\/index.php\/wp-json\/wp\/v2\/product_brand?post=12584"},{"taxonomy":"product_cat","embeddable":true,"href":"https:\/\/www.bobooaza.pl\/index.php\/wp-json\/wp\/v2\/product_cat?post=12584"},{"taxonomy":"product_tag","embeddable":true,"href":"https:\/\/www.bobooaza.pl\/index.php\/wp-json\/wp\/v2\/product_tag?post=12584"}],"curies":[{"name":"wp","href":"https:\/\/api.w.org\/{rel}","templated":true}]}}